{"id":52772,"date":"2019-04-23T17:28:49","date_gmt":"2019-04-23T15:28:49","guid":{"rendered":"http:\/\/www.mirsa.es.mialias.net\/timeless-riva-1920\/"},"modified":"2021-03-16T12:18:11","modified_gmt":"2021-03-16T12:18:11","slug":"timeless-riva-1920","status":"publish","type":"page","link":"https:\/\/www.mirsa.es\/ca\/timeless-riva-1920\/","title":{"rendered":"Timeless Riva 1920"},"content":{"rendered":"<div class=\"wpb-content-wrapper\"><p>[vc_row][vc_column][vc_column_text]<\/p>\n<p><img decoding=\"async\" class=\"wp-image-1077 size-large aligncenter\" title=\"Timeless Riva 1920\" src=\"\/wp-content\/uploads\/2020\/07\/timeless_riva_1920.jpg\" alt=\"Timeless - Riva 1920\" width=\"100%\" height=\"400\" \/><\/p>\n<h2 style=\"font-size: 16px; text-align: left;\"><strong>Timeless \u00e9s la nova col\u00b7lecci\u00f3 m\u00e9s exclusiva i distingida de la firma italiana Riva 1920. Una espectacular taula d\u2019edici\u00f3 limitada que neix fruit del treball conjunt entre algunes de les marques m\u00e9s luxoses del m\u00f3n.<\/strong><\/h2>\n<p style=\"font-size: 16px; text-align: left;\">Es tracta d\u2019una pe\u00e7a de disseny \u00fanica, on es combinen materials d\u2019alta gamma com el marbre, l\u2019acer inoxidable o l\u2019exclusiva fusta de Kauri, que aporten a la taula una est\u00e8tica elegant i refinada.<\/p>\n<p style=\"font-size: 16px; text-align: left;\">Timeless neix fruit del treball dels millors dissenyadors del m\u00f3n, com el reconegut Helidon Xhixha, encarregat de l\u2019execuci\u00f3 de l\u2019espectacular base escult\u00f2rica de marbre i acer inoxidable de la taula.<\/p>\n<p style=\"font-size: 16px; text-align: left;\">El taulell de Timeless, com no podia ser d\u2019una altra manera ha estat elaborat a partir de fusta de Kauri d\u2019alta qualitat, extreta de con\u00edferes mil\u00b7len\u00e0ries provinents de Nova Zelanda amb m\u00e9s de 30.000 anys.<\/p>\n<p style=\"font-size: 16px; text-align: left;\">La pe\u00e7a incorpora en el seu taulell un exclusiu i innovador rellotge fabricat per la prestigiosa firma La Vall\u00e9e, que es el resultat de diversos anys d\u2019investigaci\u00f3 i desenvolupament. El mecanisme amb el que est\u00e1 equipat, que incorpora un calendari perpetu mai vist fins ara, representa una aut\u00e8ntica revoluci\u00f3.<\/p>\n<p style=\"font-size: 16px; text-align: left;\">A MIRSA interiorisme &#038; mobiliari som distribu\u00efdors oficials Riva 1920. Per a m\u00e9s informaci\u00f3, visiti el nostre Showroom o contacti amb nosaltres.\n<\/p>\n<p>[\/vc_column_text][vc_row_inner][vc_column_inner]<style type=\"text\/css\">#bklyn_btn_69f62f2f965fb .bklyn-btn { color:#ffffff !important; background-color:black !important; }<\/style><div id=\"bklyn_btn_69f62f2f965fb\" class=\"bklyn-btn-holder  bklyn-btn-center bklyn-btn-tablet-center bklyn-btn-mobile-center\"><a title=\"Contacto\"   href=\"\/contacto\" target=\"_self\" class=\"bklyn-btn  bklyn-btn-icon-left bklyn-btn-normal\" ><i class=\"fa fa-envelope\"><\/i><span class=\"ut-btn-text\">M\u00e9s informaci\u00f3<\/span><\/a><\/div>[\/vc_column_inner][\/vc_row_inner][\/vc_column][\/vc_row]<\/p>\n<\/div>","protected":false},"excerpt":{"rendered":"<p>[vc_row][vc_column][vc_column_text] Timeless \u00e9s la nova col\u00b7lecci\u00f3 m\u00e9s exclusiva i distingida de la firma italiana Riva 1920. Una espectacular taula d\u2019edici\u00f3 limitada que neix fruit del treball conjunt entre algunes de les marques m\u00e9s luxoses del m\u00f3n. Es tracta d\u2019una pe\u00e7a de disseny \u00fanica, on es combinen materials d\u2019alta gamma com el marbre, l\u2019acer inoxidable o [&hellip;]<\/p>\n","protected":false},"author":1,"featured_media":0,"parent":0,"menu_order":0,"comment_status":"closed","ping_status":"closed","template":"","meta":{"footnotes":""},"class_list":["post-52772","page","type-page","status-publish","hentry"],"aioseo_notices":[],"_links":{"self":[{"href":"https:\/\/www.mirsa.es\/ca\/wp-json\/wp\/v2\/pages\/52772","targetHints":{"allow":["GET"]}}],"collection":[{"href":"https:\/\/www.mirsa.es\/ca\/wp-json\/wp\/v2\/pages"}],"about":[{"href":"https:\/\/www.mirsa.es\/ca\/wp-json\/wp\/v2\/types\/page"}],"author":[{"embeddable":true,"href":"https:\/\/www.mirsa.es\/ca\/wp-json\/wp\/v2\/users\/1"}],"replies":[{"embeddable":true,"href":"https:\/\/www.mirsa.es\/ca\/wp-json\/wp\/v2\/comments?post=52772"}],"version-history":[{"count":0,"href":"https:\/\/www.mirsa.es\/ca\/wp-json\/wp\/v2\/pages\/52772\/revisions"}],"wp:attachment":[{"href":"https:\/\/www.mirsa.es\/ca\/wp-json\/wp\/v2\/media?parent=52772"}],"curies":[{"name":"wp","href":"https:\/\/api.w.org\/{rel}","templated":true}]}}