{"id":52751,"date":"2018-10-26T10:39:32","date_gmt":"2018-10-26T08:39:32","guid":{"rendered":"http:\/\/www.mirsa.es.mialias.net\/tienda-de-muebles-en-torredembarra\/"},"modified":"2022-04-27T15:45:15","modified_gmt":"2022-04-27T15:45:15","slug":"tienda-de-muebles-en-torredembarra","status":"publish","type":"page","link":"https:\/\/www.mirsa.es\/ca\/tienda-de-muebles-en-torredembarra\/","title":{"rendered":"Botiga de mobles a Torredembarra"},"content":{"rendered":"<div class=\"wpb-content-wrapper\"><p>[vc_section][vc_row][vc_column]<div  class=\"wpb_content_element   clearfix\"><style type=\"text\/css\">#ut_am_69d7630848013 { opacity: 1; }#ut_am_wrap_69d7630848014 { text-align: center; }@media (min-width: 768px) and (max-width: 1024px) { #ut_am_wrap_69d7630848014 { text-align: center !important; } }@media (max-width: 767px) { #ut_am_wrap_69d7630848014 { text-align: center !important; } }<\/style><div id=\"ut_am_wrap_69d7630848014\" class=\"ut-image-gallery-image \"><div id=\"ut_reveal_69d7630848015\"  data-appear-top-offset=\"auto\" class=\"ut-animated-image-item ut-image-gallery-item ut-animation-done \"><a class=\"ut-deactivated-link\" href=\"#\"><div class=\"ut-animated-image-zoom\">\r\n        <div class=\"ut-element-glitch-wrap\">\r\n\r\n            \r\n        <style type=\"text\/css\">\r\n\r\n                        \r\n        @media (min-width: 1025px) {\r\n\r\n        #ut-element-glitch-69d7630848054884253949-59321 .ut-glitch-single-element {\r\n                                            \r\n                }\r\n        }\r\n\r\n        @media (min-width: 768px) and (max-width: 1024px) {\r\n\r\n        #ut-element-glitch-69d7630848054884253949-59321 .ut-glitch-single-element {\r\n                                                \r\n                    }\r\n        }\r\n\r\n        @media (max-width: 767px) {\r\n\r\n        #ut-element-glitch-69d7630848054884253949-59321 .ut-glitch-single-element {\r\n                                                \r\n                    }\r\n        }\r\n\r\n        \r\n        <\/style>\r\n\r\n        \r\n            <div id=\"ut-element-glitch-69d7630848054884253949-59321\" class=\" ut-element-glitch ut-glitch-none ut-element-glitch-permanent\">\r\n                <div class=\"ut-glitch-single-element ut-lozad skip-lazy\" data-background-image=\"https:\/\/www.mirsa.es\/wp-content\/uploads\/2021\/09\/mirsa_showroom.jpg\"><\/div>\r\n                <div class=\"ut-glitch-single-element ut-lozad skip-lazy\" data-background-image=\"https:\/\/www.mirsa.es\/wp-content\/uploads\/2021\/09\/mirsa_showroom.jpg\"><\/div>\r\n                <div class=\"ut-glitch-single-element ut-lozad skip-lazy\" data-background-image=\"https:\/\/www.mirsa.es\/wp-content\/uploads\/2021\/09\/mirsa_showroom.jpg\"><\/div>\r\n                <div class=\"ut-glitch-single-element ut-lozad skip-lazy\" data-background-image=\"https:\/\/www.mirsa.es\/wp-content\/uploads\/2021\/09\/mirsa_showroom.jpg\"><\/div>\r\n                <div class=\"ut-glitch-single-element ut-lozad skip-lazy\" data-background-image=\"https:\/\/www.mirsa.es\/wp-content\/uploads\/2021\/09\/mirsa_showroom.jpg\"><\/div>\r\n            <\/div>\r\n\r\n        <\/div>\r\n\r\n        <img loading=\"lazy\" decoding=\"async\" class=\"ut-lazy skip-lazy ut-animated-image \"  id=\"ut_am_69d7630848013\" src=\"data:image\/svg+xml;charset=utf-8,%3Csvg xmlns%3D'http%3A%2F%2Fwww.w3.org%2F2000%2Fsvg' viewBox%3D'0 0 1047 600'%2F%3E\" data-src=\"https:\/\/www.mirsa.es\/wp-content\/uploads\/2021\/09\/mirsa_showroom.jpg\" width=\"1047\" height=\"600\" alt=\"\"\/><\/div><\/a><\/div><\/div><\/div>[vc_column_text]<\/p>\n<p style=\"font-size: 16px; text-align: left;\"><strong><\/p>\n<h2 style=\"font-size: 16px;\">MIRSA \u00e9s una espectacular botiga de mobles situada a pocs kil\u00f2metres de Torredembarra, amb m\u00e9s de 3.000m2 d\u2019exposici\u00f3.<\/h2>\n<p style=\"font-size: 16px; text-align: left;\">Al nostre Showroom disposem d\u2019una selecci\u00f3 de les millors firmes internacionals de mobiliari, exposades sota el concepte de \u201cShop in Shop\u201d.<\/p>\n<p style=\"font-size: 16px; text-align: left;\">B&#038;B Italia, Porada, Maxalto, Arketipo, Ligne Roset\u2026 Treballem amb m\u00e9s de 150 firmes de mobiliari contemporani d\u2019alta gamma.<\/p>\n<p style=\"font-size: 16px; text-align: left;\">Som especialistes en la realitzaci\u00f3 de projectes d\u2019interiorisme i arquitectura a la zona de Torredembarra. Creem espais funcionals i acollidors, buscant sempre la millor soluci\u00f3 pels nostres clients.<\/p>\n<p style=\"font-size: 16px; text-align: left;\">Una llarga traject\u00f2ria de m\u00e9s de 55 anys i m\u00e9s de 10.000 projectes ens avalen. Per a m\u00e9s informaci\u00f3, visiti el nostre Showroom o contacti amb nosaltres.<\/p>\n<p>[\/vc_column_text][vc_row_inner][vc_column_inner]<style type=\"text\/css\">#bklyn_btn_69d763084812e .bklyn-btn { color:#ffffff !important; border-color:#ffffff !important; border-width:1px !important; background-color:rgba(0, 0, 0, 0.93) !important; }#bklyn_btn_69d763084812e a.bklyn-btn { font-weight:600 !important; }#bklyn_btn_69d763084812e.bklyn-btn-header a.bklyn-btn { font-weight:600 !important; }#bklyn_btn_69d763084812e.bklyn-btn-header a.bklyn-btn span { font-weight:600 !important; }#bklyn_btn_69d763084812e a.bklyn-btn { font-family:inherit !important; }#bklyn_btn_69d763084812e a i:before { font-size:12px; }#bklyn_btn_69d763084812e.bklyn-btn-holder a { margin-top:-px }<\/style><div id=\"bklyn_btn_69d763084812e\" class=\"bklyn-btn-holder  bklyn-btn-center bklyn-btn-tablet-center bklyn-btn-mobile-center\"><a title=\"C\u00f3mo llegar\"   href=\"https:\/\/g.page\/mirsa-mobles?share\" target=\"_blank\" class=\"bklyn-btn  bklyn-btn-outline bklyn-btn-icon-left bklyn-btn-small\" ><i class=\"fa fa-map-marker\"><\/i><span class=\"ut-btn-text\">Com arribar<\/span><\/a><\/div><style type=\"text\/css\">#bklyn_btn_69d763084818b .bklyn-btn { color:#ffffff !important; border-color:#ffffff !important; border-width:1px !important; background-color:rgba(0, 0, 0, 0.93) !important; }#bklyn_btn_69d763084818b a.bklyn-btn { font-weight:600 !important; }#bklyn_btn_69d763084818b.bklyn-btn-header a.bklyn-btn { font-weight:600 !important; }#bklyn_btn_69d763084818b.bklyn-btn-header a.bklyn-btn span { font-weight:600 !important; }#bklyn_btn_69d763084818b a.bklyn-btn { font-family:inherit !important; }#bklyn_btn_69d763084818b a i:before { font-size:12px; }#bklyn_btn_69d763084818b.bklyn-btn-holder a { margin-top:-px }<\/style><div id=\"bklyn_btn_69d763084818b\" class=\"bklyn-btn-holder  bklyn-btn-center bklyn-btn-tablet-center bklyn-btn-mobile-center\"><a title=\"Contacto\"   href=\"\/contacte-con-nosotros\/\" target=\"_self\" class=\"bklyn-btn  bklyn-btn-outline bklyn-btn-icon-left bklyn-btn-small\" ><i class=\"fa fa-envelope-o\"><\/i><span class=\"ut-btn-text\">M\u00e9s informaci\u00f3<\/span><\/a><\/div>[\/vc_column_inner][\/vc_row_inner][\/vc_column][\/vc_row][\/vc_section]<\/p>\n<\/div>","protected":false},"excerpt":{"rendered":"<p>[vc_section][vc_row][vc_column][vc_column_text] MIRSA \u00e9s una espectacular botiga de mobles situada a pocs kil\u00f2metres de Torredembarra, amb m\u00e9s de 3.000m2 d\u2019exposici\u00f3. Al nostre Showroom disposem d\u2019una selecci\u00f3 de les millors firmes internacionals de mobiliari, exposades sota el concepte de \u201cShop in Shop\u201d. B&#038;B Italia, Porada, Maxalto, Arketipo, Ligne Roset\u2026 Treballem amb m\u00e9s de 150 firmes de mobiliari [&hellip;]<\/p>\n","protected":false},"author":1,"featured_media":0,"parent":0,"menu_order":0,"comment_status":"closed","ping_status":"closed","template":"","meta":{"footnotes":""},"class_list":["post-52751","page","type-page","status-publish","hentry"],"aioseo_notices":[],"_links":{"self":[{"href":"https:\/\/www.mirsa.es\/ca\/wp-json\/wp\/v2\/pages\/52751","targetHints":{"allow":["GET"]}}],"collection":[{"href":"https:\/\/www.mirsa.es\/ca\/wp-json\/wp\/v2\/pages"}],"about":[{"href":"https:\/\/www.mirsa.es\/ca\/wp-json\/wp\/v2\/types\/page"}],"author":[{"embeddable":true,"href":"https:\/\/www.mirsa.es\/ca\/wp-json\/wp\/v2\/users\/1"}],"replies":[{"embeddable":true,"href":"https:\/\/www.mirsa.es\/ca\/wp-json\/wp\/v2\/comments?post=52751"}],"version-history":[{"count":0,"href":"https:\/\/www.mirsa.es\/ca\/wp-json\/wp\/v2\/pages\/52751\/revisions"}],"wp:attachment":[{"href":"https:\/\/www.mirsa.es\/ca\/wp-json\/wp\/v2\/media?parent=52751"}],"curies":[{"name":"wp","href":"https:\/\/api.w.org\/{rel}","templated":true}]}}