{"id":52738,"date":"2019-07-19T10:27:55","date_gmt":"2019-07-19T08:27:55","guid":{"rendered":"http:\/\/www.mirsa.es.mialias.net\/tienda-de-muebles-en-castelldefels\/"},"modified":"2026-01-29T08:07:26","modified_gmt":"2026-01-29T08:07:26","slug":"tienda-de-muebles-en-castelldefels","status":"publish","type":"page","link":"https:\/\/www.mirsa.es\/ca\/tienda-de-muebles-en-castelldefels\/","title":{"rendered":"Botiga de mobles a Castelldefels"},"content":{"rendered":"<div class=\"wpb-content-wrapper\"><p>[vc_section][vc_row][vc_column]<div  class=\"wpb_content_element   clearfix\"><style type=\"text\/css\">#ut_am_69fe221ad41ea { opacity: 1; }#ut_am_wrap_69fe221ad41eb { text-align: center; }@media (min-width: 768px) and (max-width: 1024px) { #ut_am_wrap_69fe221ad41eb { text-align: center !important; } }@media (max-width: 767px) { #ut_am_wrap_69fe221ad41eb { text-align: center !important; } }<\/style><div id=\"ut_am_wrap_69fe221ad41eb\" class=\"ut-image-gallery-image \"><div id=\"ut_reveal_69fe221ad41ec\"  data-appear-top-offset=\"auto\" class=\"ut-animated-image-item ut-image-gallery-item ut-animation-done \"><a class=\"ut-deactivated-link\" href=\"#\"><div class=\"ut-animated-image-zoom\">\r\n        <div class=\"ut-element-glitch-wrap\">\r\n\r\n            \r\n        <style type=\"text\/css\">\r\n\r\n                        \r\n        @media (min-width: 1025px) {\r\n\r\n        #ut-element-glitch-69fe221ad4217030945905-88951 .ut-glitch-single-element {\r\n                                            \r\n                }\r\n        }\r\n\r\n        @media (min-width: 768px) and (max-width: 1024px) {\r\n\r\n        #ut-element-glitch-69fe221ad4217030945905-88951 .ut-glitch-single-element {\r\n                                                \r\n                    }\r\n        }\r\n\r\n        @media (max-width: 767px) {\r\n\r\n        #ut-element-glitch-69fe221ad4217030945905-88951 .ut-glitch-single-element {\r\n                                                \r\n                    }\r\n        }\r\n\r\n        \r\n        <\/style>\r\n\r\n        \r\n            <div id=\"ut-element-glitch-69fe221ad4217030945905-88951\" class=\" ut-element-glitch ut-glitch-none ut-element-glitch-permanent\">\r\n                <div class=\"ut-glitch-single-element ut-lozad skip-lazy\" data-background-image=\"https:\/\/www.mirsa.es\/wp-content\/uploads\/2026\/01\/tienda_muebles_sitges.jpg\"><\/div>\r\n                <div class=\"ut-glitch-single-element ut-lozad skip-lazy\" data-background-image=\"https:\/\/www.mirsa.es\/wp-content\/uploads\/2026\/01\/tienda_muebles_sitges.jpg\"><\/div>\r\n                <div class=\"ut-glitch-single-element ut-lozad skip-lazy\" data-background-image=\"https:\/\/www.mirsa.es\/wp-content\/uploads\/2026\/01\/tienda_muebles_sitges.jpg\"><\/div>\r\n                <div class=\"ut-glitch-single-element ut-lozad skip-lazy\" data-background-image=\"https:\/\/www.mirsa.es\/wp-content\/uploads\/2026\/01\/tienda_muebles_sitges.jpg\"><\/div>\r\n                <div class=\"ut-glitch-single-element ut-lozad skip-lazy\" data-background-image=\"https:\/\/www.mirsa.es\/wp-content\/uploads\/2026\/01\/tienda_muebles_sitges.jpg\"><\/div>\r\n            <\/div>\r\n\r\n        <\/div>\r\n\r\n        <img loading=\"lazy\" decoding=\"async\" class=\"ut-lazy skip-lazy ut-animated-image \"  id=\"ut_am_69fe221ad41ea\" src=\"data:image\/svg+xml;charset=utf-8,%3Csvg xmlns%3D'http%3A%2F%2Fwww.w3.org%2F2000%2Fsvg' viewBox%3D'0 0 1047 600'%2F%3E\" data-src=\"https:\/\/www.mirsa.es\/wp-content\/uploads\/2026\/01\/tienda_muebles_sitges.jpg\" width=\"1047\" height=\"600\" alt=\"\"\/><\/div><\/a><\/div><\/div><\/div>[vc_column_text]<\/p>\n<p style=\"font-size: 16px; text-align: left;\"><strong><\/p>\n<h2 style=\"font-size: 16px;\">M\u00e9s de 3000m2 d\u2019exposici\u00f3 a pocs kil\u00f3metres de Castelldefels. Les millors firmes internacionals de mobiliari.<\/h2>\n<p><\/strong><\/p>\n<p style=\"font-size: 16px; text-align: left;\">Al nostre espectacular Showroom podr\u00e0 trobar una selecci\u00f3 de les millors col\u00b7leccions de mobiliari, firmades per alguns dels dissenyadors m\u00e9s prestigiosos del moment.<\/p>\n<p style=\"font-size: 16px; text-align: left;\">Treballem amb m\u00e9s de 150 firmes de prestigi internacional, entre les que destaquen B&#038;B Italia, Molteni &#038; C, Ligne Roset, Arketipo, Dedon o Gandia Blasco.<\/p>\n<p style=\"font-size: 16px; text-align: left;\">El nostre equip d\u2019interioristes est\u00e0 especialitzat en la realitzaci\u00f3 de projectes d\u2019interiorisme i disseny a Castelldefels i tota l\u2019\u00e0rea metropolitana de Barcelona i Tarragona.<\/p>\n<p style=\"font-size: 16px; text-align: left;\">Des de 1960, treballem per a oferir als nostres clients mobiliari de qualitat i les millors solucions arquitect\u00f2niques per a la seva llar. Per a m\u00e9s informaci\u00f3, visiti el nostre Showroom o contacti amb nosaltres.<\/p>\n<p>[\/vc_column_text][vc_row_inner][vc_column_inner]<style type=\"text\/css\">#bklyn_btn_69fe221ad42a6 .bklyn-btn { color:#ffffff !important; border-color:#ffffff !important; border-width:1px !important; background-color:rgba(0, 0, 0, 0.93) !important; }#bklyn_btn_69fe221ad42a6 a.bklyn-btn { font-weight:600 !important; }#bklyn_btn_69fe221ad42a6.bklyn-btn-header a.bklyn-btn { font-weight:600 !important; }#bklyn_btn_69fe221ad42a6.bklyn-btn-header a.bklyn-btn span { font-weight:600 !important; }#bklyn_btn_69fe221ad42a6 a.bklyn-btn { font-family:inherit !important; }#bklyn_btn_69fe221ad42a6 a i:before { font-size:12px; }#bklyn_btn_69fe221ad42a6.bklyn-btn-holder a { margin-top:-px }<\/style><div id=\"bklyn_btn_69fe221ad42a6\" class=\"bklyn-btn-holder  bklyn-btn-center bklyn-btn-tablet-center bklyn-btn-mobile-center\"><a title=\"C\u00f3mo llegar\"   href=\"https:\/\/g.page\/mirsa-mobles?share\" target=\"_blank\" class=\"bklyn-btn  bklyn-btn-outline bklyn-btn-icon-left bklyn-btn-small\" ><i class=\"fa fa-map-marker\"><\/i><span class=\"ut-btn-text\">Com arribar<\/span><\/a><\/div><style type=\"text\/css\">#bklyn_btn_69fe221ad4301 .bklyn-btn { color:#ffffff !important; border-color:#ffffff !important; border-width:1px !important; background-color:rgba(0, 0, 0, 0.93) !important; }#bklyn_btn_69fe221ad4301 a.bklyn-btn { font-weight:600 !important; }#bklyn_btn_69fe221ad4301.bklyn-btn-header a.bklyn-btn { font-weight:600 !important; }#bklyn_btn_69fe221ad4301.bklyn-btn-header a.bklyn-btn span { font-weight:600 !important; }#bklyn_btn_69fe221ad4301 a.bklyn-btn { font-family:inherit !important; }#bklyn_btn_69fe221ad4301 a i:before { font-size:12px; }#bklyn_btn_69fe221ad4301.bklyn-btn-holder a { margin-top:-px }<\/style><div id=\"bklyn_btn_69fe221ad4301\" class=\"bklyn-btn-holder  bklyn-btn-center bklyn-btn-tablet-center bklyn-btn-mobile-center\"><a title=\"Contacto\"   href=\"\/contacte-con-nosotros\/\" target=\"_self\" class=\"bklyn-btn  bklyn-btn-outline bklyn-btn-icon-left bklyn-btn-small\" ><i class=\"fa fa-envelope-o\"><\/i><span class=\"ut-btn-text\">M\u00e9s informaci\u00f3<\/span><\/a><\/div>[\/vc_column_inner][\/vc_row_inner][\/vc_column][\/vc_row][\/vc_section]<\/p>\n<\/div>","protected":false},"excerpt":{"rendered":"<p>[vc_section][vc_row][vc_column][vc_column_text] M\u00e9s de 3000m2 d\u2019exposici\u00f3 a pocs kil\u00f3metres de Castelldefels. Les millors firmes internacionals de mobiliari. Al nostre espectacular Showroom podr\u00e0 trobar una selecci\u00f3 de les millors col\u00b7leccions de mobiliari, firmades per alguns dels dissenyadors m\u00e9s prestigiosos del moment. Treballem amb m\u00e9s de 150 firmes de prestigi internacional, entre les que destaquen B&#038;B Italia, Molteni [&hellip;]<\/p>\n","protected":false},"author":1,"featured_media":0,"parent":0,"menu_order":0,"comment_status":"closed","ping_status":"closed","template":"","meta":{"footnotes":""},"class_list":["post-52738","page","type-page","status-publish","hentry"],"aioseo_notices":[],"_links":{"self":[{"href":"https:\/\/www.mirsa.es\/ca\/wp-json\/wp\/v2\/pages\/52738","targetHints":{"allow":["GET"]}}],"collection":[{"href":"https:\/\/www.mirsa.es\/ca\/wp-json\/wp\/v2\/pages"}],"about":[{"href":"https:\/\/www.mirsa.es\/ca\/wp-json\/wp\/v2\/types\/page"}],"author":[{"embeddable":true,"href":"https:\/\/www.mirsa.es\/ca\/wp-json\/wp\/v2\/users\/1"}],"replies":[{"embeddable":true,"href":"https:\/\/www.mirsa.es\/ca\/wp-json\/wp\/v2\/comments?post=52738"}],"version-history":[{"count":0,"href":"https:\/\/www.mirsa.es\/ca\/wp-json\/wp\/v2\/pages\/52738\/revisions"}],"wp:attachment":[{"href":"https:\/\/www.mirsa.es\/ca\/wp-json\/wp\/v2\/media?parent=52738"}],"curies":[{"name":"wp","href":"https:\/\/api.w.org\/{rel}","templated":true}]}}