{"id":52723,"date":"2019-02-22T13:07:12","date_gmt":"2019-02-22T12:07:12","guid":{"rendered":"http:\/\/www.mirsa.es.mialias.net\/tienda-muebles-altafulla\/"},"modified":"2022-04-27T15:37:30","modified_gmt":"2022-04-27T15:37:30","slug":"tienda-muebles-altafulla","status":"publish","type":"page","link":"https:\/\/www.mirsa.es\/ca\/tienda-muebles-altafulla\/","title":{"rendered":"Botiga de mobles a Altafulla"},"content":{"rendered":"<div class=\"wpb-content-wrapper\"><p>[vc_section][vc_row][vc_column]<div  class=\"wpb_content_element   clearfix\"><style type=\"text\/css\">#ut_am_69d083f579479 { opacity: 1; }#ut_am_wrap_69d083f57947a { text-align: center; }@media (min-width: 768px) and (max-width: 1024px) { #ut_am_wrap_69d083f57947a { text-align: center !important; } }@media (max-width: 767px) { #ut_am_wrap_69d083f57947a { text-align: center !important; } }<\/style><div id=\"ut_am_wrap_69d083f57947a\" class=\"ut-image-gallery-image \"><div id=\"ut_reveal_69d083f57947b\"  data-appear-top-offset=\"auto\" class=\"ut-animated-image-item ut-image-gallery-item ut-animation-done \"><a class=\"ut-deactivated-link\" href=\"#\"><div class=\"ut-animated-image-zoom\">\r\n        <div class=\"ut-element-glitch-wrap\">\r\n\r\n            \r\n        <style type=\"text\/css\">\r\n\r\n                        \r\n        @media (min-width: 1025px) {\r\n\r\n        #ut-element-glitch-69d083f5794b6012798436-59321 .ut-glitch-single-element {\r\n                                            \r\n                }\r\n        }\r\n\r\n        @media (min-width: 768px) and (max-width: 1024px) {\r\n\r\n        #ut-element-glitch-69d083f5794b6012798436-59321 .ut-glitch-single-element {\r\n                                                \r\n                    }\r\n        }\r\n\r\n        @media (max-width: 767px) {\r\n\r\n        #ut-element-glitch-69d083f5794b6012798436-59321 .ut-glitch-single-element {\r\n                                                \r\n                    }\r\n        }\r\n\r\n        \r\n        <\/style>\r\n\r\n        \r\n            <div id=\"ut-element-glitch-69d083f5794b6012798436-59321\" class=\" ut-element-glitch ut-glitch-none ut-element-glitch-permanent\">\r\n                <div class=\"ut-glitch-single-element ut-lozad skip-lazy\" data-background-image=\"https:\/\/www.mirsa.es\/wp-content\/uploads\/2021\/09\/mirsa_showroom.jpg\"><\/div>\r\n                <div class=\"ut-glitch-single-element ut-lozad skip-lazy\" data-background-image=\"https:\/\/www.mirsa.es\/wp-content\/uploads\/2021\/09\/mirsa_showroom.jpg\"><\/div>\r\n                <div class=\"ut-glitch-single-element ut-lozad skip-lazy\" data-background-image=\"https:\/\/www.mirsa.es\/wp-content\/uploads\/2021\/09\/mirsa_showroom.jpg\"><\/div>\r\n                <div class=\"ut-glitch-single-element ut-lozad skip-lazy\" data-background-image=\"https:\/\/www.mirsa.es\/wp-content\/uploads\/2021\/09\/mirsa_showroom.jpg\"><\/div>\r\n                <div class=\"ut-glitch-single-element ut-lozad skip-lazy\" data-background-image=\"https:\/\/www.mirsa.es\/wp-content\/uploads\/2021\/09\/mirsa_showroom.jpg\"><\/div>\r\n            <\/div>\r\n\r\n        <\/div>\r\n\r\n        <img loading=\"lazy\" decoding=\"async\" class=\"ut-lazy skip-lazy ut-animated-image \"  id=\"ut_am_69d083f579479\" src=\"data:image\/svg+xml;charset=utf-8,%3Csvg xmlns%3D'http%3A%2F%2Fwww.w3.org%2F2000%2Fsvg' viewBox%3D'0 0 1047 600'%2F%3E\" data-src=\"https:\/\/www.mirsa.es\/wp-content\/uploads\/2021\/09\/mirsa_showroom.jpg\" width=\"1047\" height=\"600\" alt=\"\"\/><\/div><\/a><\/div><\/div><\/div>[vc_column_text]<\/p>\n<h2 style=\"font-size: 16px;\">El nostre Showroom, situat a pocs kil\u00f2metres d&#8217;Altafulla, disposa de m\u00e9s de 3.000m2 d&#8217;exposici\u00f3 distribu\u00efts en tres plantes.<\/h2>\n<p>&nbsp;<\/p>\n<p style=\"font-size: 16px; text-align: left;\">Treballem am les firmes de mobiliari m\u00e9s exclusives, oferint solucions personalitzades i a mida per a qualsevol projecte.<\/p>\n<p style=\"font-size: 16px; text-align: left;\">El nostre equip d&#8217;interioristes est\u00e0 especialitzat en la creaci\u00f3 d&#8217;espais acollidors i funcionals per a la llar, grantint sempre la millor soluci\u00f3 i adapt\u00e0nt-se als gustos del client.<\/p>\n<p style=\"font-size: 16px; text-align: left;\">M\u00e9s de 60 anys de traject\u00f2ria i un gran nombre de projectes a Altafulla i tota la prov\u00edncia de Tarragona ens avalen. Per a m\u00e9s informaci\u00f3, visiti el nostre Showroom o contacti amb nosaltres.<\/p>\n<p>[\/vc_column_text][vc_row_inner][vc_column_inner]<style type=\"text\/css\">#bklyn_btn_69d083f579568 .bklyn-btn { color:#ffffff !important; border-color:#ffffff !important; border-width:1px !important; background-color:rgba(0, 0, 0, 0.93) !important; }#bklyn_btn_69d083f579568 a.bklyn-btn { font-weight:600 !important; }#bklyn_btn_69d083f579568.bklyn-btn-header a.bklyn-btn { font-weight:600 !important; }#bklyn_btn_69d083f579568.bklyn-btn-header a.bklyn-btn span { font-weight:600 !important; }#bklyn_btn_69d083f579568 a.bklyn-btn { font-family:inherit !important; }#bklyn_btn_69d083f579568 a i:before { font-size:12px; }#bklyn_btn_69d083f579568.bklyn-btn-holder a { margin-top:-px }<\/style><div id=\"bklyn_btn_69d083f579568\" class=\"bklyn-btn-holder  bklyn-btn-center bklyn-btn-tablet-center bklyn-btn-mobile-center\"><a title=\"C\u00f3mo llegar\"   href=\"https:\/\/g.page\/mirsa-mobles?share\" target=\"_blank\" class=\"bklyn-btn  bklyn-btn-outline bklyn-btn-icon-left bklyn-btn-small\" ><i class=\"fa fa-map-marker\"><\/i><span class=\"ut-btn-text\">Com arribar<\/span><\/a><\/div><style type=\"text\/css\">#bklyn_btn_69d083f5795db .bklyn-btn { color:#ffffff !important; border-color:#ffffff !important; border-width:1px !important; background-color:rgba(0, 0, 0, 0.93) !important; }#bklyn_btn_69d083f5795db a.bklyn-btn { font-weight:600 !important; }#bklyn_btn_69d083f5795db.bklyn-btn-header a.bklyn-btn { font-weight:600 !important; }#bklyn_btn_69d083f5795db.bklyn-btn-header a.bklyn-btn span { font-weight:600 !important; }#bklyn_btn_69d083f5795db a.bklyn-btn { font-family:inherit !important; }#bklyn_btn_69d083f5795db a i:before { font-size:12px; }#bklyn_btn_69d083f5795db.bklyn-btn-holder a { margin-top:-px }<\/style><div id=\"bklyn_btn_69d083f5795db\" class=\"bklyn-btn-holder  bklyn-btn-center bklyn-btn-tablet-center bklyn-btn-mobile-center\"><a title=\"Contacto\"   href=\"\/contacte-con-nosotros\/\" target=\"_self\" class=\"bklyn-btn  bklyn-btn-outline bklyn-btn-icon-left bklyn-btn-small\" ><i class=\"fa fa-envelope-o\"><\/i><span class=\"ut-btn-text\">M\u00e9s informaci\u00f3<\/span><\/a><\/div>[\/vc_column_inner][\/vc_row_inner][\/vc_column][\/vc_row][\/vc_section]<\/p>\n<\/div>","protected":false},"excerpt":{"rendered":"<p>[vc_section][vc_row][vc_column][vc_column_text] El nostre Showroom, situat a pocs kil\u00f2metres d&#8217;Altafulla, disposa de m\u00e9s de 3.000m2 d&#8217;exposici\u00f3 distribu\u00efts en tres plantes. &nbsp; Treballem am les firmes de mobiliari m\u00e9s exclusives, oferint solucions personalitzades i a mida per a qualsevol projecte. El nostre equip d&#8217;interioristes est\u00e0 especialitzat en la creaci\u00f3 d&#8217;espais acollidors i funcionals per a la llar, [&hellip;]<\/p>\n","protected":false},"author":1,"featured_media":0,"parent":0,"menu_order":0,"comment_status":"closed","ping_status":"closed","template":"","meta":{"footnotes":""},"class_list":["post-52723","page","type-page","status-publish","hentry"],"aioseo_notices":[],"_links":{"self":[{"href":"https:\/\/www.mirsa.es\/ca\/wp-json\/wp\/v2\/pages\/52723","targetHints":{"allow":["GET"]}}],"collection":[{"href":"https:\/\/www.mirsa.es\/ca\/wp-json\/wp\/v2\/pages"}],"about":[{"href":"https:\/\/www.mirsa.es\/ca\/wp-json\/wp\/v2\/types\/page"}],"author":[{"embeddable":true,"href":"https:\/\/www.mirsa.es\/ca\/wp-json\/wp\/v2\/users\/1"}],"replies":[{"embeddable":true,"href":"https:\/\/www.mirsa.es\/ca\/wp-json\/wp\/v2\/comments?post=52723"}],"version-history":[{"count":0,"href":"https:\/\/www.mirsa.es\/ca\/wp-json\/wp\/v2\/pages\/52723\/revisions"}],"wp:attachment":[{"href":"https:\/\/www.mirsa.es\/ca\/wp-json\/wp\/v2\/media?parent=52723"}],"curies":[{"name":"wp","href":"https:\/\/api.w.org\/{rel}","templated":true}]}}