{"id":52680,"date":"2019-04-27T10:32:28","date_gmt":"2019-04-27T08:32:28","guid":{"rendered":"http:\/\/www.mirsa.es.mialias.net\/terzani-iluminacion\/"},"modified":"2024-05-23T09:57:10","modified_gmt":"2024-05-23T09:57:10","slug":"terzani-iluminacion","status":"publish","type":"page","link":"https:\/\/www.mirsa.es\/ca\/terzani-iluminacion\/","title":{"rendered":"Terzani Il\u00b7luminaci\u00f3"},"content":{"rendered":"<div class=\"wpb-content-wrapper\"><p>[vc_row css=&#8221;.vc_custom_1583596731269{margin-left: -50px !important;}&#8221;][vc_column][vc_column_text]<a style=\"color:black;\" href=\"javascript:history.go(-1)\" onmouseover=\"self.status=document.referrer;return true\">Enrere<\/a>[\/vc_column_text][\/vc_column][\/vc_row][vc_row][vc_column][vc_column_text]<br \/>\n<img decoding=\"async\" class=\"wp-image-1077 size-large aligncenter\" title=\"Terzani Il\u00b7luminaci\u00f3\" src=\"\/wp-content\/uploads\/2020\/06\/terzani_iluminacion.jpg\" alt=\"Terzani Il\u00b7luminaci\u00f3\" width=\"100%\" height=\"400\" \/><\/p>\n<h2 style=\"font-size: 16px; text-align: left;\"><strong>Terzani es una reconeguda firma italiana dedicada a la producci\u00f3 i distribuci\u00f3 de productes d\u2019il\u00b7luminaci\u00f3 d\u2019alta gamma.<\/strong><\/h2>\n<p style=\"font-size: 16px; text-align: left;\">Gr\u00e0cies a la seva experimentaci\u00f3 constant amb nous m\u00e8todes i a la gran qualitat de totes les seves col\u00b7leccions, la marca s\u2019ha consolidat com un referent internacional al m\u00f3n de la il\u00b7luminaci\u00f3 i el disseny.<\/p>\n<p style=\"font-size: 16px; text-align: left;\">Les seves col\u00b7leccions marquen la difer\u00e8ncia gr\u00e0cies al seu disseny escultural i a la seva perfecta combinaci\u00f3 entre llums, ombres i moviment.<\/p>\n<p style=\"font-size: 16px; text-align: left;\">A MIRSA interiorisme &amp; mobiliari som distribu\u00efdors oficials Terzani. Per a m\u00e9s informaci\u00f3, visiti el nostre Showroom o contacti amb nosaltres.<\/p>\n<p>[\/vc_column_text][\/vc_column][\/vc_row][vc_section][vc_row full_width=&#8221;stretch_row_content&#8221;][vc_column][vc_column_text]<iframe id=\"embedded-ads-iframe-website\" width=\"100%\" height=\"600\" data-originsrc=\"https:\/\/mirsa.daloom.com\/es\/productos\/iluminacion-de-interiores\/brand_terzani\"><\/iframe><br \/>\n<script defer src=\"https:\/\/mirsa.daloom.com\/js\/parent-embedded-script.min.js\"><\/script>[\/vc_column_text][\/vc_column][\/vc_row][\/vc_section]<\/p>\n<\/div>","protected":false},"excerpt":{"rendered":"<p>[vc_row css=&#8221;.vc_custom_1583596731269{margin-left: -50px !important;}&#8221;][vc_column][vc_column_text]Enrere[\/vc_column_text][\/vc_column][\/vc_row][vc_row][vc_column][vc_column_text] Terzani es una reconeguda firma italiana dedicada a la producci\u00f3 i distribuci\u00f3 de productes d\u2019il\u00b7luminaci\u00f3 d\u2019alta gamma. Gr\u00e0cies a la seva experimentaci\u00f3 constant amb nous m\u00e8todes i a la gran qualitat de totes les seves col\u00b7leccions, la marca s\u2019ha consolidat com un referent internacional al m\u00f3n de la il\u00b7luminaci\u00f3 i el [&hellip;]<\/p>\n","protected":false},"author":1,"featured_media":0,"parent":0,"menu_order":0,"comment_status":"closed","ping_status":"closed","template":"","meta":{"footnotes":""},"class_list":["post-52680","page","type-page","status-publish","hentry"],"aioseo_notices":[],"_links":{"self":[{"href":"https:\/\/www.mirsa.es\/ca\/wp-json\/wp\/v2\/pages\/52680","targetHints":{"allow":["GET"]}}],"collection":[{"href":"https:\/\/www.mirsa.es\/ca\/wp-json\/wp\/v2\/pages"}],"about":[{"href":"https:\/\/www.mirsa.es\/ca\/wp-json\/wp\/v2\/types\/page"}],"author":[{"embeddable":true,"href":"https:\/\/www.mirsa.es\/ca\/wp-json\/wp\/v2\/users\/1"}],"replies":[{"embeddable":true,"href":"https:\/\/www.mirsa.es\/ca\/wp-json\/wp\/v2\/comments?post=52680"}],"version-history":[{"count":0,"href":"https:\/\/www.mirsa.es\/ca\/wp-json\/wp\/v2\/pages\/52680\/revisions"}],"wp:attachment":[{"href":"https:\/\/www.mirsa.es\/ca\/wp-json\/wp\/v2\/media?parent=52680"}],"curies":[{"name":"wp","href":"https:\/\/api.w.org\/{rel}","templated":true}]}}