{"id":52671,"date":"2018-04-17T19:28:51","date_gmt":"2018-04-17T17:28:51","guid":{"rendered":"http:\/\/www.mirsa.es.mialias.net\/telas-alcantara\/"},"modified":"2024-05-21T10:14:16","modified_gmt":"2024-05-21T10:14:16","slug":"telas-alcantara","status":"publish","type":"page","link":"https:\/\/www.mirsa.es\/ca\/telas-alcantara\/","title":{"rendered":"Teixits Alcantara"},"content":{"rendered":"<div class=\"wpb-content-wrapper\"><p>[vc_row css=&#8221;.vc_custom_1583596731269{margin-left: -50px !important;}&#8221;][vc_column][vc_column_text]<a href=\"javascript:history.go(-1)\" onmouseover=\"self.status=document.referrer;return true\" style=\"color: black;\">Enrere<\/a>[\/vc_column_text][\/vc_column][\/vc_row][vc_row][vc_column][vc_column_text]<br \/>\n<img decoding=\"async\" class=\"wp-image-1077 size-large aligncenter\" title=\"Teixits Alcantara\" src=\"\/wp-content\/uploads\/2020\/05\/telas_alcantara_portada.jpg&quot;\" alt=\"Teixits Alcantara\" width=\"100%\" height=\"400\" \/><\/p>\n<h2 style=\"font-size: 16px; text-align: left;\"><strong>Alcantara \u00e9s una prestigiosa firma italiana dedicada a la fabricaci\u00f3 i distribuci\u00f3 de teles i teixits de disseny.<\/strong><\/h2>\n<p style=\"font-size: 16px; text-align: left;\">La firma \u00e9s reconeguda internacionalment per les seves col\u00b7laboracions amb altres marques dedicades al luxe, en sectors com la moda, el disseny interior, iots, l\u2019automoci\u00f3 o l\u2019aviaci\u00f3.<\/p>\n<p style=\"font-size: 16px; text-align: left;\">Els materials utilitzats en la producci\u00f3 de les seves teles i teixits \u00e9s garantia de qualitat i excel\u00b7l\u00e8ncia italiana. Alcantara es caracteritza per la seva producci\u00f3 ecol\u00f2gica i sostenible evitant activitats nocives pel medi ambient a les seves f\u00e0briques i tallers.<\/p>\n<p style=\"font-size: 16px; text-align: left;\">A MIRSA interiorisme &#038; mobiliari som distribu\u00efdors oficials Alcantara. Per a m\u00e9s informaci\u00f3, visiti la nostra exposici\u00f3 o contacti amb nosaltres.<\/p>\n<p>[\/vc_column_text][\/vc_column][\/vc_row]<\/p>\n<\/div>","protected":false},"excerpt":{"rendered":"<p>[vc_row css=&#8221;.vc_custom_1583596731269{margin-left: -50px !important;}&#8221;][vc_column][vc_column_text]Enrere[\/vc_column_text][\/vc_column][\/vc_row][vc_row][vc_column][vc_column_text] Alcantara \u00e9s una prestigiosa firma italiana dedicada a la fabricaci\u00f3 i distribuci\u00f3 de teles i teixits de disseny. La firma \u00e9s reconeguda internacionalment per les seves col\u00b7laboracions amb altres marques dedicades al luxe, en sectors com la moda, el disseny interior, iots, l\u2019automoci\u00f3 o l\u2019aviaci\u00f3. Els materials utilitzats en la producci\u00f3 [&hellip;]<\/p>\n","protected":false},"author":1,"featured_media":0,"parent":0,"menu_order":0,"comment_status":"closed","ping_status":"closed","template":"","meta":{"footnotes":""},"class_list":["post-52671","page","type-page","status-publish","hentry"],"aioseo_notices":[],"_links":{"self":[{"href":"https:\/\/www.mirsa.es\/ca\/wp-json\/wp\/v2\/pages\/52671","targetHints":{"allow":["GET"]}}],"collection":[{"href":"https:\/\/www.mirsa.es\/ca\/wp-json\/wp\/v2\/pages"}],"about":[{"href":"https:\/\/www.mirsa.es\/ca\/wp-json\/wp\/v2\/types\/page"}],"author":[{"embeddable":true,"href":"https:\/\/www.mirsa.es\/ca\/wp-json\/wp\/v2\/users\/1"}],"replies":[{"embeddable":true,"href":"https:\/\/www.mirsa.es\/ca\/wp-json\/wp\/v2\/comments?post=52671"}],"version-history":[{"count":0,"href":"https:\/\/www.mirsa.es\/ca\/wp-json\/wp\/v2\/pages\/52671\/revisions"}],"wp:attachment":[{"href":"https:\/\/www.mirsa.es\/ca\/wp-json\/wp\/v2\/media?parent=52671"}],"curies":[{"name":"wp","href":"https:\/\/api.w.org\/{rel}","templated":true}]}}