{"id":52643,"date":"2019-06-19T18:34:26","date_gmt":"2019-06-19T16:34:26","guid":{"rendered":"http:\/\/www.mirsa.es.mialias.net\/tamok-night-3-porada\/"},"modified":"2021-03-12T18:19:54","modified_gmt":"2021-03-12T18:19:54","slug":"tamok-night-3-porada","status":"publish","type":"page","link":"https:\/\/www.mirsa.es\/ca\/tamok-night-3-porada\/","title":{"rendered":"Tamok Night 3 Porada"},"content":{"rendered":"<div class=\"wpb-content-wrapper\"><p>[vc_row][vc_column][vc_column_text]<\/p>\n<p><img decoding=\"async\" class=\"wp-image-1077 size-large aligncenter\" title=\"Tamok Night 3 Porada\" src=\"\/wp-content\/uploads\/2020\/08\/tamok_night_3_porada.jpg\" alt=\"Tamok 3 Porada\" width=\"100%\" height=\"400\" \/><\/p>\n<h2 style=\"font-size: 16px; text-align: left;\"><strong>Tamok Night 3 \u00e9s una elegant i exclusiva calaixera d\u2019estil contemporani dissenyada pels reconeguts germans G. &#038; O Buratti per a la firma italiana Porada.<\/strong><\/h2>\n<p style=\"font-size: 16px; text-align: left;\">La pe\u00e7a es presenta amb una estructura amb fusta massissa de noguera i disposa de tres calaixos. El sobre de Tamok Night 3 est\u00e0 disponible en fusta, marbre o pedra.<\/p>\n<p style=\"font-size: 16px; text-align: left;\">Es tracta d\u2019una col\u00b7lecci\u00f3 exclusiva i refinada, que encaixa a la perfecci\u00f3 en qualsevol tipus d\u2019espai gr\u00e0cies a la seva versatilitat.<\/p>\n<p style=\"font-size: 16px; text-align: left;\">A MIRSA interiorisme &#038; mobiliari som distribu\u00efdors oficials Porada. Per a m\u00e9s informaci\u00f3, visiti el nostre Showroom o contacti amb nosaltres.\n<\/p>\n<p>[\/vc_column_text][vc_row_inner][vc_column_inner]<style type=\"text\/css\">#bklyn_btn_69d1c535ca7fc .bklyn-btn { color:#ffffff !important; background-color:black !important; }<\/style><div id=\"bklyn_btn_69d1c535ca7fc\" class=\"bklyn-btn-holder  bklyn-btn-center bklyn-btn-tablet-center bklyn-btn-mobile-center\"><a title=\"Contacto\"   href=\"\/contacto\" target=\"_self\" class=\"bklyn-btn  bklyn-btn-icon-left bklyn-btn-normal\" ><i class=\"fa fa-envelope\"><\/i><span class=\"ut-btn-text\">M\u00e9s informaci\u00f3<\/span><\/a><\/div>[\/vc_column_inner][\/vc_row_inner][\/vc_column][\/vc_row]<\/p>\n<\/div>","protected":false},"excerpt":{"rendered":"<p>[vc_row][vc_column][vc_column_text] Tamok Night 3 \u00e9s una elegant i exclusiva calaixera d\u2019estil contemporani dissenyada pels reconeguts germans G. &#038; O Buratti per a la firma italiana Porada. La pe\u00e7a es presenta amb una estructura amb fusta massissa de noguera i disposa de tres calaixos. El sobre de Tamok Night 3 est\u00e0 disponible en fusta, marbre o [&hellip;]<\/p>\n","protected":false},"author":1,"featured_media":0,"parent":0,"menu_order":0,"comment_status":"closed","ping_status":"closed","template":"","meta":{"footnotes":""},"class_list":["post-52643","page","type-page","status-publish","hentry"],"aioseo_notices":[],"_links":{"self":[{"href":"https:\/\/www.mirsa.es\/ca\/wp-json\/wp\/v2\/pages\/52643","targetHints":{"allow":["GET"]}}],"collection":[{"href":"https:\/\/www.mirsa.es\/ca\/wp-json\/wp\/v2\/pages"}],"about":[{"href":"https:\/\/www.mirsa.es\/ca\/wp-json\/wp\/v2\/types\/page"}],"author":[{"embeddable":true,"href":"https:\/\/www.mirsa.es\/ca\/wp-json\/wp\/v2\/users\/1"}],"replies":[{"embeddable":true,"href":"https:\/\/www.mirsa.es\/ca\/wp-json\/wp\/v2\/comments?post=52643"}],"version-history":[{"count":0,"href":"https:\/\/www.mirsa.es\/ca\/wp-json\/wp\/v2\/pages\/52643\/revisions"}],"wp:attachment":[{"href":"https:\/\/www.mirsa.es\/ca\/wp-json\/wp\/v2\/media?parent=52643"}],"curies":[{"name":"wp","href":"https:\/\/api.w.org\/{rel}","templated":true}]}}