{"id":52624,"date":"2019-02-05T19:56:15","date_gmt":"2019-02-05T18:56:15","guid":{"rendered":"http:\/\/www.mirsa.es.mialias.net\/talenti-muebles-exterior\/"},"modified":"2024-05-23T09:08:42","modified_gmt":"2024-05-23T09:08:42","slug":"talenti-muebles-exterior","status":"publish","type":"page","link":"https:\/\/www.mirsa.es\/ca\/talenti-muebles-exterior\/","title":{"rendered":"Talenti mobles d&#8217; exterior"},"content":{"rendered":"<div class=\"wpb-content-wrapper\"><p>[vc_row css=&#8221;.vc_custom_1583596731269{margin-left: -50px !important;}&#8221;][vc_column][vc_column_text]<a style=\"color: black;\">Enrere<\/a>[\/vc_column_text][\/vc_column][\/vc_row][vc_row][vc_column][vc_column_text]<br \/>\n<img decoding=\"async\" class=\"wp-image-1077 size-large aligncenter\" title=\"Talenti Muebles de exterior\" src=\"\/wp-content\/uploads\/2020\/06\/talenti_muebles_exterior.jpg\" alt=\"Talenti Muebles de exterior\" width=\"100%\" height=\"400\" \/><\/p>\n<h2 style=\"font-size: 16px; text-align: left;\"><strong>Talenti \u00e9s una prestigiosa firma italiana especialitzada en la fabricaci\u00f3 i distribuci\u00f3 de mobiliari d\u2019exterior d\u2019alta gamma.<br \/>\n<\/strong><\/h2>\n<p style=\"font-size: 16px; text-align: left;\">La hist\u00f2ria de la firma comen\u00e7a al 2004 quan Fabrizio Cameli, despr\u00e9s de treballar durant anys en un petit negoci familiar va decidir fer realitat el seu somni i crear la seva pr\u00f2pia marca de mobiliari d\u2019exterior.<\/p>\n<p style=\"font-size: 16px; text-align: left;\">Gr\u00e0cies a l\u2019experi\u00e8ncia adquirida en el tractament del marbre durant la seva etapa professional anterior, la firma de Cameli s\u2019especialitza en la producci\u00f3 de mobiliari de jard\u00ed d\u2019estil contemporani d\u2019alta gamma.<\/p>\n<p style=\"font-size: 16px; text-align: left;\">En pocs anys Talenti es converteix en un referent del m\u00f3n del disseny, en part gr\u00e0cies a l\u2019aportaci\u00f3 de grans dissenyadors de prestigi internacional com Karim Rashid, Ramon Esteve o Ludovica + Roberto Palomba.<\/p>\n<p style=\"font-size: 16px; text-align: left;\">A MIRSA interiorisme &amp; mobiliari disposem d\u2019una extensa col\u00b7lecci\u00f3 de mobles Talenti. Per a m\u00e9s informaci\u00f3, visiti el nostre Showroom o contacti amb nosaltres.<\/p>\n<p>[\/vc_column_text][\/vc_column][\/vc_row][vc_section][vc_row full_width=&#8221;stretch_row_content_no_spaces&#8221;][vc_column][vc_column_text]<iframe id=\"embedded-ads-iframe-website\" width=\"100%\" height=\"600\" data-originsrc=\"https:\/\/mirsa.daloom.com\/es\/productos\/jardin\/brand_talenti\"><\/iframe><br \/>\n<script defer src=\"https:\/\/mirsa.daloom.com\/js\/parent-embedded-script.min.js\"><\/script>[\/vc_column_text][\/vc_column][\/vc_row][\/vc_section]<\/p>\n<\/div>","protected":false},"excerpt":{"rendered":"<p>[vc_row css=&#8221;.vc_custom_1583596731269{margin-left: -50px !important;}&#8221;][vc_column][vc_column_text]Enrere[\/vc_column_text][\/vc_column][\/vc_row][vc_row][vc_column][vc_column_text] Talenti \u00e9s una prestigiosa firma italiana especialitzada en la fabricaci\u00f3 i distribuci\u00f3 de mobiliari d\u2019exterior d\u2019alta gamma. La hist\u00f2ria de la firma comen\u00e7a al 2004 quan Fabrizio Cameli, despr\u00e9s de treballar durant anys en un petit negoci familiar va decidir fer realitat el seu somni i crear la seva pr\u00f2pia marca [&hellip;]<\/p>\n","protected":false},"author":1,"featured_media":0,"parent":0,"menu_order":0,"comment_status":"closed","ping_status":"closed","template":"","meta":{"footnotes":""},"class_list":["post-52624","page","type-page","status-publish","hentry"],"aioseo_notices":[],"_links":{"self":[{"href":"https:\/\/www.mirsa.es\/ca\/wp-json\/wp\/v2\/pages\/52624","targetHints":{"allow":["GET"]}}],"collection":[{"href":"https:\/\/www.mirsa.es\/ca\/wp-json\/wp\/v2\/pages"}],"about":[{"href":"https:\/\/www.mirsa.es\/ca\/wp-json\/wp\/v2\/types\/page"}],"author":[{"embeddable":true,"href":"https:\/\/www.mirsa.es\/ca\/wp-json\/wp\/v2\/users\/1"}],"replies":[{"embeddable":true,"href":"https:\/\/www.mirsa.es\/ca\/wp-json\/wp\/v2\/comments?post=52624"}],"version-history":[{"count":0,"href":"https:\/\/www.mirsa.es\/ca\/wp-json\/wp\/v2\/pages\/52624\/revisions"}],"wp:attachment":[{"href":"https:\/\/www.mirsa.es\/ca\/wp-json\/wp\/v2\/media?parent=52624"}],"curies":[{"name":"wp","href":"https:\/\/api.w.org\/{rel}","templated":true}]}}