{"id":52581,"date":"2018-07-19T11:53:56","date_gmt":"2018-07-19T09:53:56","guid":{"rendered":"http:\/\/www.mirsa.es.mialias.net\/taburete-grasso-bd-design\/"},"modified":"2021-03-12T15:47:12","modified_gmt":"2021-03-12T15:47:12","slug":"taburete-grasso-bd-design","status":"publish","type":"page","link":"https:\/\/www.mirsa.es\/ca\/taburete-grasso-bd-design\/","title":{"rendered":"Tamboret Grasso BD Design"},"content":{"rendered":"<div class=\"wpb-content-wrapper\"><p>[vc_row][vc_column][vc_column_text]<\/p>\n<p><img decoding=\"async\" class=\"wp-image-1077 size-large aligncenter\" title=\"Tamboret Grasso BD Design\" src=\"\/wp-content\/uploads\/2020\/07\/taburete_bd_design_final.jpg\" alt=\"Tamboret Grasso BD Design\" width=\"100%\" height=\"400\" \/><\/p>\n<h2 style=\"font-size: 16px; text-align: left;\"><strong>El tamboret Grasso, dissenyat en exclusiva per a BD Design pel prestigi\u00f3s Stephen Burks, \u00e9s una pe\u00e7a elegant i contundent que neix amb l\u2019objectiu de complementar la butaca de la mateixa col\u00b7lecci\u00f3.<\/strong><\/h2>\n<p style=\"font-size: 16px; text-align: left;\">Realitzat amb els mateixos acabats i complements que la butaca, el tamboret destaca per la seva elegant estructura i el seu confortable coix\u00ed, que garanteix la m\u00e0xima qualitat.<\/p>\n<p style=\"font-size: 16px; text-align: left;\">A MIRSA interiorisme &#038; mobiliari som distribu\u00efdors oficials BD Design. Per a m\u00e9s informaci\u00f3, visiti el nostre Showroom o contacti amb nosaltres.<\/p>\n<p>[\/vc_column_text][vc_row_inner][vc_column_inner]<style type=\"text\/css\">#bklyn_btn_69d1470454a42 .bklyn-btn { color:#ffffff !important; background-color:black !important; }<\/style><div id=\"bklyn_btn_69d1470454a42\" class=\"bklyn-btn-holder  bklyn-btn-center bklyn-btn-tablet-center bklyn-btn-mobile-center\"><a title=\"Contacto\"   href=\"\/contacto\" target=\"_self\" class=\"bklyn-btn  bklyn-btn-icon-left bklyn-btn-normal\" ><i class=\"fa fa-envelope\"><\/i><span class=\"ut-btn-text\">M\u00e9s informaci\u00f3<\/span><\/a><\/div>[\/vc_column_inner][\/vc_row_inner][\/vc_column][\/vc_row]<\/p>\n<\/div>","protected":false},"excerpt":{"rendered":"<p>[vc_row][vc_column][vc_column_text] El tamboret Grasso, dissenyat en exclusiva per a BD Design pel prestigi\u00f3s Stephen Burks, \u00e9s una pe\u00e7a elegant i contundent que neix amb l\u2019objectiu de complementar la butaca de la mateixa col\u00b7lecci\u00f3. Realitzat amb els mateixos acabats i complements que la butaca, el tamboret destaca per la seva elegant estructura i el seu confortable [&hellip;]<\/p>\n","protected":false},"author":1,"featured_media":0,"parent":0,"menu_order":0,"comment_status":"closed","ping_status":"closed","template":"","meta":{"footnotes":""},"class_list":["post-52581","page","type-page","status-publish","hentry"],"aioseo_notices":[],"_links":{"self":[{"href":"https:\/\/www.mirsa.es\/ca\/wp-json\/wp\/v2\/pages\/52581","targetHints":{"allow":["GET"]}}],"collection":[{"href":"https:\/\/www.mirsa.es\/ca\/wp-json\/wp\/v2\/pages"}],"about":[{"href":"https:\/\/www.mirsa.es\/ca\/wp-json\/wp\/v2\/types\/page"}],"author":[{"embeddable":true,"href":"https:\/\/www.mirsa.es\/ca\/wp-json\/wp\/v2\/users\/1"}],"replies":[{"embeddable":true,"href":"https:\/\/www.mirsa.es\/ca\/wp-json\/wp\/v2\/comments?post=52581"}],"version-history":[{"count":0,"href":"https:\/\/www.mirsa.es\/ca\/wp-json\/wp\/v2\/pages\/52581\/revisions"}],"wp:attachment":[{"href":"https:\/\/www.mirsa.es\/ca\/wp-json\/wp\/v2\/media?parent=52581"}],"curies":[{"name":"wp","href":"https:\/\/api.w.org\/{rel}","templated":true}]}}