{"id":52538,"date":"2017-04-01T13:13:26","date_gmt":"2017-04-01T11:13:26","guid":{"rendered":"http:\/\/www.mirsa.es.mialias.net\/suelos-de-microcemento\/"},"modified":"2026-04-10T13:16:36","modified_gmt":"2026-04-10T13:16:36","slug":"suelos-de-microcemento","status":"publish","type":"page","link":"https:\/\/www.mirsa.es\/ca\/suelos-de-microcemento\/","title":{"rendered":"Terres de microciment"},"content":{"rendered":"<div class=\"wpb-content-wrapper\"><p>[vc_row css=&#8221;.vc_custom_1584605739903{margin-left: -70px !important;}&#8221;][vc_column][vc_column_text]<\/p>\n<p><span style=\"color: black;\"><u><a href=\"https:\/\/www.mirsa.es\/ca\/catalogo-muebles-diseno\/\">Colecciones<\/a><\/u> \/ <u><a href=\"https:\/\/www.mirsa.es\/ca\/puertas-diseno-y-pavimentos\/\">Puertas y Pavimentos<\/a><\/u> \/ <u><a href=\"https:\/\/www.mirsa.es\/ca\/suelos-de-microcemento\/\">Microcemento<\/a><\/u><\/span><\/p>\n<p>[\/vc_column_text][\/vc_column][\/vc_row][vc_row css=&#8221;.vc_custom_1584605711831{margin-top: -20px !important;}&#8221;][vc_column][vc_column_text]<\/p>\n<p><img decoding=\"async\" class=\"wp-image-1077 size-large aligncenter\" title=\"Suelos de microcemento\" src=\"http:\/\/www.mirsa.es\/wp-content\/uploads\/2017\/04\/microcemento_portada.jpg\" alt=\"Suelos de microcemento\" width=\"100%\" height=\"400\"\/><\/p>\n<h2><strong>Som especialistes en la instal\u00b7laci\u00f3 de terres i parets de micro ciment, un material d\u2019origen mineral i vers\u00e0til, que ofereix nombroses opcions de personalitzaci\u00f3.<\/strong><\/h2>\n<p style=\"font-size: 16px; text-align: left;\">El microciment \u00e9s un recurs ideal per revestir terres, parets o escales, ja que gr\u00e0cies a les seves propietats permeten dissenyar espais funcionals, amb una est\u00e8tica uniforme i elegant.<\/p>\n<p style=\"font-size: 16px; text-align: left;\">Es tracta d\u2019un material resistent i impermeable, ideal per aplicar en paviments de bany i cuina:<\/p>\n<ul>\n<li><b>\u00b7 Impermeabilitat<\/b><\/li>\n<li><b>\u00b7 Gran resist\u00e8ncia a l\u2019impacte i a la ratlladura<\/b><\/li>\n<li><b>\u00b7 Facilitat de neteja i manteniment<\/b><\/li>\n<li><b>\u00b7 Eleg\u00e0ncia i uniformitat<\/br><br \/>\n<\/b><\/li>\n<\/ul>\n<p style=\"font-size: 16px; text-align: left;\">Per a con\u00e8ixer m\u00e9s sobre la nostra metodologia de treball, visiti el nostre Showroom o contacti amb nosaltres.<\/p>\n<p>[\/vc_column_text][vc_row_inner css=&#8221;.vc_custom_1584606246561{margin-top: -10px !important;}&#8221;][vc_column_inner width=&#8221;1\/3&#8243;][\/vc_column_inner][vc_column_inner width=&#8221;1\/3&#8243;]<style type=\"text\/css\">#bklyn_btn_6a0937309032d .bklyn-btn { color:#ffffff !important; border-color:#ffffff !important; border-width:1px !important; background-color:rgba(0, 0, 0, 0.93) !important; }#bklyn_btn_6a0937309032d .bklyn-btn:hover{ color:#0a0a0a !important; background-color:#ffffff !important; }#bklyn_btn_6a0937309032d .bklyn-btn:focus{ color:#0a0a0a !important; background-color:#ffffff !important; }#bklyn_btn_6a0937309032d .bklyn-btn:active { color:#0a0a0a !important; background-color:#ffffff !important; }#bklyn_btn_6a0937309032d a.bklyn-btn { font-weight:600 !important; }#bklyn_btn_6a0937309032d.bklyn-btn-header a.bklyn-btn { font-weight:600 !important; }#bklyn_btn_6a0937309032d.bklyn-btn-header a.bklyn-btn span { font-weight:600 !important; }#bklyn_btn_6a0937309032d a.bklyn-btn { font-family:inherit !important; }#bklyn_btn_6a0937309032d a i:before { font-size:12px; }#bklyn_btn_6a0937309032d.bklyn-btn-holder a { margin-top:40px }<\/style><div id=\"bklyn_btn_6a0937309032d\" class=\"bklyn-btn-holder  bklyn-btn-center bklyn-btn-tablet-center bklyn-btn-mobile-center\"><a title=\"Contacto\"   href=\"\/contacte-con-nosotros\/\" target=\"_self\" class=\"bklyn-btn  bklyn-btn-outline bklyn-btn-icon-left bklyn-btn-small\" ><i class=\"fa fa-envelope-o\"><\/i><span class=\"ut-btn-text\">M\u00e9s informaci\u00f3<\/span><\/a><\/div>[\/vc_column_inner][vc_column_inner width=&#8221;1\/3&#8243;][\/vc_column_inner][\/vc_row_inner][\/vc_column][\/vc_row]<\/p>\n<\/div>","protected":false},"excerpt":{"rendered":"<p>[vc_row css=&#8221;.vc_custom_1584605739903{margin-left: -70px !important;}&#8221;][vc_column][vc_column_text] Colecciones \/ Puertas y Pavimentos \/ Microcemento [\/vc_column_text][\/vc_column][\/vc_row][vc_row css=&#8221;.vc_custom_1584605711831{margin-top: -20px !important;}&#8221;][vc_column][vc_column_text] Som especialistes en la instal\u00b7laci\u00f3 de terres i parets de micro ciment, un material d\u2019origen mineral i vers\u00e0til, que ofereix nombroses opcions de personalitzaci\u00f3. El microciment \u00e9s un recurs ideal per revestir terres, parets o escales, ja que gr\u00e0cies a [&hellip;]<\/p>\n","protected":false},"author":1,"featured_media":0,"parent":0,"menu_order":0,"comment_status":"closed","ping_status":"closed","template":"","meta":{"footnotes":""},"class_list":["post-52538","page","type-page","status-publish","hentry"],"aioseo_notices":[],"_links":{"self":[{"href":"https:\/\/www.mirsa.es\/ca\/wp-json\/wp\/v2\/pages\/52538","targetHints":{"allow":["GET"]}}],"collection":[{"href":"https:\/\/www.mirsa.es\/ca\/wp-json\/wp\/v2\/pages"}],"about":[{"href":"https:\/\/www.mirsa.es\/ca\/wp-json\/wp\/v2\/types\/page"}],"author":[{"embeddable":true,"href":"https:\/\/www.mirsa.es\/ca\/wp-json\/wp\/v2\/users\/1"}],"replies":[{"embeddable":true,"href":"https:\/\/www.mirsa.es\/ca\/wp-json\/wp\/v2\/comments?post=52538"}],"version-history":[{"count":2,"href":"https:\/\/www.mirsa.es\/ca\/wp-json\/wp\/v2\/pages\/52538\/revisions"}],"predecessor-version":[{"id":90364,"href":"https:\/\/www.mirsa.es\/ca\/wp-json\/wp\/v2\/pages\/52538\/revisions\/90364"}],"wp:attachment":[{"href":"https:\/\/www.mirsa.es\/ca\/wp-json\/wp\/v2\/media?parent=52538"}],"curies":[{"name":"wp","href":"https:\/\/api.w.org\/{rel}","templated":true}]}}