{"id":52526,"date":"2017-03-03T11:47:19","date_gmt":"2017-03-03T10:47:19","guid":{"rendered":"http:\/\/www.mirsa.es.mialias.net\/stua-muebles-de-diseno\/"},"modified":"2024-05-23T08:02:20","modified_gmt":"2024-05-23T08:02:20","slug":"stua-muebles-de-diseno","status":"publish","type":"page","link":"https:\/\/www.mirsa.es\/ca\/stua-muebles-de-diseno\/","title":{"rendered":"Stua mobles de disseny"},"content":{"rendered":"<div class=\"wpb-content-wrapper\"><p>[vc_row][vc_column][vc_column_text]<a style=\"color:black;\" href=\"javascript:history.go(-1)\" onmouseover=\"self.status=document.referrer;return true\">Enrere<\/a>[\/vc_column_text][\/vc_column][\/vc_row][vc_row][vc_column][vc_column_text]<\/p>\n<p><img decoding=\"async\" class=\"wp-image-1077 size-large aligncenter\" title=\"Stua muebles de dise\u00f1o\" src=\"\/wp-content\/uploads\/2020\/06\/stua_muebles_dise\u00f1o.jpg\" alt=\"Stua muebles de dise\u00f1o\" width=\"100%\" height=\"400\"\/><\/p>\n<h2 style=\"font-size: 16px; text-align: left;\"><strong>Stua \u00e9s una firma de mobles de disseny especialitzada en mobiliari contemporani d\u2019alta gamma.<\/h2>\n<p><\/strong><\/p>\n<p style=\"font-size: 16px; text-align: left;\">Les col\u00b7leccions Stua encaixen a la perfecci\u00f3 en tot tipus d\u2019ambients, tan residencials com en oficines i despatxos.<\/p>\n<p style=\"font-size: 16px; text-align: left;\">Stua aposta per col\u00b7leccions de gran qualitat i amb una forta personalitat, creades per a garantir una llarga vida \u00fatil.<\/p>\n<p style=\"font-size: 16px; text-align: left;\">El disseny de les seves peces \u00e9s modern i original, per\u00f2 sense disson\u00e0ncies. Simplicitat i intemporalitat s\u00f3n dos adjectius que defineixen la filosofia de la firma. A MIRSA interiorisme &#038; mobiliari som distribu\u00efdors oficials de mobles Stua, per a m\u00e9s informaci\u00f3, visiti el nostre Showroom o contacti amb nosaltres.<\/p>\n<p>[\/vc_column_text][vc_row_inner][vc_column_inner width=&#8221;1\/3&#8243;][\/vc_column_inner][vc_column_inner width=&#8221;1\/3&#8243;]<style type=\"text\/css\">#bklyn_btn_6a09239ebe77d .bklyn-btn { color:#ffffff !important; background-color:black !important; }<\/style><div id=\"bklyn_btn_6a09239ebe77d\" class=\"bklyn-btn-holder  bklyn-btn-center bklyn-btn-tablet-center bklyn-btn-mobile-center\"><a title=\"Contacto\"   href=\"\/contacto\" target=\"_self\" class=\"bklyn-btn  bklyn-btn-icon-left bklyn-btn-normal\" ><i class=\"fa fa-envelope\"><\/i><span class=\"ut-btn-text\">M\u00e9s informaci\u00f3<\/span><\/a><\/div>[\/vc_column_inner][vc_column_inner width=&#8221;1\/3&#8243;][\/vc_column_inner][\/vc_row_inner][\/vc_column][\/vc_row]<\/p>\n<\/div>","protected":false},"excerpt":{"rendered":"<p>[vc_row][vc_column][vc_column_text]Enrere[\/vc_column_text][\/vc_column][\/vc_row][vc_row][vc_column][vc_column_text] Stua \u00e9s una firma de mobles de disseny especialitzada en mobiliari contemporani d\u2019alta gamma. Les col\u00b7leccions Stua encaixen a la perfecci\u00f3 en tot tipus d\u2019ambients, tan residencials com en oficines i despatxos. Stua aposta per col\u00b7leccions de gran qualitat i amb una forta personalitat, creades per a garantir una llarga vida \u00fatil. El disseny [&hellip;]<\/p>\n","protected":false},"author":1,"featured_media":0,"parent":0,"menu_order":0,"comment_status":"closed","ping_status":"closed","template":"","meta":{"footnotes":""},"class_list":["post-52526","page","type-page","status-publish","hentry"],"aioseo_notices":[],"_links":{"self":[{"href":"https:\/\/www.mirsa.es\/ca\/wp-json\/wp\/v2\/pages\/52526","targetHints":{"allow":["GET"]}}],"collection":[{"href":"https:\/\/www.mirsa.es\/ca\/wp-json\/wp\/v2\/pages"}],"about":[{"href":"https:\/\/www.mirsa.es\/ca\/wp-json\/wp\/v2\/types\/page"}],"author":[{"embeddable":true,"href":"https:\/\/www.mirsa.es\/ca\/wp-json\/wp\/v2\/users\/1"}],"replies":[{"embeddable":true,"href":"https:\/\/www.mirsa.es\/ca\/wp-json\/wp\/v2\/comments?post=52526"}],"version-history":[{"count":0,"href":"https:\/\/www.mirsa.es\/ca\/wp-json\/wp\/v2\/pages\/52526\/revisions"}],"wp:attachment":[{"href":"https:\/\/www.mirsa.es\/ca\/wp-json\/wp\/v2\/media?parent=52526"}],"curies":[{"name":"wp","href":"https:\/\/api.w.org\/{rel}","templated":true}]}}