{"id":52501,"date":"2018-01-12T18:04:28","date_gmt":"2018-01-12T17:04:28","guid":{"rendered":"http:\/\/www.mirsa.es.mialias.net\/strates-ligne-roset\/"},"modified":"2021-03-11T17:18:38","modified_gmt":"2021-03-11T17:18:38","slug":"strates-ligne-roset","status":"publish","type":"page","link":"https:\/\/www.mirsa.es\/ca\/strates-ligne-roset\/","title":{"rendered":"Strates Ligne Roset"},"content":{"rendered":"<div class=\"wpb-content-wrapper\"><p>[vc_row][vc_column][vc_column_text]<\/p>\n<p><img decoding=\"async\" class=\"wp-image-1077 size-large aligncenter\" title=\"Strates Ligne Roset\" src=\"\/wp-content\/uploads\/2020\/07\/strates_ligne_roset.jpg\" alt=\"Strates Ligne Roset\" width=\"100%\" height=\"400\" \/><\/p>\n<h2 style=\"font-size: 16px; text-align: left;\"><strong>La taula de centre Strates de Ligne Roset presenta una estructura de tres taulells superposats, des dels quals s\u00f3n giratoris.<\/strong><\/h2>\n<p style=\"font-size: 16px; text-align: left;\">Els prestigiosos dissenyadors Pagnon &#038; Pelha\u00eetre ens presenten una pe\u00e7a moderna i funcional, que permet tres posicions diferents en funci\u00f3 de les nostres necessitats.<\/p>\n<p style=\"font-size: 16px; text-align: left;\">Strates trenca amb la l\u00ednia est\u00e8tica de la majoria de col\u00b7leccions de la firma, presentant una est\u00e8tica m\u00e9s tradicional.<\/p>\n<p style=\"font-size: 16px; text-align: left;\">A MIRSA interiorisme &#038; mobiliari som distribu\u00efdors oficials Ligne Roset. Per a m\u00e9s informaci\u00f3, visiti la nostra exposici\u00f3 o contacti amb nosaltres.<\/p>\n<p>[\/vc_column_text][vc_row_inner][vc_column_inner]<style type=\"text\/css\">#bklyn_btn_69d1f5c122a7d .bklyn-btn { color:#ffffff !important; background-color:black !important; }<\/style><div id=\"bklyn_btn_69d1f5c122a7d\" class=\"bklyn-btn-holder  bklyn-btn-center bklyn-btn-tablet-center bklyn-btn-mobile-center\"><a title=\"Contacto\"   href=\"\/contacto\" target=\"_self\" class=\"bklyn-btn  bklyn-btn-icon-left bklyn-btn-normal\" ><i class=\"fa fa-envelope\"><\/i><span class=\"ut-btn-text\">M\u00e9s informaci\u00f3<\/span><\/a><\/div>[\/vc_column_inner][\/vc_row_inner][\/vc_column][\/vc_row]<\/p>\n<\/div>","protected":false},"excerpt":{"rendered":"<p>[vc_row][vc_column][vc_column_text] La taula de centre Strates de Ligne Roset presenta una estructura de tres taulells superposats, des dels quals s\u00f3n giratoris. Els prestigiosos dissenyadors Pagnon &#038; Pelha\u00eetre ens presenten una pe\u00e7a moderna i funcional, que permet tres posicions diferents en funci\u00f3 de les nostres necessitats. Strates trenca amb la l\u00ednia est\u00e8tica de la majoria de [&hellip;]<\/p>\n","protected":false},"author":1,"featured_media":0,"parent":0,"menu_order":0,"comment_status":"closed","ping_status":"closed","template":"","meta":{"footnotes":""},"class_list":["post-52501","page","type-page","status-publish","hentry"],"aioseo_notices":[],"_links":{"self":[{"href":"https:\/\/www.mirsa.es\/ca\/wp-json\/wp\/v2\/pages\/52501","targetHints":{"allow":["GET"]}}],"collection":[{"href":"https:\/\/www.mirsa.es\/ca\/wp-json\/wp\/v2\/pages"}],"about":[{"href":"https:\/\/www.mirsa.es\/ca\/wp-json\/wp\/v2\/types\/page"}],"author":[{"embeddable":true,"href":"https:\/\/www.mirsa.es\/ca\/wp-json\/wp\/v2\/users\/1"}],"replies":[{"embeddable":true,"href":"https:\/\/www.mirsa.es\/ca\/wp-json\/wp\/v2\/comments?post=52501"}],"version-history":[{"count":0,"href":"https:\/\/www.mirsa.es\/ca\/wp-json\/wp\/v2\/pages\/52501\/revisions"}],"wp:attachment":[{"href":"https:\/\/www.mirsa.es\/ca\/wp-json\/wp\/v2\/media?parent=52501"}],"curies":[{"name":"wp","href":"https:\/\/api.w.org\/{rel}","templated":true}]}}