{"id":52455,"date":"2018-05-05T19:46:51","date_gmt":"2018-05-05T17:46:51","guid":{"rendered":"http:\/\/www.mirsa.es.mialias.net\/sovet-italia-muebles\/"},"modified":"2024-05-22T17:06:59","modified_gmt":"2024-05-22T17:06:59","slug":"sovet-italia-muebles","status":"publish","type":"page","link":"https:\/\/www.mirsa.es\/ca\/sovet-italia-muebles\/","title":{"rendered":"Sovet Italia Mobles"},"content":{"rendered":"<div class=\"wpb-content-wrapper\"><p>[vc_row][vc_column][vc_column_text]<a style=\"color:black;\" href=\"javascript:history.go(-1)\" onmouseover=\"self.status=document.referrer;return true\">Atr\u00e1s<\/a>[\/vc_column_text][\/vc_column][\/vc_row][vc_row][vc_column][vc_column_text]<br \/>\n<img decoding=\"async\" class=\"wp-image-1077 size-large aligncenter\" title=\"Sovet Italia Muebles\" src=\"\/wp-content\/uploads\/2020\/06\/muebles_sovet_italia_portada.jpg\" alt=\"Sovet Italia Muebles\" width=\"100%\" height=\"400\" \/><\/p>\n<h2 style=\"font-size: 16px; text-align: left;\"><strong>Sovet \u00e9s una reconeguda firma de mobiliari que es distingeix per la seva mestria en el tractament del vidre, material que juga un paper fonamental en totes les seves col\u00b7leccions.<\/strong><\/h2>\n<p style=\"font-size: 16px; text-align: left;\">El vidre com a s\u00edmbol de puresa. Un estil minimalista i una eleg\u00e0ncia que han acompanyat a la firma des de les seves primeres creacions als anys 80. A la d\u00e8cada dels 90, Sovet ja era tota una refer\u00e8ncia del sector gr\u00e0cies a la qualitat de les seves col\u00b7leccions i a l\u2019extens cat\u00e0leg de productes que oferia.<\/p>\n<p style=\"font-size: 16px; text-align: left;\">L\u2019associaci\u00f3 de la firma amb l\u2019estudi Altherr Lievore i el naixement d\u2019una de les seves col\u00b7leccions m\u00e9s exitoses, Diverto, va suposar un punt d\u2019inflexi\u00f3 per a la firma. Actualment Sovet exporta productes a m\u00e9s de 60 pa\u00efsos i els seus productes s\u00f3n admirats per dissenyadors i interioristes d\u2019arreu del m\u00f3n.<\/p>\n<p style=\"font-size: 16px; text-align: left;\">A MIRSA interiorisme &amp; mobiliari som distribu\u00efdors oficials de productes Sovet. Per a m\u00e9s informaci\u00f3, visiti el nostre Showroom o contacti amb nosaltres.<\/p>\n<p>[\/vc_column_text][\/vc_column][\/vc_row][vc_section][vc_row full_width=&#8221;stretch_row_content_no_spaces&#8221;][vc_column][vc_column_text]<iframe id=\"embedded-ads-iframe-website\" width=\"100%\" height=\"600\" data-originsrc=\"https:\/\/mirsa.daloom.com\/es\/productos\/mobiliario\/brand_sovet-italia\"><\/iframe><br \/>\n<script defer src=\"https:\/\/mirsa.daloom.com\/js\/parent-embedded-script.min.js\"><\/script>[\/vc_column_text][\/vc_column][\/vc_row][\/vc_section]<\/p>\n<\/div>","protected":false},"excerpt":{"rendered":"<p>[vc_row][vc_column][vc_column_text]Atr\u00e1s[\/vc_column_text][\/vc_column][\/vc_row][vc_row][vc_column][vc_column_text] Sovet \u00e9s una reconeguda firma de mobiliari que es distingeix per la seva mestria en el tractament del vidre, material que juga un paper fonamental en totes les seves col\u00b7leccions. El vidre com a s\u00edmbol de puresa. Un estil minimalista i una eleg\u00e0ncia que han acompanyat a la firma des de les seves primeres [&hellip;]<\/p>\n","protected":false},"author":1,"featured_media":0,"parent":0,"menu_order":0,"comment_status":"closed","ping_status":"closed","template":"","meta":{"footnotes":""},"class_list":["post-52455","page","type-page","status-publish","hentry"],"aioseo_notices":[],"_links":{"self":[{"href":"https:\/\/www.mirsa.es\/ca\/wp-json\/wp\/v2\/pages\/52455","targetHints":{"allow":["GET"]}}],"collection":[{"href":"https:\/\/www.mirsa.es\/ca\/wp-json\/wp\/v2\/pages"}],"about":[{"href":"https:\/\/www.mirsa.es\/ca\/wp-json\/wp\/v2\/types\/page"}],"author":[{"embeddable":true,"href":"https:\/\/www.mirsa.es\/ca\/wp-json\/wp\/v2\/users\/1"}],"replies":[{"embeddable":true,"href":"https:\/\/www.mirsa.es\/ca\/wp-json\/wp\/v2\/comments?post=52455"}],"version-history":[{"count":0,"href":"https:\/\/www.mirsa.es\/ca\/wp-json\/wp\/v2\/pages\/52455\/revisions"}],"wp:attachment":[{"href":"https:\/\/www.mirsa.es\/ca\/wp-json\/wp\/v2\/media?parent=52455"}],"curies":[{"name":"wp","href":"https:\/\/api.w.org\/{rel}","templated":true}]}}