{"id":52440,"date":"2017-07-01T19:58:31","date_gmt":"2017-07-01T17:58:31","guid":{"rendered":"http:\/\/www.mirsa.es.mialias.net\/sombrillas-tuuci\/"},"modified":"2024-05-23T14:26:16","modified_gmt":"2024-05-23T14:26:16","slug":"sombrillas-tuuci","status":"publish","type":"page","link":"https:\/\/www.mirsa.es\/ca\/sombrillas-tuuci\/","title":{"rendered":"Parasols Tuuci"},"content":{"rendered":"<div class=\"wpb-content-wrapper\"><p>[vc_row][vc_column][vc_column_text]<\/p>\n<p><img decoding=\"async\" class=\"wp-image-1077 size-large aligncenter\" title=\"Parasols Tuuci\" src=\"\/wp-content\/uploads\/2020\/06\/sombrillas_tuuci_portada.jpg\" alt=\"Parasols\" width=\"100%\" height=\"400\" \/><\/p>\n<h2 style=\"font-size: 16px; text-align: left;\"><strong>Des de la d\u00e8cada dels 90, la firma americana Tuucci ha destacat per la creaci\u00f3 d\u2019innovadores i exclusives col\u00b7leccions de para-sols.<br \/>\n<\/strong><\/h2>\n<p style=\"font-size: 16px; text-align: left;\">La marca s\u2019ha convertit en tota una refer\u00e8ncia mundial en el disseny de para-sols, amb espectaculars i elegants col\u00b7leccions admirades per interioristes d\u2019arreu del m\u00f3n.<\/p>\n<p style=\"font-size: 16px; text-align: left;\">Tuuci va sorgir de la ind\u00fastria n\u00e0utica, de la m\u00e0 de Dougan Clarke. Els seus productes s\u00f3n dissenyats meticulosament per a garantir el funcionament en qualsevol ambient.<\/p>\n<p style=\"font-size: 16px; text-align: left;\">Els productes de la firma es caracteritzen per un estil \u00fanic, s\u00edmbol de poder eleg\u00e0ncia i exclusivitat.<\/p>\n<p style=\"font-size: 16px; text-align: left;\">A MIRSA interiorisme &#038; mobiliari som distribu\u00efdors oficials Tuuci, per a m\u00e9s informaci\u00f3 contacti amb nosaltres o visiti el nostre Showroom.<\/p>\n<p>[\/vc_column_text][\/vc_column][\/vc_row]<\/p>\n<\/div>","protected":false},"excerpt":{"rendered":"<p>[vc_row][vc_column][vc_column_text] Des de la d\u00e8cada dels 90, la firma americana Tuucci ha destacat per la creaci\u00f3 d\u2019innovadores i exclusives col\u00b7leccions de para-sols. La marca s\u2019ha convertit en tota una refer\u00e8ncia mundial en el disseny de para-sols, amb espectaculars i elegants col\u00b7leccions admirades per interioristes d\u2019arreu del m\u00f3n. Tuuci va sorgir de la ind\u00fastria n\u00e0utica, de [&hellip;]<\/p>\n","protected":false},"author":1,"featured_media":0,"parent":0,"menu_order":0,"comment_status":"closed","ping_status":"closed","template":"","meta":{"footnotes":""},"class_list":["post-52440","page","type-page","status-publish","hentry"],"aioseo_notices":[],"_links":{"self":[{"href":"https:\/\/www.mirsa.es\/ca\/wp-json\/wp\/v2\/pages\/52440","targetHints":{"allow":["GET"]}}],"collection":[{"href":"https:\/\/www.mirsa.es\/ca\/wp-json\/wp\/v2\/pages"}],"about":[{"href":"https:\/\/www.mirsa.es\/ca\/wp-json\/wp\/v2\/types\/page"}],"author":[{"embeddable":true,"href":"https:\/\/www.mirsa.es\/ca\/wp-json\/wp\/v2\/users\/1"}],"replies":[{"embeddable":true,"href":"https:\/\/www.mirsa.es\/ca\/wp-json\/wp\/v2\/comments?post=52440"}],"version-history":[{"count":0,"href":"https:\/\/www.mirsa.es\/ca\/wp-json\/wp\/v2\/pages\/52440\/revisions"}],"wp:attachment":[{"href":"https:\/\/www.mirsa.es\/ca\/wp-json\/wp\/v2\/media?parent=52440"}],"curies":[{"name":"wp","href":"https:\/\/api.w.org\/{rel}","templated":true}]}}