{"id":52387,"date":"2017-05-05T12:54:29","date_gmt":"2017-05-05T10:54:29","guid":{"rendered":"http:\/\/www.mirsa.es.mialias.net\/sofa-wendy-porada-italia\/"},"modified":"2021-03-10T10:13:18","modified_gmt":"2021-03-10T10:13:18","slug":"sofa-wendy-porada-italia","status":"publish","type":"page","link":"https:\/\/www.mirsa.es\/ca\/sofa-wendy-porada-italia\/","title":{"rendered":"Sofa Wendy Porada"},"content":{"rendered":"<div class=\"wpb-content-wrapper\"><p>[vc_row][vc_column][vc_column_text]<\/p>\n<p><img decoding=\"async\" class=\"wp-image-1077 size-large aligncenter\" title=\"Sof\u00e1 Wendy - Porada\" src=\"\/wp-content\/uploads\/2020\/06\/sofa-wendy-porada.jpg\" alt=\"Sof\u00e1 Wendy - Porada\" width=\"100%\" height=\"400\" \/><\/p>\n<h2 style=\"font-size: 16px; text-align: left;\"><strong>El Sof\u00e0 Wendy de Porada, \u00e9s el nou projecte que ha presentat la firma italiana per aquesta temporada.<\/strong><\/h2>\n<p style=\"font-size: 16px; text-align: left;\">Dissenyat pel reconegut Carlo Ballabio, es tracta d\u2019una pe\u00e7a de disseny cl\u00e0ssic y d\u2019estructura en fusta de noguera. El c\u00f2mode respatller es compon d\u2019un espectacular capiton\u00e9 disponible en diferents teles i colors.<\/p>\n<p style=\"font-size: 16px; text-align: left;\">Es tracta d\u2019un sof\u00e0 elegant i distingit, ideal per ambients selectes i d\u2019ambientaci\u00f3 tradicional. Per a m\u00e9s informaci\u00f3 sobre les noves col\u00b7leccions Porada, visiti la nostra exposici\u00f3 o contacti amb nosaltres.<\/p>\n<p>[\/vc_column_text][vc_row_inner][vc_column_inner]<style type=\"text\/css\">#bklyn_btn_69d371d8c97e6 .bklyn-btn { color:#ffffff !important; background-color:black !important; }<\/style><div id=\"bklyn_btn_69d371d8c97e6\" class=\"bklyn-btn-holder  bklyn-btn-center bklyn-btn-tablet-center bklyn-btn-mobile-center\"><a title=\"Contacto\"   href=\"\/contacto\" target=\"_self\" class=\"bklyn-btn  bklyn-btn-icon-left bklyn-btn-normal\" ><i class=\"fa fa-envelope\"><\/i><span class=\"ut-btn-text\">M\u00e9s informaci\u00f3<\/span><\/a><\/div>[\/vc_column_inner][\/vc_row_inner][\/vc_column][\/vc_row]<\/p>\n<\/div>","protected":false},"excerpt":{"rendered":"<p>[vc_row][vc_column][vc_column_text] El Sof\u00e0 Wendy de Porada, \u00e9s el nou projecte que ha presentat la firma italiana per aquesta temporada. Dissenyat pel reconegut Carlo Ballabio, es tracta d\u2019una pe\u00e7a de disseny cl\u00e0ssic y d\u2019estructura en fusta de noguera. El c\u00f2mode respatller es compon d\u2019un espectacular capiton\u00e9 disponible en diferents teles i colors. Es tracta d\u2019un sof\u00e0 [&hellip;]<\/p>\n","protected":false},"author":1,"featured_media":0,"parent":0,"menu_order":0,"comment_status":"closed","ping_status":"closed","template":"","meta":{"footnotes":""},"class_list":["post-52387","page","type-page","status-publish","hentry"],"aioseo_notices":[],"_links":{"self":[{"href":"https:\/\/www.mirsa.es\/ca\/wp-json\/wp\/v2\/pages\/52387","targetHints":{"allow":["GET"]}}],"collection":[{"href":"https:\/\/www.mirsa.es\/ca\/wp-json\/wp\/v2\/pages"}],"about":[{"href":"https:\/\/www.mirsa.es\/ca\/wp-json\/wp\/v2\/types\/page"}],"author":[{"embeddable":true,"href":"https:\/\/www.mirsa.es\/ca\/wp-json\/wp\/v2\/users\/1"}],"replies":[{"embeddable":true,"href":"https:\/\/www.mirsa.es\/ca\/wp-json\/wp\/v2\/comments?post=52387"}],"version-history":[{"count":0,"href":"https:\/\/www.mirsa.es\/ca\/wp-json\/wp\/v2\/pages\/52387\/revisions"}],"wp:attachment":[{"href":"https:\/\/www.mirsa.es\/ca\/wp-json\/wp\/v2\/media?parent=52387"}],"curies":[{"name":"wp","href":"https:\/\/api.w.org\/{rel}","templated":true}]}}