{"id":52382,"date":"2020-07-02T09:21:23","date_gmt":"2020-07-02T09:21:23","guid":{"rendered":"http:\/\/www.mirsa.es.mialias.net\/sofa-utah-riva-1920\/"},"modified":"2021-03-10T09:57:52","modified_gmt":"2021-03-10T09:57:52","slug":"sofa-utah-riva-1920","status":"publish","type":"page","link":"https:\/\/www.mirsa.es\/ca\/sofa-utah-riva-1920\/","title":{"rendered":"Sofa Utah Riva 1920"},"content":{"rendered":"<div class=\"wpb-content-wrapper\"><p>[vc_row][vc_column][vc_column_text]<\/p>\n<p><img decoding=\"async\" class=\"wp-image-1077 size-large aligncenter\" title=\"Sofa Utah Riva 1920\" src=\"\/wp-content\/uploads\/2020\/07\/sofa_utah_riva_1920.jpg\" alt=\"Sofa Utah Riav 1920\" width=\"100%\" height=\"400\" \/><\/p>\n<h2 style=\"font-size: 16px; text-align: left;\"><strong>Utah de la prestigiosa firma Riva 1920 \u00e9s un elegant i exclusiu sof\u00e0 d\u2019estil contemporani que destaca per la seva espectacular estructura multicapa en fusta de Briccola.<\/strong><\/h2>\n<p style=\"font-size: 16px; text-align: left;\">Es tracta d\u2019un seient refinat i confortable que garanteix la m\u00e0xima comoditat gr\u00e0cies a la profunditat dels seus seients i a la flexibilitat dels seus coixins.<\/p>\n<p style=\"font-size: 16px; text-align: left;\">La fusta de Briccola prov\u00e9 d\u2019antigues construccions de la laguna de Ven\u00e8cia i \u00e9s un material molt apreciat per la seva qualitat i la seva hist\u00f2ria centen\u00e0ria.<\/p>\n<p style=\"font-size: 16px; text-align: left;\">A MIRSA interiorisme &#038; mobiliari som distribu\u00efdors oficials Riva 1920. Per a m\u00e9s informaci\u00f3, visiti el nostre Showroom o contacti amb nosaltres.\n<\/p>\n<p>[\/vc_column_text][vc_row_inner][vc_column_inner]<style type=\"text\/css\">#bklyn_btn_69d1edae02e53 .bklyn-btn { color:#ffffff !important; background-color:black !important; }<\/style><div id=\"bklyn_btn_69d1edae02e53\" class=\"bklyn-btn-holder  bklyn-btn-center bklyn-btn-tablet-center bklyn-btn-mobile-center\"><a title=\"Contacto\"   href=\"\/contacto\" target=\"_self\" class=\"bklyn-btn  bklyn-btn-icon-left bklyn-btn-normal\" ><i class=\"fa fa-envelope\"><\/i><span class=\"ut-btn-text\">M\u00e9s informaci\u00f3<\/span><\/a><\/div>[\/vc_column_inner][\/vc_row_inner][\/vc_column][\/vc_row]<\/p>\n<\/div>","protected":false},"excerpt":{"rendered":"<p>[vc_row][vc_column][vc_column_text] Utah de la prestigiosa firma Riva 1920 \u00e9s un elegant i exclusiu sof\u00e0 d\u2019estil contemporani que destaca per la seva espectacular estructura multicapa en fusta de Briccola. Es tracta d\u2019un seient refinat i confortable que garanteix la m\u00e0xima comoditat gr\u00e0cies a la profunditat dels seus seients i a la flexibilitat dels seus coixins. La [&hellip;]<\/p>\n","protected":false},"author":1,"featured_media":0,"parent":0,"menu_order":0,"comment_status":"closed","ping_status":"closed","template":"","meta":{"footnotes":""},"class_list":["post-52382","page","type-page","status-publish","hentry"],"aioseo_notices":[],"_links":{"self":[{"href":"https:\/\/www.mirsa.es\/ca\/wp-json\/wp\/v2\/pages\/52382","targetHints":{"allow":["GET"]}}],"collection":[{"href":"https:\/\/www.mirsa.es\/ca\/wp-json\/wp\/v2\/pages"}],"about":[{"href":"https:\/\/www.mirsa.es\/ca\/wp-json\/wp\/v2\/types\/page"}],"author":[{"embeddable":true,"href":"https:\/\/www.mirsa.es\/ca\/wp-json\/wp\/v2\/users\/1"}],"replies":[{"embeddable":true,"href":"https:\/\/www.mirsa.es\/ca\/wp-json\/wp\/v2\/comments?post=52382"}],"version-history":[{"count":0,"href":"https:\/\/www.mirsa.es\/ca\/wp-json\/wp\/v2\/pages\/52382\/revisions"}],"wp:attachment":[{"href":"https:\/\/www.mirsa.es\/ca\/wp-json\/wp\/v2\/media?parent=52382"}],"curies":[{"name":"wp","href":"https:\/\/api.w.org\/{rel}","templated":true}]}}