{"id":52300,"date":"2017-09-09T12:15:28","date_gmt":"2017-09-09T10:15:28","guid":{"rendered":"http:\/\/www.mirsa.es.mialias.net\/sofa-skin-molteni-c\/"},"modified":"2021-03-09T12:38:00","modified_gmt":"2021-03-09T12:38:00","slug":"sofa-skin-molteni-c","status":"publish","type":"page","link":"https:\/\/www.mirsa.es\/ca\/sofa-skin-molteni-c\/","title":{"rendered":"Sofa Skin Molteni &#038; C"},"content":{"rendered":"<div class=\"wpb-content-wrapper\"><p>[vc_row][vc_column][vc_column_text]<\/p>\n<p><img decoding=\"async\" class=\"wp-image-1077 size-large aligncenter\" title=\"Skin Molteni &#038; C\" src=\"\/wp-content\/uploads\/2021\/03\/sofa_skin_molteni_c.jpg\" alt=\"Skin Molteni &#038; C\" width=\"100%\" height=\"400\" \/><\/p>\n<p style=\"font-size: 16px; text-align: left;\"><strong>El sof\u00e0 Skin de la firma italiana Molteni &#038; C es caracteritza per la seva espectacular textura, que sembla estar en suspensi\u00f3, deixant travessar la llum.<\/strong><\/p>\n<p style=\"font-size: 16px; text-align: left;\">La col\u00b7lecci\u00f3 neix fruit del talent de jean Nouvel, que en aquesta ocasi\u00f3 proposa un sistema de sof\u00e0s amb estructura d\u2019hacer i seients de cuir.<\/p>\n<p style=\"font-size: 16px; text-align: left;\">Per a donar forma al sof\u00e0 Skin s\u2019utilitzen els processos tecnol\u00f2gics m\u00e9s avan\u00e7ats, que garanteixen al m\u00e0xim la qualitat de la pe\u00e7a.<\/p>\n<p style=\"font-size: 16px; text-align: left;\">A MIRSA interiorisme &#038; mobiliari som distribu\u00efdors oficials Molteni &#038; C. Per a m\u00e9s informaci\u00f3, visiti la nostra exposici\u00f3 o contacti amb nosaltres.<\/p>\n<p>[\/vc_column_text][vc_row_inner][vc_column_inner]<style type=\"text\/css\">#bklyn_btn_69d9402b042ed .bklyn-btn { color:#ffffff !important; background-color:black !important; }<\/style><div id=\"bklyn_btn_69d9402b042ed\" class=\"bklyn-btn-holder  bklyn-btn-center bklyn-btn-tablet-center bklyn-btn-mobile-center\"><a title=\"Contacto\"   href=\"\/contacto\" target=\"_self\" class=\"bklyn-btn  bklyn-btn-icon-left bklyn-btn-normal\" ><i class=\"fa fa-envelope\"><\/i><span class=\"ut-btn-text\">M\u00e9s informaci\u00f3<\/span><\/a><\/div>[\/vc_column_inner][\/vc_row_inner][vc_row_inner][vc_column_inner width=&#8221;1\/2&#8243;]<div  class=\"wpb_content_element   clearfix\"><style type=\"text\/css\">#ut_am_69d9402b04923 { opacity: 1; }#ut_am_wrap_69d9402b04924 { text-align: center; }@media (min-width: 768px) and (max-width: 1024px) { #ut_am_wrap_69d9402b04924 { text-align: center !important; } }@media (max-width: 767px) { #ut_am_wrap_69d9402b04924 { text-align: center !important; } }<\/style><div id=\"ut_am_wrap_69d9402b04924\" class=\"ut-image-gallery-image \"><div id=\"ut_reveal_69d9402b04925\"  data-appear-top-offset=\"auto\" class=\"ut-animated-image-item ut-image-gallery-item ut-animation-done \"><a class=\"ut-deactivated-link\" href=\"#\"><div class=\"ut-animated-image-zoom\">\r\n        <div class=\"ut-element-glitch-wrap\">\r\n\r\n            \r\n        <style type=\"text\/css\">\r\n\r\n                        \r\n        @media (min-width: 1025px) {\r\n\r\n        #ut-element-glitch-69d9402b04945538822370-52302 .ut-glitch-single-element {\r\n                                            \r\n                }\r\n        }\r\n\r\n        @media (min-width: 768px) and (max-width: 1024px) {\r\n\r\n        #ut-element-glitch-69d9402b04945538822370-52302 .ut-glitch-single-element {\r\n                                                \r\n                    }\r\n        }\r\n\r\n        @media (max-width: 767px) {\r\n\r\n        #ut-element-glitch-69d9402b04945538822370-52302 .ut-glitch-single-element {\r\n                                                \r\n                    }\r\n        }\r\n\r\n        \r\n        <\/style>\r\n\r\n        \r\n            <div id=\"ut-element-glitch-69d9402b04945538822370-52302\" class=\" ut-element-glitch ut-glitch-none ut-element-glitch-permanent\">\r\n                <div class=\"ut-glitch-single-element ut-lozad skip-lazy\" data-background-image=\"https:\/\/www.mirsa.es\/wp-content\/uploads\/2021\/03\/sofa_skin_molteni_1.jpg\"><\/div>\r\n                <div class=\"ut-glitch-single-element ut-lozad skip-lazy\" data-background-image=\"https:\/\/www.mirsa.es\/wp-content\/uploads\/2021\/03\/sofa_skin_molteni_1.jpg\"><\/div>\r\n                <div class=\"ut-glitch-single-element ut-lozad skip-lazy\" data-background-image=\"https:\/\/www.mirsa.es\/wp-content\/uploads\/2021\/03\/sofa_skin_molteni_1.jpg\"><\/div>\r\n                <div class=\"ut-glitch-single-element ut-lozad skip-lazy\" data-background-image=\"https:\/\/www.mirsa.es\/wp-content\/uploads\/2021\/03\/sofa_skin_molteni_1.jpg\"><\/div>\r\n                <div class=\"ut-glitch-single-element ut-lozad skip-lazy\" data-background-image=\"https:\/\/www.mirsa.es\/wp-content\/uploads\/2021\/03\/sofa_skin_molteni_1.jpg\"><\/div>\r\n            <\/div>\r\n\r\n        <\/div>\r\n\r\n        <img loading=\"lazy\" decoding=\"async\" class=\"ut-lazy skip-lazy ut-animated-image \"  id=\"ut_am_69d9402b04923\" src=\"data:image\/svg+xml;charset=utf-8,%3Csvg xmlns%3D'http%3A%2F%2Fwww.w3.org%2F2000%2Fsvg' viewBox%3D'0 0 600 324'%2F%3E\" data-src=\"https:\/\/www.mirsa.es\/wp-content\/uploads\/2021\/03\/sofa_skin_molteni_1.jpg\" width=\"600\" height=\"324\" alt=\"\"\/><\/div><\/a><\/div><\/div><\/div>[\/vc_column_inner][vc_column_inner width=&#8221;1\/2&#8243;]<div  class=\"wpb_content_element   clearfix\"><style type=\"text\/css\">#ut_am_69d9402b04c66 { opacity: 1; }#ut_am_wrap_69d9402b04c67 { text-align: center; }@media (min-width: 768px) and (max-width: 1024px) { #ut_am_wrap_69d9402b04c67 { text-align: center !important; } }@media (max-width: 767px) { #ut_am_wrap_69d9402b04c67 { text-align: center !important; } }<\/style><div id=\"ut_am_wrap_69d9402b04c67\" class=\"ut-image-gallery-image \"><div id=\"ut_reveal_69d9402b04c68\"  data-appear-top-offset=\"auto\" class=\"ut-animated-image-item ut-image-gallery-item ut-animation-done \"><a class=\"ut-deactivated-link\" href=\"#\"><div class=\"ut-animated-image-zoom\">\r\n        <div class=\"ut-element-glitch-wrap\">\r\n\r\n            \r\n        <style type=\"text\/css\">\r\n\r\n                        \r\n        @media (min-width: 1025px) {\r\n\r\n        #ut-element-glitch-69d9402b04c7c261325358-52308 .ut-glitch-single-element {\r\n                                            \r\n                }\r\n        }\r\n\r\n        @media (min-width: 768px) and (max-width: 1024px) {\r\n\r\n        #ut-element-glitch-69d9402b04c7c261325358-52308 .ut-glitch-single-element {\r\n                                                \r\n                    }\r\n        }\r\n\r\n        @media (max-width: 767px) {\r\n\r\n        #ut-element-glitch-69d9402b04c7c261325358-52308 .ut-glitch-single-element {\r\n                                                \r\n                    }\r\n        }\r\n\r\n        \r\n        <\/style>\r\n\r\n        \r\n            <div id=\"ut-element-glitch-69d9402b04c7c261325358-52308\" class=\" ut-element-glitch ut-glitch-none ut-element-glitch-permanent\">\r\n                <div class=\"ut-glitch-single-element ut-lozad skip-lazy\" data-background-image=\"https:\/\/www.mirsa.es\/wp-content\/uploads\/2021\/03\/sofa_skin_molteni_2.jpg\"><\/div>\r\n                <div class=\"ut-glitch-single-element ut-lozad skip-lazy\" data-background-image=\"https:\/\/www.mirsa.es\/wp-content\/uploads\/2021\/03\/sofa_skin_molteni_2.jpg\"><\/div>\r\n                <div class=\"ut-glitch-single-element ut-lozad skip-lazy\" data-background-image=\"https:\/\/www.mirsa.es\/wp-content\/uploads\/2021\/03\/sofa_skin_molteni_2.jpg\"><\/div>\r\n                <div class=\"ut-glitch-single-element ut-lozad skip-lazy\" data-background-image=\"https:\/\/www.mirsa.es\/wp-content\/uploads\/2021\/03\/sofa_skin_molteni_2.jpg\"><\/div>\r\n                <div class=\"ut-glitch-single-element ut-lozad skip-lazy\" data-background-image=\"https:\/\/www.mirsa.es\/wp-content\/uploads\/2021\/03\/sofa_skin_molteni_2.jpg\"><\/div>\r\n            <\/div>\r\n\r\n        <\/div>\r\n\r\n        <img loading=\"lazy\" decoding=\"async\" class=\"ut-lazy skip-lazy ut-animated-image \"  id=\"ut_am_69d9402b04c66\" src=\"data:image\/svg+xml;charset=utf-8,%3Csvg xmlns%3D'http%3A%2F%2Fwww.w3.org%2F2000%2Fsvg' viewBox%3D'0 0 600 324'%2F%3E\" data-src=\"https:\/\/www.mirsa.es\/wp-content\/uploads\/2021\/03\/sofa_skin_molteni_2.jpg\" width=\"600\" height=\"324\" alt=\"\"\/><\/div><\/a><\/div><\/div><\/div>[\/vc_column_inner][\/vc_row_inner][\/vc_column][\/vc_row]<\/p>\n<\/div>","protected":false},"excerpt":{"rendered":"<p>[vc_row][vc_column][vc_column_text] El sof\u00e0 Skin de la firma italiana Molteni &#038; C es caracteritza per la seva espectacular textura, que sembla estar en suspensi\u00f3, deixant travessar la llum. La col\u00b7lecci\u00f3 neix fruit del talent de jean Nouvel, que en aquesta ocasi\u00f3 proposa un sistema de sof\u00e0s amb estructura d\u2019hacer i seients de cuir. Per a donar [&hellip;]<\/p>\n","protected":false},"author":1,"featured_media":0,"parent":0,"menu_order":0,"comment_status":"closed","ping_status":"closed","template":"","meta":{"footnotes":""},"class_list":["post-52300","page","type-page","status-publish","hentry"],"aioseo_notices":[],"_links":{"self":[{"href":"https:\/\/www.mirsa.es\/ca\/wp-json\/wp\/v2\/pages\/52300","targetHints":{"allow":["GET"]}}],"collection":[{"href":"https:\/\/www.mirsa.es\/ca\/wp-json\/wp\/v2\/pages"}],"about":[{"href":"https:\/\/www.mirsa.es\/ca\/wp-json\/wp\/v2\/types\/page"}],"author":[{"embeddable":true,"href":"https:\/\/www.mirsa.es\/ca\/wp-json\/wp\/v2\/users\/1"}],"replies":[{"embeddable":true,"href":"https:\/\/www.mirsa.es\/ca\/wp-json\/wp\/v2\/comments?post=52300"}],"version-history":[{"count":0,"href":"https:\/\/www.mirsa.es\/ca\/wp-json\/wp\/v2\/pages\/52300\/revisions"}],"wp:attachment":[{"href":"https:\/\/www.mirsa.es\/ca\/wp-json\/wp\/v2\/media?parent=52300"}],"curies":[{"name":"wp","href":"https:\/\/api.w.org\/{rel}","templated":true}]}}