{"id":52251,"date":"2017-04-08T19:51:53","date_gmt":"2017-04-08T17:51:53","guid":{"rendered":"http:\/\/www.mirsa.es.mialias.net\/sofa-sake-bb-italia\/"},"modified":"2021-03-09T10:02:36","modified_gmt":"2021-03-09T10:02:36","slug":"sofa-sake-bb-italia","status":"publish","type":"page","link":"https:\/\/www.mirsa.es\/ca\/sofa-sake-bb-italia\/","title":{"rendered":"Sofa Sak\u00e9 B&#038;B Italia"},"content":{"rendered":"<div class=\"wpb-content-wrapper\"><p>[vc_row][vc_column][vc_column_text]<\/p>\n<p><img decoding=\"async\" class=\"wp-image-1077 size-large aligncenter\" title=\"Sofa Sake - B&#038;B Italia\" src=\"\/wp-content\/uploads\/2020\/06\/sofa_sake_bb_italia.jpg\" alt=\"Sofa Sake - B&#038;B Italia\" width=\"100%\" height=\"400\"\/><\/p>\n<h2 style=\"font-size: 16px; text-align: left;\"><strong>El sof\u00e0 SAK\u00e9 de B&#038;B Italia \u00e9s una pe\u00e7a de disseny que es distingeix per la lleugeresa dels seus volums, aix\u00ed com per la inimitable estructura met\u00e0l\u00b7lica que sost\u00e9 els seients.<\/strong><\/h2>\n<p style=\"font-size: 16px; text-align: left;\">Piero Lissoni ens proposa amb aquesta magn\u00edfica col\u00b7lecci\u00f3 un sof\u00e0 diferent i amb una forta personalitat, d\u2019inspiraci\u00f3 cl\u00e0ssica per\u00f2 afegint elements contemporanis.<\/p>\n<p style=\"font-size: 16px; text-align: left;\">SAK\u00e9 transmet amb una sorprenent precisi\u00f3 els conceptes de lleugeresa i eleg\u00e0ncia, convertint-se en una pe\u00e7a ideal per a espais interiors.<\/p>\n<p style=\"font-size: 16px; text-align: left;\">Disposem d\u2019un extens cat\u00e0leg de col\u00b7leccions B&#038;B Italia, per a m\u00e9s informaci\u00f3 visiti el nostre Showroom o contacti amb nosaltres.<\/p>\n<p>[\/vc_column_text][vc_row_inner][vc_column_inner]<style type=\"text\/css\">#bklyn_btn_69d9400b412e8 .bklyn-btn { color:#ffffff !important; background-color:black !important; }<\/style><div id=\"bklyn_btn_69d9400b412e8\" class=\"bklyn-btn-holder  bklyn-btn-center bklyn-btn-tablet-center bklyn-btn-mobile-center\"><a title=\"Contacto\"   href=\"\/contacto\" target=\"_self\" class=\"bklyn-btn  bklyn-btn-icon-left bklyn-btn-normal\" ><i class=\"fa fa-envelope\"><\/i><span class=\"ut-btn-text\">M\u00e9s informaci\u00f3<\/span><\/a><\/div>[\/vc_column_inner][\/vc_row_inner][\/vc_column][\/vc_row]<\/p>\n<\/div>","protected":false},"excerpt":{"rendered":"<p>[vc_row][vc_column][vc_column_text] El sof\u00e0 SAK\u00e9 de B&#038;B Italia \u00e9s una pe\u00e7a de disseny que es distingeix per la lleugeresa dels seus volums, aix\u00ed com per la inimitable estructura met\u00e0l\u00b7lica que sost\u00e9 els seients. Piero Lissoni ens proposa amb aquesta magn\u00edfica col\u00b7lecci\u00f3 un sof\u00e0 diferent i amb una forta personalitat, d\u2019inspiraci\u00f3 cl\u00e0ssica per\u00f2 afegint elements contemporanis. SAK\u00e9 [&hellip;]<\/p>\n","protected":false},"author":1,"featured_media":0,"parent":0,"menu_order":0,"comment_status":"closed","ping_status":"closed","template":"","meta":{"footnotes":""},"class_list":["post-52251","page","type-page","status-publish","hentry"],"aioseo_notices":[],"_links":{"self":[{"href":"https:\/\/www.mirsa.es\/ca\/wp-json\/wp\/v2\/pages\/52251","targetHints":{"allow":["GET"]}}],"collection":[{"href":"https:\/\/www.mirsa.es\/ca\/wp-json\/wp\/v2\/pages"}],"about":[{"href":"https:\/\/www.mirsa.es\/ca\/wp-json\/wp\/v2\/types\/page"}],"author":[{"embeddable":true,"href":"https:\/\/www.mirsa.es\/ca\/wp-json\/wp\/v2\/users\/1"}],"replies":[{"embeddable":true,"href":"https:\/\/www.mirsa.es\/ca\/wp-json\/wp\/v2\/comments?post=52251"}],"version-history":[{"count":0,"href":"https:\/\/www.mirsa.es\/ca\/wp-json\/wp\/v2\/pages\/52251\/revisions"}],"wp:attachment":[{"href":"https:\/\/www.mirsa.es\/ca\/wp-json\/wp\/v2\/media?parent=52251"}],"curies":[{"name":"wp","href":"https:\/\/api.w.org\/{rel}","templated":true}]}}