{"id":52212,"date":"2017-03-09T19:32:33","date_gmt":"2017-03-09T18:32:33","guid":{"rendered":"http:\/\/www.mirsa.es.mialias.net\/sofa-ray-outdoor-bb-italia\/"},"modified":"2021-03-06T16:23:13","modified_gmt":"2021-03-06T16:23:13","slug":"sofa-ray-outdoor-bb-italia","status":"publish","type":"page","link":"https:\/\/www.mirsa.es\/ca\/sofa-ray-outdoor-bb-italia\/","title":{"rendered":"Sof\u00e1 Ray Outdoor B&#038;B Italia"},"content":{"rendered":"<div class=\"wpb-content-wrapper\"><p>[vc_row][vc_column][vc_column_text]<\/p>\n<p><img decoding=\"async\" class=\"wp-image-1077 size-large aligncenter\" title=\"Sofa Ray Outdoor B&#038;B Italia\" src=\"\/wp-content\/uploads\/2020\/08\/sofa_ray_outdoor_bb_italia.jpg\" alt=\"Sofa Ray Outdoor B&#038;B Italia\" width=\"100%\" height=\"400\"\/><\/h5>\n<h2 style=\"font-size: 16px; text-align: left;\"><strong>El sof\u00e0 Ray Outdoor de B&#038;B Italia arriba despr\u00e9s de l\u2019\u00e8xit de la seva versi\u00f3 d\u2019interior, tamb\u00e9 coordinada pel prestigi\u00f3s Antonio Citterio.<\/strong><\/h2>\n<p style=\"font-size: 16px; text-align: left;\">Aquesta nova versi\u00f3 d\u2019exterior es presenta amb dues fam\u00edlies diferenciades: \u201cNatural\u201d i \u201cFabric\u201d. Malgrat de tenir estructures molt similars, ambdues col\u00b7leccions es diferencien en els trenats i els materials utilitzats en la seva construcci\u00f3.<\/p>\n<p style=\"font-size: 16px; text-align: left;\">Pel que respecta a la fam\u00edlia Ray Outdoor Natural, destaca per utilitzar un trenat que recorda a la fusta d\u2019Abac\u00e0, una planta tropical molt apreciada de la qual s\u2019extreuen fibres t\u00e8xtils de gran qualitat. Es tracta d\u2019un sof\u00e0 ideal per a la vida exterior, que encaixa a la perfecci\u00f3 en jardins i terrasses.<\/p>\n<p style=\"font-size: 16px; text-align: left;\">A MIRSA interiorisme &#038; mobiliari som distribu\u00efdors oficials B&#038;B Italia. Per a m\u00e9s informaci\u00f3, visiti el nostre Showroom o contacti amb nosaltres.<\/p>\n<p>[\/vc_column_text][vc_row_inner][vc_column_inner]<style type=\"text\/css\">#bklyn_btn_69d2a4a4ba4df .bklyn-btn { color:#ffffff !important; background-color:black !important; }<\/style><div id=\"bklyn_btn_69d2a4a4ba4df\" class=\"bklyn-btn-holder  bklyn-btn-center bklyn-btn-tablet-center bklyn-btn-mobile-center\"><a title=\"Contacto\"   href=\"\/contacto\" target=\"_self\" class=\"bklyn-btn  bklyn-btn-icon-left bklyn-btn-normal\" ><i class=\"fa fa-envelope\"><\/i><span class=\"ut-btn-text\">M\u00e9s informaci\u00f3<\/span><\/a><\/div>[\/vc_column_inner][\/vc_row_inner][\/vc_column][\/vc_row][vc_section][vc_row][vc_column width=&#8221;1\/2&#8243;]<div  class=\"wpb_content_element   clearfix\"><style type=\"text\/css\">#ut_am_69d2a4a4bb3ed { opacity: 1; }#ut_am_wrap_69d2a4a4bb3ee { text-align: left; }@media (min-width: 768px) and (max-width: 1024px) { #ut_am_wrap_69d2a4a4bb3ee { text-align: left !important; } }@media (max-width: 767px) { #ut_am_wrap_69d2a4a4bb3ee { text-align: center !important; } }<\/style><div id=\"ut_am_wrap_69d2a4a4bb3ee\" class=\"ut-image-gallery-image \"><div id=\"ut_reveal_69d2a4a4bb3ef\"  data-appear-top-offset=\"auto\" class=\"ut-animated-image-item ut-image-gallery-item ut-animation-done \"><a class=\"ut-deactivated-link\" href=\"#\"><div class=\"ut-animated-image-zoom\">\r\n        <div class=\"ut-element-glitch-wrap\">\r\n\r\n            \r\n        <style type=\"text\/css\">\r\n\r\n                        \r\n        @media (min-width: 1025px) {\r\n\r\n        #ut-element-glitch-69d2a4a4bb410135860638-35448 .ut-glitch-single-element {\r\n                                            \r\n                }\r\n        }\r\n\r\n        @media (min-width: 768px) and (max-width: 1024px) {\r\n\r\n        #ut-element-glitch-69d2a4a4bb410135860638-35448 .ut-glitch-single-element {\r\n                                                \r\n                    }\r\n        }\r\n\r\n        @media (max-width: 767px) {\r\n\r\n        #ut-element-glitch-69d2a4a4bb410135860638-35448 .ut-glitch-single-element {\r\n                                                \r\n                    }\r\n        }\r\n\r\n        \r\n        <\/style>\r\n\r\n        \r\n            <div id=\"ut-element-glitch-69d2a4a4bb410135860638-35448\" class=\" ut-element-glitch ut-glitch-none ut-element-glitch-permanent\">\r\n                <div class=\"ut-glitch-single-element ut-lozad skip-lazy\" data-background-image=\"https:\/\/www.mirsa.es\/wp-content\/uploads\/2020\/08\/sofa_ray_outdoor_bb_italia_1.jpg\"><\/div>\r\n                <div class=\"ut-glitch-single-element ut-lozad skip-lazy\" data-background-image=\"https:\/\/www.mirsa.es\/wp-content\/uploads\/2020\/08\/sofa_ray_outdoor_bb_italia_1.jpg\"><\/div>\r\n                <div class=\"ut-glitch-single-element ut-lozad skip-lazy\" data-background-image=\"https:\/\/www.mirsa.es\/wp-content\/uploads\/2020\/08\/sofa_ray_outdoor_bb_italia_1.jpg\"><\/div>\r\n                <div class=\"ut-glitch-single-element ut-lozad skip-lazy\" data-background-image=\"https:\/\/www.mirsa.es\/wp-content\/uploads\/2020\/08\/sofa_ray_outdoor_bb_italia_1.jpg\"><\/div>\r\n                <div class=\"ut-glitch-single-element ut-lozad skip-lazy\" data-background-image=\"https:\/\/www.mirsa.es\/wp-content\/uploads\/2020\/08\/sofa_ray_outdoor_bb_italia_1.jpg\"><\/div>\r\n            <\/div>\r\n\r\n        <\/div>\r\n\r\n        <img loading=\"lazy\" decoding=\"async\" class=\"ut-lazy skip-lazy ut-animated-image \"  id=\"ut_am_69d2a4a4bb3ed\" src=\"data:image\/svg+xml;charset=utf-8,%3Csvg xmlns%3D'http%3A%2F%2Fwww.w3.org%2F2000%2Fsvg' viewBox%3D'0 0 600 324'%2F%3E\" data-src=\"https:\/\/www.mirsa.es\/wp-content\/uploads\/2020\/08\/sofa_ray_outdoor_bb_italia_1.jpg\" width=\"600\" height=\"324\" alt=\"\"\/><\/div><\/a><\/div><\/div><\/div>[\/vc_column][vc_column width=&#8221;1\/2&#8243;]<div  class=\"wpb_content_element   clearfix\"><style type=\"text\/css\">#ut_am_69d2a4a4bbba3 { opacity: 1; }#ut_am_wrap_69d2a4a4bbba4 { text-align: left; }@media (min-width: 768px) and (max-width: 1024px) { #ut_am_wrap_69d2a4a4bbba4 { text-align: left !important; } }@media (max-width: 767px) { #ut_am_wrap_69d2a4a4bbba4 { text-align: center !important; } }<\/style><div id=\"ut_am_wrap_69d2a4a4bbba4\" class=\"ut-image-gallery-image \"><div id=\"ut_reveal_69d2a4a4bbba5\"  data-appear-top-offset=\"auto\" class=\"ut-animated-image-item ut-image-gallery-item ut-animation-done \"><a class=\"ut-deactivated-link\" href=\"#\"><div class=\"ut-animated-image-zoom\">\r\n        <div class=\"ut-element-glitch-wrap\">\r\n\r\n            \r\n        <style type=\"text\/css\">\r\n\r\n                        \r\n        @media (min-width: 1025px) {\r\n\r\n        #ut-element-glitch-69d2a4a4bbbbb022481716-35449 .ut-glitch-single-element {\r\n                                            \r\n                }\r\n        }\r\n\r\n        @media (min-width: 768px) and (max-width: 1024px) {\r\n\r\n        #ut-element-glitch-69d2a4a4bbbbb022481716-35449 .ut-glitch-single-element {\r\n                                                \r\n                    }\r\n        }\r\n\r\n        @media (max-width: 767px) {\r\n\r\n        #ut-element-glitch-69d2a4a4bbbbb022481716-35449 .ut-glitch-single-element {\r\n                                                \r\n                    }\r\n        }\r\n\r\n        \r\n        <\/style>\r\n\r\n        \r\n            <div id=\"ut-element-glitch-69d2a4a4bbbbb022481716-35449\" class=\" ut-element-glitch ut-glitch-none ut-element-glitch-permanent\">\r\n                <div class=\"ut-glitch-single-element ut-lozad skip-lazy\" data-background-image=\"https:\/\/www.mirsa.es\/wp-content\/uploads\/2020\/08\/sofa_ray_outdoor_bb_italia_2.jpg\"><\/div>\r\n                <div class=\"ut-glitch-single-element ut-lozad skip-lazy\" data-background-image=\"https:\/\/www.mirsa.es\/wp-content\/uploads\/2020\/08\/sofa_ray_outdoor_bb_italia_2.jpg\"><\/div>\r\n                <div class=\"ut-glitch-single-element ut-lozad skip-lazy\" data-background-image=\"https:\/\/www.mirsa.es\/wp-content\/uploads\/2020\/08\/sofa_ray_outdoor_bb_italia_2.jpg\"><\/div>\r\n                <div class=\"ut-glitch-single-element ut-lozad skip-lazy\" data-background-image=\"https:\/\/www.mirsa.es\/wp-content\/uploads\/2020\/08\/sofa_ray_outdoor_bb_italia_2.jpg\"><\/div>\r\n                <div class=\"ut-glitch-single-element ut-lozad skip-lazy\" data-background-image=\"https:\/\/www.mirsa.es\/wp-content\/uploads\/2020\/08\/sofa_ray_outdoor_bb_italia_2.jpg\"><\/div>\r\n            <\/div>\r\n\r\n        <\/div>\r\n\r\n        <img loading=\"lazy\" decoding=\"async\" class=\"ut-lazy skip-lazy ut-animated-image \"  id=\"ut_am_69d2a4a4bbba3\" src=\"data:image\/svg+xml;charset=utf-8,%3Csvg xmlns%3D'http%3A%2F%2Fwww.w3.org%2F2000%2Fsvg' viewBox%3D'0 0 600 324'%2F%3E\" data-src=\"https:\/\/www.mirsa.es\/wp-content\/uploads\/2020\/08\/sofa_ray_outdoor_bb_italia_2.jpg\" width=\"600\" height=\"324\" alt=\"\"\/><\/div><\/a><\/div><\/div><\/div>[\/vc_column][\/vc_row][\/vc_section]<\/p>\n<\/div>","protected":false},"excerpt":{"rendered":"<p>[vc_row][vc_column][vc_column_text] El sof\u00e0 Ray Outdoor de B&#038;B Italia arriba despr\u00e9s de l\u2019\u00e8xit de la seva versi\u00f3 d\u2019interior, tamb\u00e9 coordinada pel prestigi\u00f3s Antonio Citterio. Aquesta nova versi\u00f3 d\u2019exterior es presenta amb dues fam\u00edlies diferenciades: \u201cNatural\u201d i \u201cFabric\u201d. Malgrat de tenir estructures molt similars, ambdues col\u00b7leccions es diferencien en els trenats i els materials utilitzats en la [&hellip;]<\/p>\n","protected":false},"author":1,"featured_media":0,"parent":0,"menu_order":0,"comment_status":"closed","ping_status":"closed","template":"","meta":{"footnotes":""},"class_list":["post-52212","page","type-page","status-publish","hentry"],"aioseo_notices":[],"_links":{"self":[{"href":"https:\/\/www.mirsa.es\/ca\/wp-json\/wp\/v2\/pages\/52212","targetHints":{"allow":["GET"]}}],"collection":[{"href":"https:\/\/www.mirsa.es\/ca\/wp-json\/wp\/v2\/pages"}],"about":[{"href":"https:\/\/www.mirsa.es\/ca\/wp-json\/wp\/v2\/types\/page"}],"author":[{"embeddable":true,"href":"https:\/\/www.mirsa.es\/ca\/wp-json\/wp\/v2\/users\/1"}],"replies":[{"embeddable":true,"href":"https:\/\/www.mirsa.es\/ca\/wp-json\/wp\/v2\/comments?post=52212"}],"version-history":[{"count":0,"href":"https:\/\/www.mirsa.es\/ca\/wp-json\/wp\/v2\/pages\/52212\/revisions"}],"wp:attachment":[{"href":"https:\/\/www.mirsa.es\/ca\/wp-json\/wp\/v2\/media?parent=52212"}],"curies":[{"name":"wp","href":"https:\/\/api.w.org\/{rel}","templated":true}]}}