{"id":52189,"date":"2017-09-06T11:33:37","date_gmt":"2017-09-06T09:33:37","guid":{"rendered":"http:\/\/www.mirsa.es.mialias.net\/sofa-prado-ligne-roset\/"},"modified":"2021-03-06T12:00:57","modified_gmt":"2021-03-06T12:00:57","slug":"sofa-prado-ligne-roset","status":"publish","type":"page","link":"https:\/\/www.mirsa.es\/ca\/sofa-prado-ligne-roset\/","title":{"rendered":"Sofa Prado Ligne Roset"},"content":{"rendered":"<div class=\"wpb-content-wrapper\"><p>[vc_row][vc_column][vc_column_text]<\/p>\n<p><img decoding=\"async\" class=\"wp-image-1077 size-large aligncenter\" title=\"Sofa Prado Ligne Roset\" src=\"\/wp-content\/uploads\/2020\/06\/sofa_prado_ligne_roset_01.jpg\" alt=\"Sofa Prado Ligne Roset\" width=\"100%\" height=\"400\"\/><\/p>\n<h2 style=\"font-size: 16px; text-align: left;\"><strong>El sof\u00e0 Prado de la firma francesa Ligne Roset basa el seu gran \u00e8xit en l\u2019estudi exhaustiu dels h\u00e0bits de vida que hi ha darrere del seu disseny, el que li permet adaptar-se amb facilitat a tot tipus d\u2019espais i necessitats.<\/strong><\/h2>\n<p style=\"font-size: 16px; text-align: left;\">La col\u00b7lecci\u00f3, a m\u00e9s a m\u00e9s, ofereix un plus amb els seus dissenys moderns i innovadors, trobant l\u2019equilibri perfecte entre funcionalitat i est\u00e8tica.<\/p>\n<p style=\"font-size: 16px; text-align: left;\">Prado est\u00e0 format per una banqueta modular ajustable, sobre la que es col\u00b7loquen els coixins antilliscants que actuen com a respatller. \u00c9s precisament aquesta llibertat en la configuraci\u00f3 del sistema el que fa del sof\u00e0 una pe\u00e7a \u00fanica i exclusiva.<\/p>\n<p style=\"font-size: 16px; text-align: left;\">A MIRSA interiorisme &#038; mobiliari disposem d\u2019un gran ventall de col\u00b7leccions Ligne Roset. Per a m\u00e9s informaci\u00f3 visiti el nostre Showroom o contacti amb nosaltres.<\/p>\n<p>[\/vc_column_text][vc_row_inner][vc_column_inner]<style type=\"text\/css\">#bklyn_btn_69d20c877cb64 .bklyn-btn { color:#ffffff !important; background-color:black !important; }<\/style><div id=\"bklyn_btn_69d20c877cb64\" class=\"bklyn-btn-holder  bklyn-btn-center bklyn-btn-tablet-center bklyn-btn-mobile-center\"><a title=\"Contacto\"   href=\"\/contacto\" target=\"_self\" class=\"bklyn-btn  bklyn-btn-icon-left bklyn-btn-normal\" ><i class=\"fa fa-envelope\"><\/i><span class=\"ut-btn-text\">M\u00e9s informaci\u00f3<\/span><\/a><\/div>[\/vc_column_inner][\/vc_row_inner][\/vc_column][\/vc_row]<\/p>\n<\/div>","protected":false},"excerpt":{"rendered":"<p>[vc_row][vc_column][vc_column_text] El sof\u00e0 Prado de la firma francesa Ligne Roset basa el seu gran \u00e8xit en l\u2019estudi exhaustiu dels h\u00e0bits de vida que hi ha darrere del seu disseny, el que li permet adaptar-se amb facilitat a tot tipus d\u2019espais i necessitats. La col\u00b7lecci\u00f3, a m\u00e9s a m\u00e9s, ofereix un plus amb els seus dissenys [&hellip;]<\/p>\n","protected":false},"author":1,"featured_media":0,"parent":0,"menu_order":0,"comment_status":"closed","ping_status":"closed","template":"","meta":{"footnotes":""},"class_list":["post-52189","page","type-page","status-publish","hentry"],"aioseo_notices":[],"_links":{"self":[{"href":"https:\/\/www.mirsa.es\/ca\/wp-json\/wp\/v2\/pages\/52189","targetHints":{"allow":["GET"]}}],"collection":[{"href":"https:\/\/www.mirsa.es\/ca\/wp-json\/wp\/v2\/pages"}],"about":[{"href":"https:\/\/www.mirsa.es\/ca\/wp-json\/wp\/v2\/types\/page"}],"author":[{"embeddable":true,"href":"https:\/\/www.mirsa.es\/ca\/wp-json\/wp\/v2\/users\/1"}],"replies":[{"embeddable":true,"href":"https:\/\/www.mirsa.es\/ca\/wp-json\/wp\/v2\/comments?post=52189"}],"version-history":[{"count":0,"href":"https:\/\/www.mirsa.es\/ca\/wp-json\/wp\/v2\/pages\/52189\/revisions"}],"wp:attachment":[{"href":"https:\/\/www.mirsa.es\/ca\/wp-json\/wp\/v2\/media?parent=52189"}],"curies":[{"name":"wp","href":"https:\/\/api.w.org\/{rel}","templated":true}]}}