{"id":52164,"date":"2020-07-02T09:30:55","date_gmt":"2020-07-02T09:30:55","guid":{"rendered":"http:\/\/www.mirsa.es.mialias.net\/sofa-patmos-riva-1920\/"},"modified":"2021-03-06T10:20:12","modified_gmt":"2021-03-06T10:20:12","slug":"sofa-patmos-riva-1920","status":"publish","type":"page","link":"https:\/\/www.mirsa.es\/ca\/sofa-patmos-riva-1920\/","title":{"rendered":"Sofa Patmos Riva 1920"},"content":{"rendered":"<div class=\"wpb-content-wrapper\"><p>[vc_row][vc_column][vc_column_text]<\/p>\n<p><img decoding=\"async\" class=\"wp-image-1077 size-large aligncenter\" title=\"Sofa Patmos -Riva 1920\" src=\"\/wp-content\/uploads\/2020\/07\/sofa_patmos_riva_1920.jpg\" alt=\"Sofa Patmos - Riva 1920\" width=\"100%\" height=\"400\" \/><\/p>\n<h2 style=\"font-size: 16px; text-align: left;\"><strong>Patmos de la prestigiosa firma italiana Riva 1920 \u00e9s un exclusiu i confortable sof\u00e0 d\u2019estil contemporani patentat pel reconegut dissenyador Terry Dwan.<\/p>\n<h2><\/strong><\/h2>\n<p style=\"font-size: 16px; text-align: left;\">Es tracta d\u2019un elegant sof\u00e0 amb revestiment i coixins a la vista, que es caracteritza pels seus m\u00f2duls en fusta massissa, que es presenten en un bloc \u00fanic.<\/p>\n<p style=\"font-size: 16px; text-align: left;\">La col\u00b7lecci\u00f3 destaca per les seves potes en pat\u00ed de ferro i permet m\u00faltiples opcions de configuraci\u00f3 i personalitzaci\u00f3.<\/p>\n<p style=\"font-size: 16px; text-align: left;\">A MIRSA interiorisme &#038; mobiliari som distribu\u00efdors oficials Riva 1920. Per a m\u00e9s informaci\u00f3, visiti el nostre Showroom o contacti amb nosaltres.<\/p>\n<p>[\/vc_column_text][vc_row_inner][vc_column_inner]<style type=\"text\/css\">#bklyn_btn_69d219b81420f .bklyn-btn { color:#ffffff !important; background-color:black !important; }<\/style><div id=\"bklyn_btn_69d219b81420f\" class=\"bklyn-btn-holder  bklyn-btn-center bklyn-btn-tablet-center bklyn-btn-mobile-center\"><a title=\"Contacto\"   href=\"\/contacto\" target=\"_self\" class=\"bklyn-btn  bklyn-btn-icon-left bklyn-btn-normal\" ><i class=\"fa fa-envelope\"><\/i><span class=\"ut-btn-text\">M\u00e9s informaci\u00f3<\/span><\/a><\/div>[\/vc_column_inner][\/vc_row_inner][\/vc_column][\/vc_row]<\/p>\n<\/div>","protected":false},"excerpt":{"rendered":"<p>[vc_row][vc_column][vc_column_text] Patmos de la prestigiosa firma italiana Riva 1920 \u00e9s un exclusiu i confortable sof\u00e0 d\u2019estil contemporani patentat pel reconegut dissenyador Terry Dwan. Es tracta d\u2019un elegant sof\u00e0 amb revestiment i coixins a la vista, que es caracteritza pels seus m\u00f2duls en fusta massissa, que es presenten en un bloc \u00fanic. La col\u00b7lecci\u00f3 destaca per [&hellip;]<\/p>\n","protected":false},"author":1,"featured_media":0,"parent":0,"menu_order":0,"comment_status":"closed","ping_status":"closed","template":"","meta":{"footnotes":""},"class_list":["post-52164","page","type-page","status-publish","hentry"],"aioseo_notices":[],"_links":{"self":[{"href":"https:\/\/www.mirsa.es\/ca\/wp-json\/wp\/v2\/pages\/52164","targetHints":{"allow":["GET"]}}],"collection":[{"href":"https:\/\/www.mirsa.es\/ca\/wp-json\/wp\/v2\/pages"}],"about":[{"href":"https:\/\/www.mirsa.es\/ca\/wp-json\/wp\/v2\/types\/page"}],"author":[{"embeddable":true,"href":"https:\/\/www.mirsa.es\/ca\/wp-json\/wp\/v2\/users\/1"}],"replies":[{"embeddable":true,"href":"https:\/\/www.mirsa.es\/ca\/wp-json\/wp\/v2\/comments?post=52164"}],"version-history":[{"count":0,"href":"https:\/\/www.mirsa.es\/ca\/wp-json\/wp\/v2\/pages\/52164\/revisions"}],"wp:attachment":[{"href":"https:\/\/www.mirsa.es\/ca\/wp-json\/wp\/v2\/media?parent=52164"}],"curies":[{"name":"wp","href":"https:\/\/api.w.org\/{rel}","templated":true}]}}