{"id":52148,"date":"2018-01-17T20:08:28","date_gmt":"2018-01-17T19:08:28","guid":{"rendered":"http:\/\/www.mirsa.es.mialias.net\/sofa-otium-maxalto\/"},"modified":"2021-03-06T09:03:58","modified_gmt":"2021-03-06T09:03:58","slug":"sofa-otium-maxalto","status":"publish","type":"page","link":"https:\/\/www.mirsa.es\/ca\/sofa-otium-maxalto\/","title":{"rendered":"Sofa Otium Maxalto"},"content":{"rendered":"<div class=\"wpb-content-wrapper\"><p>[vc_row][vc_column][vc_column_text]<\/p>\n<p><img decoding=\"async\" class=\"wp-image-1077 size-large aligncenter\" title=\"Sofa Otium Maxalto\" src=\"\/wp-content\/uploads\/2020\/06\/otium_maxalto.jpg\" alt=\"Sofa Otium\" width=\"100%\" height=\"400\" \/><\/p>\n<h2 style=\"font-size: 16px; text-align: left;\"><strong>El sof\u00e0 Otium de Maxalto destaca pel seu estil cl\u00e0ssic contemporani i per la seva estructura confortable i de volums generosos.<\/strong><\/h2>\n<p style=\"font-size: 16px; text-align: left;\">Dissenyada pel prestigi\u00f3s Antonio Citterio, la pe\u00e7a est\u00e0 disponible en diverses mides i dues profunditats de seient, permetent m\u00faltiples composicions lineals i angulars.<\/p>\n<p style=\"font-size: 16px; text-align: left;\">Otium presta especial atenci\u00f3 als detalls, incorporant adorns de cuir sint\u00e8tic que embelleixen els reposabra\u00e7os i el respatller.<\/p>\n<p style=\"font-size: 16px; text-align: left;\">A MIRSA interiorisme &#038; mobiliari disposem d\u2019una extensa col\u00b7lecci\u00f3 de mobles Maxalto. Per a m\u00e9s informaci\u00f3, visiti la nostra exposici\u00f3 o contacti amb nosaltres.<\/p>\n<p>[\/vc_column_text][vc_row_inner][vc_column_inner]<style type=\"text\/css\">#bklyn_btn_69d2564a0d4ba .bklyn-btn { color:#ffffff !important; background-color:black !important; }<\/style><div id=\"bklyn_btn_69d2564a0d4ba\" class=\"bklyn-btn-holder  bklyn-btn-center bklyn-btn-tablet-center bklyn-btn-mobile-center\"><a title=\"Contacto\"   href=\"\/contacto\" target=\"_self\" class=\"bklyn-btn  bklyn-btn-icon-left bklyn-btn-normal\" ><i class=\"fa fa-envelope\"><\/i><span class=\"ut-btn-text\">M\u00e9s informaci\u00f3<\/span><\/a><\/div>[\/vc_column_inner][\/vc_row_inner][\/vc_column][\/vc_row]<\/p>\n<\/div>","protected":false},"excerpt":{"rendered":"<p>[vc_row][vc_column][vc_column_text] El sof\u00e0 Otium de Maxalto destaca pel seu estil cl\u00e0ssic contemporani i per la seva estructura confortable i de volums generosos. Dissenyada pel prestigi\u00f3s Antonio Citterio, la pe\u00e7a est\u00e0 disponible en diverses mides i dues profunditats de seient, permetent m\u00faltiples composicions lineals i angulars. Otium presta especial atenci\u00f3 als detalls, incorporant adorns de cuir [&hellip;]<\/p>\n","protected":false},"author":1,"featured_media":0,"parent":0,"menu_order":0,"comment_status":"closed","ping_status":"closed","template":"","meta":{"footnotes":""},"class_list":["post-52148","page","type-page","status-publish","hentry"],"aioseo_notices":[],"_links":{"self":[{"href":"https:\/\/www.mirsa.es\/ca\/wp-json\/wp\/v2\/pages\/52148","targetHints":{"allow":["GET"]}}],"collection":[{"href":"https:\/\/www.mirsa.es\/ca\/wp-json\/wp\/v2\/pages"}],"about":[{"href":"https:\/\/www.mirsa.es\/ca\/wp-json\/wp\/v2\/types\/page"}],"author":[{"embeddable":true,"href":"https:\/\/www.mirsa.es\/ca\/wp-json\/wp\/v2\/users\/1"}],"replies":[{"embeddable":true,"href":"https:\/\/www.mirsa.es\/ca\/wp-json\/wp\/v2\/comments?post=52148"}],"version-history":[{"count":0,"href":"https:\/\/www.mirsa.es\/ca\/wp-json\/wp\/v2\/pages\/52148\/revisions"}],"wp:attachment":[{"href":"https:\/\/www.mirsa.es\/ca\/wp-json\/wp\/v2\/media?parent=52148"}],"curies":[{"name":"wp","href":"https:\/\/api.w.org\/{rel}","templated":true}]}}