{"id":52132,"date":"2020-07-02T09:40:39","date_gmt":"2020-07-02T09:40:39","guid":{"rendered":"http:\/\/www.mirsa.es.mialias.net\/sofa-nudo-riva-1920\/"},"modified":"2021-03-05T17:24:58","modified_gmt":"2021-03-05T17:24:58","slug":"sofa-nudo-riva-1920","status":"publish","type":"page","link":"https:\/\/www.mirsa.es\/ca\/sofa-nudo-riva-1920\/","title":{"rendered":"Sofa Nudo Riva 1920"},"content":{"rendered":"<div class=\"wpb-content-wrapper\"><p>[vc_row][vc_column][vc_column_text]<\/p>\n<p><img decoding=\"async\" class=\"wp-image-1077 size-large aligncenter\" title=\"Sofa Nudo - Riva 1920\" src=\"\/wp-content\/uploads\/2020\/07\/sofa_nudo_riva_1920.jpg\" alt=\"Sofa Nudo - Riva 1920\" width=\"100%\" height=\"400\" \/><\/p>\n<h2 style=\"font-size: 16px; text-align: left;\"><strong>Nudo de la reconeguda firma italiana Riva 1920 \u00e9s un elegant i exclusiu sof\u00e0 d\u2019estil contemporani patentat pel prestigi\u00f3s dissenyador Fabrizio Zappa.<\/strong><\/h2>\n<p style=\"font-size: 16px; text-align: left;\">El sof\u00e0 destaca pel seu espectacular bastidor esculpit en fusta massissa, que representa una perfecta combinaci\u00f3 i estil que s\u2019inspira en la famosa \u00f2pera d\u2019AmedeoModigliana.<\/p>\n<p style=\"font-size: 16px; text-align: left;\">Es tracta d\u2019una pe\u00e7a vers\u00e0til i polivalent, que gr\u00e0cies a les seves m\u00faltiples opcions de configuraci\u00f3 i personalitzaci\u00f3, encaixa a la perfecci\u00f3 en qualsevol mena d\u2019espai.<\/p>\n<p style=\"font-size: 16px; text-align: left;\">A MIRSA interiorisme &#038; mobiliari som distribu\u00efdors oficials Riva 1920. Per a m\u00e9s informaci\u00f3, visiti el nostre Showroom o contacti amb nosaltres.<\/p>\n<p>[\/vc_column_text][vc_row_inner][vc_column_inner]<style type=\"text\/css\">#bklyn_btn_69d260cda192e .bklyn-btn { color:#ffffff !important; background-color:black !important; }<\/style><div id=\"bklyn_btn_69d260cda192e\" class=\"bklyn-btn-holder  bklyn-btn-center bklyn-btn-tablet-center bklyn-btn-mobile-center\"><a title=\"Contacto\"   href=\"\/contacto\" target=\"_self\" class=\"bklyn-btn  bklyn-btn-icon-left bklyn-btn-normal\" ><i class=\"fa fa-envelope\"><\/i><span class=\"ut-btn-text\">M\u00e9s informaci\u00f3<\/span><\/a><\/div>[\/vc_column_inner][\/vc_row_inner][\/vc_column][\/vc_row]<\/p>\n<\/div>","protected":false},"excerpt":{"rendered":"<p>[vc_row][vc_column][vc_column_text] Nudo de la reconeguda firma italiana Riva 1920 \u00e9s un elegant i exclusiu sof\u00e0 d\u2019estil contemporani patentat pel prestigi\u00f3s dissenyador Fabrizio Zappa. El sof\u00e0 destaca pel seu espectacular bastidor esculpit en fusta massissa, que representa una perfecta combinaci\u00f3 i estil que s\u2019inspira en la famosa \u00f2pera d\u2019AmedeoModigliana. Es tracta d\u2019una pe\u00e7a vers\u00e0til i polivalent, [&hellip;]<\/p>\n","protected":false},"author":1,"featured_media":0,"parent":0,"menu_order":0,"comment_status":"closed","ping_status":"closed","template":"","meta":{"footnotes":""},"class_list":["post-52132","page","type-page","status-publish","hentry"],"aioseo_notices":[],"_links":{"self":[{"href":"https:\/\/www.mirsa.es\/ca\/wp-json\/wp\/v2\/pages\/52132","targetHints":{"allow":["GET"]}}],"collection":[{"href":"https:\/\/www.mirsa.es\/ca\/wp-json\/wp\/v2\/pages"}],"about":[{"href":"https:\/\/www.mirsa.es\/ca\/wp-json\/wp\/v2\/types\/page"}],"author":[{"embeddable":true,"href":"https:\/\/www.mirsa.es\/ca\/wp-json\/wp\/v2\/users\/1"}],"replies":[{"embeddable":true,"href":"https:\/\/www.mirsa.es\/ca\/wp-json\/wp\/v2\/comments?post=52132"}],"version-history":[{"count":0,"href":"https:\/\/www.mirsa.es\/ca\/wp-json\/wp\/v2\/pages\/52132\/revisions"}],"wp:attachment":[{"href":"https:\/\/www.mirsa.es\/ca\/wp-json\/wp\/v2\/media?parent=52132"}],"curies":[{"name":"wp","href":"https:\/\/api.w.org\/{rel}","templated":true}]}}