{"id":52091,"date":"2017-11-07T20:19:16","date_gmt":"2017-11-07T19:19:16","guid":{"rendered":"http:\/\/www.mirsa.es.mialias.net\/sofa-moon-system-bb-italia\/"},"modified":"2021-03-05T12:07:34","modified_gmt":"2021-03-05T12:07:34","slug":"sofa-moon-system-bb-italia","status":"publish","type":"page","link":"https:\/\/www.mirsa.es\/ca\/sofa-moon-system-bb-italia\/","title":{"rendered":"Sofa Moon System B&#038;B Italia"},"content":{"rendered":"<div class=\"wpb-content-wrapper\"><p>[vc_row][vc_column][vc_column_text]<\/p>\n<p><img decoding=\"async\" class=\"wp-image-1077 size-large aligncenter\" title=\"Sofa Moon System - B&amp;B Italia\" src=\"\/wp-content\/uploads\/2020\/06\/moon_system_bb_italia.jpg\" alt=\"Sofa Moon System\" width=\"100%\" height=\"400\"\/><\/p>\n<h2 style=\"font-size: 16px; text-align: left;\"><strong>El sof\u00e0 Moon System de B&#038;B Italia neix de la inspiraci\u00f3 de l\u2019arquitecta iran\u00ed Zaha Hadid i representa una aut\u00e8ntica revoluci\u00f3 en el m\u00f3n del disseny.<\/strong><\/h2>\n<p style=\"font-size: 16px; text-align: left;\">Moon System \u00e9s la combinaci\u00f3 perfecta entre la tecnologia i la innovaci\u00f3 de B&#038;B Italia i l\u2019experimentaci\u00f3 geom\u00e8trica per la qual es caracteritza Zaha Hadid.<\/p>\n<p style=\"font-size: 16px; text-align: left;\">La dissenyadora trenca amb els estereotips i ens presenta un original seient fora del com\u00fa, amb un volum angular i din\u00e0mic on, conjuntament amb el respatller i el bra\u00e7, forma una pe\u00e7a \u00fanica.<\/p>\n<p style=\"font-size: 16px; text-align: left;\">Una espectacular pe\u00e7a que, en contra del que pot semblar, ha estat dissenyada especialment per a donar un toc de singularitat a la nostra llar.\n<\/p>\n<p style=\"font-size: 16px; text-align: left;\">A MIRSA interiorisme &#038; mobiliari som distribu\u00efdors oficials B&#038;B Italia. Per a m\u00e9s informaci\u00f3, visiti la nostra exposici\u00f3 o contacti amb nosaltres.\n<\/p>\n<p>[\/vc_column_text][vc_row_inner][vc_column_inner]<style type=\"text\/css\">#bklyn_btn_69d2a4638950f .bklyn-btn { color:#ffffff !important; background-color:black !important; }<\/style><div id=\"bklyn_btn_69d2a4638950f\" class=\"bklyn-btn-holder  bklyn-btn-center bklyn-btn-tablet-center bklyn-btn-mobile-center\"><a title=\"Contacto\"   href=\"\/contacto\" target=\"_self\" class=\"bklyn-btn  bklyn-btn-icon-left bklyn-btn-normal\" ><i class=\"fa fa-envelope\"><\/i><span class=\"ut-btn-text\">M\u00e1s informaci\u00f3n<\/span><\/a><\/div>[\/vc_column_inner][\/vc_row_inner][\/vc_column][\/vc_row][vc_section][vc_row][vc_column width=&#8221;1\/2&#8243;]<div  class=\"wpb_content_element   clearfix\"><style type=\"text\/css\">#ut_am_69d2a4638ad80 { opacity: 1; }#ut_am_wrap_69d2a4638ad81 { text-align: left; }@media (min-width: 768px) and (max-width: 1024px) { #ut_am_wrap_69d2a4638ad81 { text-align: left !important; } }@media (max-width: 767px) { #ut_am_wrap_69d2a4638ad81 { text-align: center !important; } }<\/style><div id=\"ut_am_wrap_69d2a4638ad81\" class=\"ut-image-gallery-image \"><div id=\"ut_reveal_69d2a4638ad82\"  data-appear-top-offset=\"auto\" class=\"ut-animated-image-item ut-image-gallery-item ut-animation-done \"><a class=\"ut-deactivated-link\" href=\"#\"><div class=\"ut-animated-image-zoom\">\r\n        <div class=\"ut-element-glitch-wrap\">\r\n\r\n            \r\n        <style type=\"text\/css\">\r\n\r\n                        \r\n        @media (min-width: 1025px) {\r\n\r\n        #ut-element-glitch-69d2a4638ada1784836206-31857 .ut-glitch-single-element {\r\n                                            \r\n                }\r\n        }\r\n\r\n        @media (min-width: 768px) and (max-width: 1024px) {\r\n\r\n        #ut-element-glitch-69d2a4638ada1784836206-31857 .ut-glitch-single-element {\r\n                                                \r\n                    }\r\n        }\r\n\r\n        @media (max-width: 767px) {\r\n\r\n        #ut-element-glitch-69d2a4638ada1784836206-31857 .ut-glitch-single-element {\r\n                                                \r\n                    }\r\n        }\r\n\r\n        \r\n        <\/style>\r\n\r\n        \r\n            <div id=\"ut-element-glitch-69d2a4638ada1784836206-31857\" class=\" ut-element-glitch ut-glitch-none ut-element-glitch-permanent\">\r\n                <div class=\"ut-glitch-single-element ut-lozad skip-lazy\" data-background-image=\"https:\/\/www.mirsa.es\/wp-content\/uploads\/2020\/06\/moon_system_bb_italia_01.jpg\"><\/div>\r\n                <div class=\"ut-glitch-single-element ut-lozad skip-lazy\" data-background-image=\"https:\/\/www.mirsa.es\/wp-content\/uploads\/2020\/06\/moon_system_bb_italia_01.jpg\"><\/div>\r\n                <div class=\"ut-glitch-single-element ut-lozad skip-lazy\" data-background-image=\"https:\/\/www.mirsa.es\/wp-content\/uploads\/2020\/06\/moon_system_bb_italia_01.jpg\"><\/div>\r\n                <div class=\"ut-glitch-single-element ut-lozad skip-lazy\" data-background-image=\"https:\/\/www.mirsa.es\/wp-content\/uploads\/2020\/06\/moon_system_bb_italia_01.jpg\"><\/div>\r\n                <div class=\"ut-glitch-single-element ut-lozad skip-lazy\" data-background-image=\"https:\/\/www.mirsa.es\/wp-content\/uploads\/2020\/06\/moon_system_bb_italia_01.jpg\"><\/div>\r\n            <\/div>\r\n\r\n        <\/div>\r\n\r\n        <img loading=\"lazy\" decoding=\"async\" class=\"ut-lazy skip-lazy ut-animated-image \"  id=\"ut_am_69d2a4638ad80\" src=\"data:image\/svg+xml;charset=utf-8,%3Csvg xmlns%3D'http%3A%2F%2Fwww.w3.org%2F2000%2Fsvg' viewBox%3D'0 0 600 324'%2F%3E\" data-src=\"https:\/\/www.mirsa.es\/wp-content\/uploads\/2020\/06\/moon_system_bb_italia_01.jpg\" width=\"600\" height=\"324\" alt=\"\"\/><\/div><\/a><\/div><\/div><\/div>[\/vc_column][vc_column width=&#8221;1\/2&#8243;]<div  class=\"wpb_content_element   clearfix\"><style type=\"text\/css\">#ut_am_69d2a4638b386 { opacity: 1; }#ut_am_wrap_69d2a4638b387 { text-align: left; }@media (min-width: 768px) and (max-width: 1024px) { #ut_am_wrap_69d2a4638b387 { text-align: left !important; } }@media (max-width: 767px) { #ut_am_wrap_69d2a4638b387 { text-align: center !important; } }<\/style><div id=\"ut_am_wrap_69d2a4638b387\" class=\"ut-image-gallery-image \"><div id=\"ut_reveal_69d2a4638b388\"  data-appear-top-offset=\"auto\" class=\"ut-animated-image-item ut-image-gallery-item ut-animation-done \"><a class=\"ut-deactivated-link\" href=\"#\"><div class=\"ut-animated-image-zoom\">\r\n        <div class=\"ut-element-glitch-wrap\">\r\n\r\n            \r\n        <style type=\"text\/css\">\r\n\r\n                        \r\n        @media (min-width: 1025px) {\r\n\r\n        #ut-element-glitch-69d2a4638b3a0663178655-31858 .ut-glitch-single-element {\r\n                                            \r\n                }\r\n        }\r\n\r\n        @media (min-width: 768px) and (max-width: 1024px) {\r\n\r\n        #ut-element-glitch-69d2a4638b3a0663178655-31858 .ut-glitch-single-element {\r\n                                                \r\n                    }\r\n        }\r\n\r\n        @media (max-width: 767px) {\r\n\r\n        #ut-element-glitch-69d2a4638b3a0663178655-31858 .ut-glitch-single-element {\r\n                                                \r\n                    }\r\n        }\r\n\r\n        \r\n        <\/style>\r\n\r\n        \r\n            <div id=\"ut-element-glitch-69d2a4638b3a0663178655-31858\" class=\" ut-element-glitch ut-glitch-none ut-element-glitch-permanent\">\r\n                <div class=\"ut-glitch-single-element ut-lozad skip-lazy\" data-background-image=\"https:\/\/www.mirsa.es\/wp-content\/uploads\/2020\/06\/moon_system_bb_italia_02.jpg\"><\/div>\r\n                <div class=\"ut-glitch-single-element ut-lozad skip-lazy\" data-background-image=\"https:\/\/www.mirsa.es\/wp-content\/uploads\/2020\/06\/moon_system_bb_italia_02.jpg\"><\/div>\r\n                <div class=\"ut-glitch-single-element ut-lozad skip-lazy\" data-background-image=\"https:\/\/www.mirsa.es\/wp-content\/uploads\/2020\/06\/moon_system_bb_italia_02.jpg\"><\/div>\r\n                <div class=\"ut-glitch-single-element ut-lozad skip-lazy\" data-background-image=\"https:\/\/www.mirsa.es\/wp-content\/uploads\/2020\/06\/moon_system_bb_italia_02.jpg\"><\/div>\r\n                <div class=\"ut-glitch-single-element ut-lozad skip-lazy\" data-background-image=\"https:\/\/www.mirsa.es\/wp-content\/uploads\/2020\/06\/moon_system_bb_italia_02.jpg\"><\/div>\r\n            <\/div>\r\n\r\n        <\/div>\r\n\r\n        <img loading=\"lazy\" decoding=\"async\" class=\"ut-lazy skip-lazy ut-animated-image \"  id=\"ut_am_69d2a4638b386\" src=\"data:image\/svg+xml;charset=utf-8,%3Csvg xmlns%3D'http%3A%2F%2Fwww.w3.org%2F2000%2Fsvg' viewBox%3D'0 0 600 324'%2F%3E\" data-src=\"https:\/\/www.mirsa.es\/wp-content\/uploads\/2020\/06\/moon_system_bb_italia_02.jpg\" width=\"600\" height=\"324\" alt=\"\"\/><\/div><\/a><\/div><\/div><\/div>[\/vc_column][\/vc_row][\/vc_section]<\/p>\n<\/div>","protected":false},"excerpt":{"rendered":"<p>[vc_row][vc_column][vc_column_text] El sof\u00e0 Moon System de B&#038;B Italia neix de la inspiraci\u00f3 de l\u2019arquitecta iran\u00ed Zaha Hadid i representa una aut\u00e8ntica revoluci\u00f3 en el m\u00f3n del disseny. Moon System \u00e9s la combinaci\u00f3 perfecta entre la tecnologia i la innovaci\u00f3 de B&#038;B Italia i l\u2019experimentaci\u00f3 geom\u00e8trica per la qual es caracteritza Zaha Hadid. La dissenyadora trenca [&hellip;]<\/p>\n","protected":false},"author":1,"featured_media":0,"parent":0,"menu_order":0,"comment_status":"closed","ping_status":"closed","template":"","meta":{"footnotes":""},"class_list":["post-52091","page","type-page","status-publish","hentry"],"aioseo_notices":[],"_links":{"self":[{"href":"https:\/\/www.mirsa.es\/ca\/wp-json\/wp\/v2\/pages\/52091","targetHints":{"allow":["GET"]}}],"collection":[{"href":"https:\/\/www.mirsa.es\/ca\/wp-json\/wp\/v2\/pages"}],"about":[{"href":"https:\/\/www.mirsa.es\/ca\/wp-json\/wp\/v2\/types\/page"}],"author":[{"embeddable":true,"href":"https:\/\/www.mirsa.es\/ca\/wp-json\/wp\/v2\/users\/1"}],"replies":[{"embeddable":true,"href":"https:\/\/www.mirsa.es\/ca\/wp-json\/wp\/v2\/comments?post=52091"}],"version-history":[{"count":0,"href":"https:\/\/www.mirsa.es\/ca\/wp-json\/wp\/v2\/pages\/52091\/revisions"}],"wp:attachment":[{"href":"https:\/\/www.mirsa.es\/ca\/wp-json\/wp\/v2\/media?parent=52091"}],"curies":[{"name":"wp","href":"https:\/\/api.w.org\/{rel}","templated":true}]}}