{"id":52086,"date":"2019-07-06T11:58:33","date_gmt":"2019-07-06T09:58:33","guid":{"rendered":"http:\/\/www.mirsa.es.mialias.net\/sofa-metropoly-casadesus\/"},"modified":"2021-03-05T11:38:53","modified_gmt":"2021-03-05T11:38:53","slug":"sofa-metropoly-casadesus","status":"publish","type":"page","link":"https:\/\/www.mirsa.es\/ca\/sofa-metropoly-casadesus\/","title":{"rendered":"Sofa Metropoly Casadesus"},"content":{"rendered":"<div class=\"wpb-content-wrapper\"><p>[vc_row][vc_column][vc_column_text]<\/p>\n<p><img decoding=\"async\" class=\"wp-image-1077 size-large aligncenter\" title=\"Sofa Metropoly - Casades\u00fas\" src=\"\/wp-content\/uploads\/2020\/07\/sofa_metropoly_casadesus.jpg\" alt=\"Sofa Metropoly - Casades\u00fas\" width=\"100%\" height=\"400\"\/><\/p>\n<h2 style=\"font-size: 16px; text-align: left;\"><strong>Metropoly de la prestigiosa firma de mobiliari Casades\u00fas, \u00e9s un espectacular sof\u00e0 de disseny contemporani que destaca per la seva eleg\u00e0ncia i exclusivitat.<\/strong><\/h2>\n<p style=\"font-size: 16px; text-align: left;\">Les l\u00ednies pures i minimalistes dels seus volums, aix\u00ed com la perfecta combinaci\u00f3 entre els coixins i l\u2019estructura d\u2019acer, transmeten una sensaci\u00f3 de serenitat i fermesa.<\/p>\n<p style=\"font-size: 16px; text-align: left;\">El disseny de Metropoly es basa en un conjunt de peces unides entre si, un respatller i una base rectangular subjecta per una resistent estructura d\u2019acer inoxidable.<\/p>\n<p style=\"font-size: 16px; text-align: left;\">Es tracta d\u2019un sof\u00e0 vers\u00e0til i polivalent, que gr\u00e0cies a la seva innovadora estructura, permet m\u00faltiples opcions de configuraci\u00f3.<\/p>\n<p style=\"font-size: 16px; text-align: left;\">A MIRSA interiorisme &#038; mobiliari som distribu\u00efdors oficials Casades\u00fas. Per a m\u00e9s informaci\u00f3, visiti el nostre Showroom o contacti amb nosaltres.\n<\/p>\n<p>[\/vc_column_text][vc_row_inner][vc_column_inner]<style type=\"text\/css\">#bklyn_btn_69d385f9a4383 .bklyn-btn { color:#ffffff !important; background-color:black !important; }<\/style><div id=\"bklyn_btn_69d385f9a4383\" class=\"bklyn-btn-holder  bklyn-btn-center bklyn-btn-tablet-center bklyn-btn-mobile-center\"><a title=\"Contacto\"   href=\"\/contacto\" target=\"_self\" class=\"bklyn-btn  bklyn-btn-icon-left bklyn-btn-normal\" ><i class=\"fa fa-envelope\"><\/i><span class=\"ut-btn-text\">M\u00e9s informaci\u00f3<\/span><\/a><\/div>[\/vc_column_inner][\/vc_row_inner][\/vc_column][\/vc_row]<\/p>\n<\/div>","protected":false},"excerpt":{"rendered":"<p>[vc_row][vc_column][vc_column_text] Metropoly de la prestigiosa firma de mobiliari Casades\u00fas, \u00e9s un espectacular sof\u00e0 de disseny contemporani que destaca per la seva eleg\u00e0ncia i exclusivitat. Les l\u00ednies pures i minimalistes dels seus volums, aix\u00ed com la perfecta combinaci\u00f3 entre els coixins i l\u2019estructura d\u2019acer, transmeten una sensaci\u00f3 de serenitat i fermesa. El disseny de Metropoly es [&hellip;]<\/p>\n","protected":false},"author":1,"featured_media":0,"parent":0,"menu_order":0,"comment_status":"closed","ping_status":"closed","template":"","meta":{"footnotes":""},"class_list":["post-52086","page","type-page","status-publish","hentry"],"aioseo_notices":[],"_links":{"self":[{"href":"https:\/\/www.mirsa.es\/ca\/wp-json\/wp\/v2\/pages\/52086","targetHints":{"allow":["GET"]}}],"collection":[{"href":"https:\/\/www.mirsa.es\/ca\/wp-json\/wp\/v2\/pages"}],"about":[{"href":"https:\/\/www.mirsa.es\/ca\/wp-json\/wp\/v2\/types\/page"}],"author":[{"embeddable":true,"href":"https:\/\/www.mirsa.es\/ca\/wp-json\/wp\/v2\/users\/1"}],"replies":[{"embeddable":true,"href":"https:\/\/www.mirsa.es\/ca\/wp-json\/wp\/v2\/comments?post=52086"}],"version-history":[{"count":0,"href":"https:\/\/www.mirsa.es\/ca\/wp-json\/wp\/v2\/pages\/52086\/revisions"}],"wp:attachment":[{"href":"https:\/\/www.mirsa.es\/ca\/wp-json\/wp\/v2\/media?parent=52086"}],"curies":[{"name":"wp","href":"https:\/\/api.w.org\/{rel}","templated":true}]}}