{"id":52052,"date":"2018-02-17T17:43:32","date_gmt":"2018-02-17T16:43:32","guid":{"rendered":"http:\/\/www.mirsa.es.mialias.net\/sofa-marea-arketipo\/"},"modified":"2021-03-04T17:39:04","modified_gmt":"2021-03-04T17:39:04","slug":"sofa-marea-arketipo","status":"publish","type":"page","link":"https:\/\/www.mirsa.es\/ca\/sofa-marea-arketipo\/","title":{"rendered":"Sofa Marea Arketipo"},"content":{"rendered":"<div class=\"wpb-content-wrapper\"><p>[vc_row][vc_column][vc_column_text]<\/p>\n<p><img decoding=\"async\" class=\"wp-image-1077 size-large aligncenter\" title=\"Marea Arketipo\" src=\"\/wp-content\/uploads\/2021\/03\/sofa_inkas_arketipo_portada.jpg\" alt=\"Marea Arketipo\" width=\"100%\" height=\"400\" \/><\/p>\n<h2 style=\"font-size: 16px; text-align: left;\"><strong>El sof\u00e0 Marea de la firma italiana Arketipo \u00e9s una elegant i confortable pe\u00e7a patentada pel prestigi\u00f3s dissenyador Gordon Guillaumier.<br \/>\n<\/strong><\/h2>\n<p style=\"font-size: 16px; text-align: left;\">Es tracta d\u2019un sof\u00e0 modular de l\u00ednies pures i formes ergon\u00f2miques, que garanteix al m\u00e0xim el descans. Gr\u00e0cies a la seva estructura configurable el sof\u00e0 permet m\u00faltiples opcions de personalitzaci\u00f3, adaptant-se amb facilitat a les necessitats de qualsevol espai.<\/p>\n<p style=\"font-size: 16px; text-align: left;\">A MIRSA interiorisme &#038; mobiliari som distribu\u00efdors oficials Arketipo. Per a m\u00e9s informaci\u00f3, visiti la nostra exposici\u00f3 o contacti amb nosaltres.\n<\/p>\n<p>[\/vc_column_text][vc_row_inner][vc_column_inner]<style type=\"text\/css\">#bklyn_btn_69d1a45514ee1 .bklyn-btn { color:#ffffff !important; background-color:black !important; }<\/style><div id=\"bklyn_btn_69d1a45514ee1\" class=\"bklyn-btn-holder  bklyn-btn-center bklyn-btn-tablet-center bklyn-btn-mobile-center\"><a title=\"Contacto\"   href=\"\/contacto\" target=\"_self\" class=\"bklyn-btn  bklyn-btn-icon-left bklyn-btn-normal\" ><i class=\"fa fa-envelope\"><\/i><span class=\"ut-btn-text\">M\u00e9s informaci\u00f3<\/span><\/a><\/div>[\/vc_column_inner][\/vc_row_inner][\/vc_column][\/vc_row]<\/p>\n<\/div>","protected":false},"excerpt":{"rendered":"<p>[vc_row][vc_column][vc_column_text] El sof\u00e0 Marea de la firma italiana Arketipo \u00e9s una elegant i confortable pe\u00e7a patentada pel prestigi\u00f3s dissenyador Gordon Guillaumier. Es tracta d\u2019un sof\u00e0 modular de l\u00ednies pures i formes ergon\u00f2miques, que garanteix al m\u00e0xim el descans. Gr\u00e0cies a la seva estructura configurable el sof\u00e0 permet m\u00faltiples opcions de personalitzaci\u00f3, adaptant-se amb facilitat a [&hellip;]<\/p>\n","protected":false},"author":1,"featured_media":0,"parent":0,"menu_order":0,"comment_status":"closed","ping_status":"closed","template":"","meta":{"footnotes":""},"class_list":["post-52052","page","type-page","status-publish","hentry"],"aioseo_notices":[],"_links":{"self":[{"href":"https:\/\/www.mirsa.es\/ca\/wp-json\/wp\/v2\/pages\/52052","targetHints":{"allow":["GET"]}}],"collection":[{"href":"https:\/\/www.mirsa.es\/ca\/wp-json\/wp\/v2\/pages"}],"about":[{"href":"https:\/\/www.mirsa.es\/ca\/wp-json\/wp\/v2\/types\/page"}],"author":[{"embeddable":true,"href":"https:\/\/www.mirsa.es\/ca\/wp-json\/wp\/v2\/users\/1"}],"replies":[{"embeddable":true,"href":"https:\/\/www.mirsa.es\/ca\/wp-json\/wp\/v2\/comments?post=52052"}],"version-history":[{"count":0,"href":"https:\/\/www.mirsa.es\/ca\/wp-json\/wp\/v2\/pages\/52052\/revisions"}],"wp:attachment":[{"href":"https:\/\/www.mirsa.es\/ca\/wp-json\/wp\/v2\/media?parent=52052"}],"curies":[{"name":"wp","href":"https:\/\/api.w.org\/{rel}","templated":true}]}}