{"id":52002,"date":"2019-07-03T17:59:21","date_gmt":"2019-07-03T15:59:21","guid":{"rendered":"http:\/\/www.mirsa.es.mialias.net\/sofa-longjoy-casadesus\/"},"modified":"2021-03-04T10:05:59","modified_gmt":"2021-03-04T10:05:59","slug":"sofa-longjoy-casadesus","status":"publish","type":"page","link":"https:\/\/www.mirsa.es\/ca\/sofa-longjoy-casadesus\/","title":{"rendered":"Sofa Longjoy Casades\u00fas"},"content":{"rendered":"<div class=\"wpb-content-wrapper\"><p>[vc_row][vc_column][vc_column_text]<br \/>\n<img decoding=\"async\" class=\"wp-image-1077 size-large aligncenter\" title=\"Sofa Longjoy Casades\u00fas\" src=\"\/wp-content\/uploads\/2020\/07\/sofa_lognjoy_casadesus.jpg\" alt=\"Sofa Longjoy Casades\u00fas\" width=\"100%\" height=\"400\"\/><\/p>\n<h2 style=\"font-size: 16px; text-align: left;\"><strong>Longjoy \u00e9s un espectacular sof\u00e0 d\u2019estil contemporani patentat pels prestigiosos dissenyadors italians Giancarlo Vegni i Gianfranco Gualtierotti per a la firma Casades\u00fas.<\/strong><\/h2>\n<p style=\"font-size: 16px; text-align: left;\">Gr\u00e0cies al seu innovador sistema modular, la seva estructura incorpora un moviment lineal que permet dos tipus de posicions per a garantir la m\u00e0xima comoditat.<\/p>\n<p style=\"font-size: 16px; text-align: left;\">La col\u00b7lecci\u00f3 presenta un nou i revolucionari concepte de sof\u00e0, que neix de la idea de realitzar un sistema de seients capa\u00e7 de despla\u00e7ar-se linealment.<\/p>\n<p style=\"font-size: 16px; text-align: left;\">Els m\u00f2duls del sof\u00e0 ofereixen la possibilitat de lliscar quinze cent\u00edmetres cap endavant i quinze cent\u00edmetres cap enrere, adquirint la posici\u00f3 id\u00f2nia per afavorir el descans. La col\u00b7lecci\u00f3 completa est\u00e0 formada per m\u00f2duls, chaiselongues i pufs de diferents mides.<\/p>\n<p style=\"font-size: 16px; text-align: left;\">El respatller de Longjoy consisteix en un rul\u00b7lo entapissat que es subjecta mitjan\u00e7ant suports met\u00e0l\u00b7lics d\u2019acer inoxidable ancorats als seients de cada m\u00f2dul.<\/p>\n<p style=\"font-size: 16px; text-align: left;\">A MIRSA interiorisme &#038; mobiliari som distribu\u00efdors oficials Casades\u00fas. Per a m\u00e9s informaci\u00f3, visiti el nostre Showroom o contacti amb nosaltres.\n<\/p>\n<p>[\/vc_column_text][vc_row_inner][vc_column_inner]<style type=\"text\/css\">#bklyn_btn_69d1e6234c505 .bklyn-btn { color:#ffffff !important; background-color:black !important; }<\/style><div id=\"bklyn_btn_69d1e6234c505\" class=\"bklyn-btn-holder  bklyn-btn-center bklyn-btn-tablet-center bklyn-btn-mobile-center\"><a title=\"Contacto\"   href=\"\/contacto\" target=\"_self\" class=\"bklyn-btn  bklyn-btn-icon-left bklyn-btn-normal\" ><i class=\"fa fa-envelope\"><\/i><span class=\"ut-btn-text\">M\u00e9s informaci\u00f3<\/span><\/a><\/div>[\/vc_column_inner][\/vc_row_inner][\/vc_column][\/vc_row]<\/p>\n<\/div>","protected":false},"excerpt":{"rendered":"<p>[vc_row][vc_column][vc_column_text] Longjoy \u00e9s un espectacular sof\u00e0 d\u2019estil contemporani patentat pels prestigiosos dissenyadors italians Giancarlo Vegni i Gianfranco Gualtierotti per a la firma Casades\u00fas. Gr\u00e0cies al seu innovador sistema modular, la seva estructura incorpora un moviment lineal que permet dos tipus de posicions per a garantir la m\u00e0xima comoditat. La col\u00b7lecci\u00f3 presenta un nou i revolucionari [&hellip;]<\/p>\n","protected":false},"author":1,"featured_media":0,"parent":0,"menu_order":0,"comment_status":"closed","ping_status":"closed","template":"","meta":{"footnotes":""},"class_list":["post-52002","page","type-page","status-publish","hentry"],"aioseo_notices":[],"_links":{"self":[{"href":"https:\/\/www.mirsa.es\/ca\/wp-json\/wp\/v2\/pages\/52002","targetHints":{"allow":["GET"]}}],"collection":[{"href":"https:\/\/www.mirsa.es\/ca\/wp-json\/wp\/v2\/pages"}],"about":[{"href":"https:\/\/www.mirsa.es\/ca\/wp-json\/wp\/v2\/types\/page"}],"author":[{"embeddable":true,"href":"https:\/\/www.mirsa.es\/ca\/wp-json\/wp\/v2\/users\/1"}],"replies":[{"embeddable":true,"href":"https:\/\/www.mirsa.es\/ca\/wp-json\/wp\/v2\/comments?post=52002"}],"version-history":[{"count":0,"href":"https:\/\/www.mirsa.es\/ca\/wp-json\/wp\/v2\/pages\/52002\/revisions"}],"wp:attachment":[{"href":"https:\/\/www.mirsa.es\/ca\/wp-json\/wp\/v2\/media?parent=52002"}],"curies":[{"name":"wp","href":"https:\/\/api.w.org\/{rel}","templated":true}]}}