{"id":51942,"date":"2017-11-07T11:12:47","date_gmt":"2017-11-07T10:12:47","guid":{"rendered":"http:\/\/www.mirsa.es.mialias.net\/sofa-imprimatur-maxalto-antonio-citterio\/"},"modified":"2021-03-03T11:43:16","modified_gmt":"2021-03-03T11:43:16","slug":"sofa-imprimatur-maxalto-antonio-citterio","status":"publish","type":"page","link":"https:\/\/www.mirsa.es\/ca\/sofa-imprimatur-maxalto-antonio-citterio\/","title":{"rendered":"Sofa Imprimatur Maxalto"},"content":{"rendered":"<div class=\"wpb-content-wrapper\"><p>[vc_row][vc_column][vc_column_text]<\/p>\n<p><img decoding=\"async\" class=\"wp-image-1077 size-large aligncenter\" title=\"Imprimatur - Maxalto\" src=\"\/wp-content\/uploads\/2020\/06\/sofa-imprimatur-maxalto.jpg\" alt=\"Imprimatur - Maxalto\" width=\"100%\" height=\"400\" \/><\/p>\n<h2 style=\"font-size: 16px; text-align: left;\"><strong>El sof\u00e0 Imprimatur de Maxalto, \u00e9s un elegant i refinat sof\u00e0 presentat en 1998 pel prestigi\u00f3s Antonio Citterio.<\/strong><\/h2>\n<p style=\"font-size: 16px; text-align: left;\">La col\u00b7lecci\u00f3 es presenta en dues modalitats diferents: La primera, es caracteritza per una est\u00e8tica m\u00e9s informal, amb un seient dividit en dues meitats i un respatller amb coixins de diferents mides. La segona modalitat, m\u00e9s cl\u00e0ssica i formal, es presenta amb dos gruixos diferents, amb una partici\u00f3 regular entre seients i respatller.<\/p>\n<p style=\"font-size: 16px; text-align: left;\">Imprimatur, a m\u00e9s, ens ofereix la possibilitat d\u2019incorporar dues exclusives butaques inspirades en l\u2019est\u00e8tica del sof\u00e0 que complementen i enriqueixen la composici\u00f3.<\/p>\n<p style=\"font-size: 16px; text-align: left;\">A MIRSA interiorisme &#038; mobiliari som distribu\u00efdors oficials Maxalto. Per a m\u00e9s informaci\u00f3, visiti el nostre Showroom o contacti amb nosaltres.\n<\/p>\n<p>[\/vc_column_text][vc_row_inner][vc_column_inner]<style type=\"text\/css\">#bklyn_btn_69d209c82cb9e .bklyn-btn { color:#ffffff !important; background-color:black !important; }<\/style><div id=\"bklyn_btn_69d209c82cb9e\" class=\"bklyn-btn-holder  bklyn-btn-center bklyn-btn-tablet-center bklyn-btn-mobile-center\"><a title=\"Contacto\"   href=\"\/contacto\" target=\"_self\" class=\"bklyn-btn  bklyn-btn-icon-left bklyn-btn-normal\" ><i class=\"fa fa-envelope\"><\/i><span class=\"ut-btn-text\">M\u00e9s informaci\u00f3<\/span><\/a><\/div>[\/vc_column_inner][\/vc_row_inner][\/vc_column][\/vc_row]<\/p>\n<\/div>","protected":false},"excerpt":{"rendered":"<p>[vc_row][vc_column][vc_column_text] El sof\u00e0 Imprimatur de Maxalto, \u00e9s un elegant i refinat sof\u00e0 presentat en 1998 pel prestigi\u00f3s Antonio Citterio. La col\u00b7lecci\u00f3 es presenta en dues modalitats diferents: La primera, es caracteritza per una est\u00e8tica m\u00e9s informal, amb un seient dividit en dues meitats i un respatller amb coixins de diferents mides. La segona modalitat, m\u00e9s [&hellip;]<\/p>\n","protected":false},"author":1,"featured_media":0,"parent":0,"menu_order":0,"comment_status":"closed","ping_status":"closed","template":"","meta":{"footnotes":""},"class_list":["post-51942","page","type-page","status-publish","hentry"],"aioseo_notices":[],"_links":{"self":[{"href":"https:\/\/www.mirsa.es\/ca\/wp-json\/wp\/v2\/pages\/51942","targetHints":{"allow":["GET"]}}],"collection":[{"href":"https:\/\/www.mirsa.es\/ca\/wp-json\/wp\/v2\/pages"}],"about":[{"href":"https:\/\/www.mirsa.es\/ca\/wp-json\/wp\/v2\/types\/page"}],"author":[{"embeddable":true,"href":"https:\/\/www.mirsa.es\/ca\/wp-json\/wp\/v2\/users\/1"}],"replies":[{"embeddable":true,"href":"https:\/\/www.mirsa.es\/ca\/wp-json\/wp\/v2\/comments?post=51942"}],"version-history":[{"count":0,"href":"https:\/\/www.mirsa.es\/ca\/wp-json\/wp\/v2\/pages\/51942\/revisions"}],"wp:attachment":[{"href":"https:\/\/www.mirsa.es\/ca\/wp-json\/wp\/v2\/media?parent=51942"}],"curies":[{"name":"wp","href":"https:\/\/api.w.org\/{rel}","templated":true}]}}