{"id":51905,"date":"2018-04-26T18:48:05","date_gmt":"2018-04-26T16:48:05","guid":{"rendered":"http:\/\/www.mirsa.es.mialias.net\/sofa-harris-arketipo\/"},"modified":"2021-03-03T09:39:48","modified_gmt":"2021-03-03T09:39:48","slug":"sofa-harris-arketipo","status":"publish","type":"page","link":"https:\/\/www.mirsa.es\/ca\/sofa-harris-arketipo\/","title":{"rendered":"Sofa Harris Arketipo"},"content":{"rendered":"<div class=\"wpb-content-wrapper\"><p>[vc_row][vc_column][vc_column_text]<\/p>\n<p><img decoding=\"async\" class=\"wp-image-1077 size-large aligncenter\" title=\"Harris - Arketipo\" src=\"\/wp-content\/uploads\/2020\/06\/sofa_harris_arketipo.jpg\" alt=\"Harris - Arketipo\" width=\"100%\" height=\"400\"\/><\/p>\n<h2 style=\"font-size: 16px; text-align: left;\"><strong>El sof\u00e0 HARRIS de la firma italiana Arketipo destaca per la seva estructura c\u00f2moda i acollidora, perfecta per a conversar, llegar i passar temps de qualitat amb la nostra fam\u00edlia o amics.<\/strong><\/h2>\n<p style=\"font-size: 16px; text-align: left;\">El seu estil fort i ben definit accentua les seves formes, potenciant el seu elegant disseny. La refinada carcassa que compon la seva estructura allotja els confortables coixins dels seients i respatllers, garantint aix\u00ed la m\u00e0xima comoditat.<\/p>\n<p style=\"font-size: 16px; text-align: left;\">El reconegut dissenyador Giussepe Vigan\u00f2 ens presenta una genial pe\u00e7a d\u2019estil contemporani que transmet serenitat i eleg\u00e0ncia a la nostra llar.\n<\/p>\n<p style=\"font-size: 16px; text-align: left;\">A MIRSA interiorisme &#038; mobiliari disposem d\u2019una extensa exposici\u00f3 de productes Arketipo. Per a m\u00e9s informaci\u00f3, visiti el nostre Showroom o contacti amb nosaltres.<\/p>\n<p>[\/vc_column_text][vc_row_inner][vc_column_inner]<style type=\"text\/css\">#bklyn_btn_69d1b2dd0962b .bklyn-btn { color:#ffffff !important; background-color:black !important; }<\/style><div id=\"bklyn_btn_69d1b2dd0962b\" class=\"bklyn-btn-holder  bklyn-btn-center bklyn-btn-tablet-center bklyn-btn-mobile-center\"><a title=\"Contacto\"   href=\"\/contacto\" target=\"_self\" class=\"bklyn-btn  bklyn-btn-icon-left bklyn-btn-normal\" ><i class=\"fa fa-envelope\"><\/i><span class=\"ut-btn-text\">M\u00e9s informaci\u00f3<\/span><\/a><\/div>[\/vc_column_inner][\/vc_row_inner][\/vc_column][\/vc_row]<\/p>\n<\/div>","protected":false},"excerpt":{"rendered":"<p>[vc_row][vc_column][vc_column_text] El sof\u00e0 HARRIS de la firma italiana Arketipo destaca per la seva estructura c\u00f2moda i acollidora, perfecta per a conversar, llegar i passar temps de qualitat amb la nostra fam\u00edlia o amics. El seu estil fort i ben definit accentua les seves formes, potenciant el seu elegant disseny. La refinada carcassa que compon la [&hellip;]<\/p>\n","protected":false},"author":1,"featured_media":0,"parent":0,"menu_order":0,"comment_status":"closed","ping_status":"closed","template":"","meta":{"footnotes":""},"class_list":["post-51905","page","type-page","status-publish","hentry"],"aioseo_notices":[],"_links":{"self":[{"href":"https:\/\/www.mirsa.es\/ca\/wp-json\/wp\/v2\/pages\/51905","targetHints":{"allow":["GET"]}}],"collection":[{"href":"https:\/\/www.mirsa.es\/ca\/wp-json\/wp\/v2\/pages"}],"about":[{"href":"https:\/\/www.mirsa.es\/ca\/wp-json\/wp\/v2\/types\/page"}],"author":[{"embeddable":true,"href":"https:\/\/www.mirsa.es\/ca\/wp-json\/wp\/v2\/users\/1"}],"replies":[{"embeddable":true,"href":"https:\/\/www.mirsa.es\/ca\/wp-json\/wp\/v2\/comments?post=51905"}],"version-history":[{"count":0,"href":"https:\/\/www.mirsa.es\/ca\/wp-json\/wp\/v2\/pages\/51905\/revisions"}],"wp:attachment":[{"href":"https:\/\/www.mirsa.es\/ca\/wp-json\/wp\/v2\/media?parent=51905"}],"curies":[{"name":"wp","href":"https:\/\/api.w.org\/{rel}","templated":true}]}}