{"id":51854,"date":"2020-08-12T10:52:34","date_gmt":"2020-08-12T10:52:34","guid":{"rendered":"http:\/\/www.mirsa.es.mialias.net\/sofa-flat-gandia-blasco\/"},"modified":"2021-03-02T17:12:22","modified_gmt":"2021-03-02T17:12:22","slug":"sofa-flat-gandia-blasco","status":"publish","type":"page","link":"https:\/\/www.mirsa.es\/ca\/sofa-flat-gandia-blasco\/","title":{"rendered":"Sofa Flat Gandia Blasco"},"content":{"rendered":"<div class=\"wpb-content-wrapper\"><p>[vc_row][vc_column][vc_column_text]<\/p>\n<p><img decoding=\"async\" class=\"wp-image-1077 size-large aligncenter\" title=\"Sofa Flat Gandia Blasco\" src=\"\/wp-content\/uploads\/2020\/08\/sofa_flat_gandiablasco.jpg\" alt=\"Sofa Flat Gandia Blasco\" width=\"100%\" height=\"400\"\/><\/p>\n<h2 style=\"font-size: 16px; text-align: left;\"><strong>Flat de la reconeguda firma Gandiablasco, \u00e9s un elegant i exclusiu sof\u00e0 d\u2019exterior patentat pel prestigi\u00f3s dissenyador Mario Ru\u00edz.<br \/>\n<\/strong><\/h2>\n<p style=\"font-size: 16px; text-align: left;\">Amb el pas dels anys, Flat s\u2019ha convertit en una de les col\u00b7leccions m\u00e9s ic\u00f2niques de la firma, a la vegada que ha anat incorporat nous elements i adaptant-se als nous temps.<\/p>\n<p style=\"font-size: 16px; text-align: left;\">Es tracta d\u2019una col\u00b7lecci\u00f3 equilibrada i flexible que, gr\u00e0cies a la seva estructura modular, permet m\u00faltiples opcions de configuraci\u00f3 i personalitzaci\u00f3.<\/p>\n<p style=\"font-size: 16px; text-align: left;\">A MIRSA interiorisme &#038; mobiliari som distribu\u00efdors oficials Gandiablasco. Per a m\u00e9s informaci\u00f3, visiti el nostre Showroom o contacti amb nosaltres.<\/p>\n<p>[\/vc_column_text][vc_row_inner][vc_column_inner]<style type=\"text\/css\">#bklyn_btn_69d269d444d92 .bklyn-btn { color:#ffffff !important; background-color:black !important; }<\/style><div id=\"bklyn_btn_69d269d444d92\" class=\"bklyn-btn-holder  bklyn-btn-center bklyn-btn-tablet-center bklyn-btn-mobile-center\"><a title=\"Contacto\"   href=\"\/contacto\" target=\"_self\" class=\"bklyn-btn  bklyn-btn-icon-left bklyn-btn-normal\" ><i class=\"fa fa-envelope\"><\/i><span class=\"ut-btn-text\">M\u00e9s informaci\u00f3<\/span><\/a><\/div>[\/vc_column_inner][\/vc_row_inner][\/vc_column][\/vc_row]<\/p>\n<\/div>","protected":false},"excerpt":{"rendered":"<p>[vc_row][vc_column][vc_column_text] Flat de la reconeguda firma Gandiablasco, \u00e9s un elegant i exclusiu sof\u00e0 d\u2019exterior patentat pel prestigi\u00f3s dissenyador Mario Ru\u00edz. Amb el pas dels anys, Flat s\u2019ha convertit en una de les col\u00b7leccions m\u00e9s ic\u00f2niques de la firma, a la vegada que ha anat incorporat nous elements i adaptant-se als nous temps. Es tracta d\u2019una [&hellip;]<\/p>\n","protected":false},"author":1,"featured_media":0,"parent":0,"menu_order":0,"comment_status":"closed","ping_status":"closed","template":"","meta":{"footnotes":""},"class_list":["post-51854","page","type-page","status-publish","hentry"],"aioseo_notices":[],"_links":{"self":[{"href":"https:\/\/www.mirsa.es\/ca\/wp-json\/wp\/v2\/pages\/51854","targetHints":{"allow":["GET"]}}],"collection":[{"href":"https:\/\/www.mirsa.es\/ca\/wp-json\/wp\/v2\/pages"}],"about":[{"href":"https:\/\/www.mirsa.es\/ca\/wp-json\/wp\/v2\/types\/page"}],"author":[{"embeddable":true,"href":"https:\/\/www.mirsa.es\/ca\/wp-json\/wp\/v2\/users\/1"}],"replies":[{"embeddable":true,"href":"https:\/\/www.mirsa.es\/ca\/wp-json\/wp\/v2\/comments?post=51854"}],"version-history":[{"count":0,"href":"https:\/\/www.mirsa.es\/ca\/wp-json\/wp\/v2\/pages\/51854\/revisions"}],"wp:attachment":[{"href":"https:\/\/www.mirsa.es\/ca\/wp-json\/wp\/v2\/media?parent=51854"}],"curies":[{"name":"wp","href":"https:\/\/api.w.org\/{rel}","templated":true}]}}