{"id":51744,"date":"2016-10-19T17:58:43","date_gmt":"2016-10-19T15:58:43","guid":{"rendered":"http:\/\/www.mirsa.es.mialias.net\/sofa-charles-bb-italia\/"},"modified":"2025-09-18T07:27:46","modified_gmt":"2025-09-18T07:27:46","slug":"sofa-charles-bb-italia","status":"publish","type":"page","link":"https:\/\/www.mirsa.es\/ca\/sofa-charles-bb-italia\/","title":{"rendered":"Sof\u00e1 Charles B&#038;B Italia"},"content":{"rendered":"<div class=\"wpb-content-wrapper\"><p>[vc_row][vc_column][vc_column_text]<\/p>\n<p><img decoding=\"async\" class=\"wp-image-1077 size-large aligncenter\" title=\"Sof\u00e1 Charles B&amp;B Italia\" src=\"\/wp-content\/uploads\/2020\/06\/sofa_charles_bb.jpg\" alt=\"Sof\u00e1 Charles B&amp;B Italia\" width=\"100%\" height=\"400\" \/><\/p>\n<h2 style=\"font-size: 16px; text-align: left;\"><strong>Equilibri perfecte entre eleg\u00e0ncia i funcionalitat, aix\u00ed \u00e9s Charles de B&#038;B Italia<\/strong><\/h2>\n<p style=\"font-size: 16px; text-align: left;\">Dissenyat per Antonio Citterio, Charles \u00e9s una de les peces m\u00e9s representatives del disseny itali\u00e0 contemporani. Amb una silueta refinada, proporcions equilibrades i detalls constructius d\u2019alt\u00edssima precisi\u00f3, s\u2019ha consolidat com un referent atemporal en l\u2019univers de l\u2019interiorisme d\u2019alta gamma. A MIRSA, com a <a href=\"\/ca\/muebles-bb-italia\/\">distribu\u00efdor oficial de B&#038;B Italia a Catalunya<\/a>, li oferim aquesta pe\u00e7a ic\u00f2nica com a part de la nostra acurada selecci\u00f3 de mobiliari exclusiu.<\/p>\n<h3>Una arquitectura visual recognoscible i sofisticada<\/h3>\n<p style=\"font-size: 16px; text-align: left;\">El sof\u00e0 Charles destaca pel seu car\u00e0cter arquitect\u00f2nic i la seva lleugeresa visual, accentuada per les emblem\u00e0tiques potes d\u2019alumini en forma de \u201cL\u201d. Est\u00e0 disponible en una \u00e0mplia gamma de configuracions modulars, fet que permet una integraci\u00f3 harm\u00f2nica tant en salons di\u00e0fans com en espais m\u00e9s \u00edntims, respectant sempre una est\u00e8tica depurada i coherent amb els principis del disseny contemporani.<\/p>\n<h3>Personalitzaci\u00f3, materials nobles i precisi\u00f3 artesanal<\/h3>\n<p style=\"font-size: 16px; text-align: left;\">El tapissat del model Charles es pot escollir entre una acurada gamma de teixits t\u00e8cnics o pells italianes d\u2019alt\u00edssima qualitat, tots ells treballats amb precisi\u00f3 artesanal. Cada acabat ha estat concebut per integrar-se amb naturalitat en entorns sofisticats, aportant textura, calidesa i durabilitat.<\/p>\n<h3>Una elecci\u00f3 essencial en projectes d\u2019interiorisme exclusiu<\/h3>\n<p style=\"font-size: 16px; text-align: left;\">El sof\u00e0 Charles de B&#038;B Italia \u00e9s una constant en els nostres projectes d\u2019interiorisme m\u00e9s emblem\u00e0tics. La seva capacitat per dialogar amb altres elements arquitect\u00f2nics el converteix en un aliat indispensable en composicions que busquen un llenguatge coherent entre confort, bellesa i funcionalitat.<\/p>\n<h3>Descobreixi la col\u00b7lecci\u00f3 completa de B&#038;B Italia a MIRSA<\/h3>\n<p style=\"font-size: 16px; text-align: left;\">El convidem a descobrir al nostre showroom de El Vendrell la gamma completa de mobiliari B&#038;B Italia, on cada pe\u00e7a ha estat acuradament seleccionada per respondre als est\u00e0ndards m\u00e9s alts de disseny, qualitat i exclusivitat. El nostre equip l\u2019acompanyar\u00e0 en tot el proc\u00e9s d\u2019assessorament i personalitzaci\u00f3 per transformar els seus espais en ambients elegants, funcionals i atemporals.<\/p>\n<p>[\/vc_column_text][vc_row_inner][vc_column_inner]<style type=\"text\/css\">#bklyn_btn_69d93bcd21728 .bklyn-btn { color:#ffffff !important; background-color:black !important; }<\/style><div id=\"bklyn_btn_69d93bcd21728\" class=\"bklyn-btn-holder  bklyn-btn-center bklyn-btn-tablet-center bklyn-btn-mobile-center\"><a title=\"Contacto\"   href=\"\/contacto\" target=\"_self\" class=\"bklyn-btn  bklyn-btn-icon-left bklyn-btn-normal\" ><i class=\"fa fa-envelope\"><\/i><span class=\"ut-btn-text\">M\u00e9s informaci\u00f3<\/span><\/a><\/div>[\/vc_column_inner][\/vc_row_inner][\/vc_column][\/vc_row][vc_section][vc_row][vc_column width=&#8221;1\/2&#8243;]<div  class=\"wpb_content_element   clearfix\"><style type=\"text\/css\">#ut_am_69d93bcd220dc { opacity: 1; }#ut_am_wrap_69d93bcd220dd { text-align: left; }@media (min-width: 768px) and (max-width: 1024px) { #ut_am_wrap_69d93bcd220dd { text-align: left !important; } }@media (max-width: 767px) { #ut_am_wrap_69d93bcd220dd { text-align: center !important; } }<\/style><div id=\"ut_am_wrap_69d93bcd220dd\" class=\"ut-image-gallery-image \"><div id=\"ut_reveal_69d93bcd220de\"  data-appear-top-offset=\"auto\" class=\"ut-animated-image-item ut-image-gallery-item ut-animation-done \"><a class=\"ut-deactivated-link\" href=\"#\"><div class=\"ut-animated-image-zoom\">\r\n        <div class=\"ut-element-glitch-wrap\">\r\n\r\n            \r\n        <style type=\"text\/css\">\r\n\r\n                        \r\n        @media (min-width: 1025px) {\r\n\r\n        #ut-element-glitch-69d93bcd2210b114711954-31594 .ut-glitch-single-element {\r\n                                            \r\n                }\r\n        }\r\n\r\n        @media (min-width: 768px) and (max-width: 1024px) {\r\n\r\n        #ut-element-glitch-69d93bcd2210b114711954-31594 .ut-glitch-single-element {\r\n                                                \r\n                    }\r\n        }\r\n\r\n        @media (max-width: 767px) {\r\n\r\n        #ut-element-glitch-69d93bcd2210b114711954-31594 .ut-glitch-single-element {\r\n                                                \r\n                    }\r\n        }\r\n\r\n        \r\n        <\/style>\r\n\r\n        \r\n            <div id=\"ut-element-glitch-69d93bcd2210b114711954-31594\" class=\" ut-element-glitch ut-glitch-none ut-element-glitch-permanent\">\r\n                <div class=\"ut-glitch-single-element ut-lozad skip-lazy\" data-background-image=\"https:\/\/www.mirsa.es\/wp-content\/uploads\/2020\/06\/sofa_charles_bb_italia_01.jpg\"><\/div>\r\n                <div class=\"ut-glitch-single-element ut-lozad skip-lazy\" data-background-image=\"https:\/\/www.mirsa.es\/wp-content\/uploads\/2020\/06\/sofa_charles_bb_italia_01.jpg\"><\/div>\r\n                <div class=\"ut-glitch-single-element ut-lozad skip-lazy\" data-background-image=\"https:\/\/www.mirsa.es\/wp-content\/uploads\/2020\/06\/sofa_charles_bb_italia_01.jpg\"><\/div>\r\n                <div class=\"ut-glitch-single-element ut-lozad skip-lazy\" data-background-image=\"https:\/\/www.mirsa.es\/wp-content\/uploads\/2020\/06\/sofa_charles_bb_italia_01.jpg\"><\/div>\r\n                <div class=\"ut-glitch-single-element ut-lozad skip-lazy\" data-background-image=\"https:\/\/www.mirsa.es\/wp-content\/uploads\/2020\/06\/sofa_charles_bb_italia_01.jpg\"><\/div>\r\n            <\/div>\r\n\r\n        <\/div>\r\n\r\n        <img loading=\"lazy\" decoding=\"async\" class=\"ut-lazy skip-lazy ut-animated-image \"  id=\"ut_am_69d93bcd220dc\" src=\"data:image\/svg+xml;charset=utf-8,%3Csvg xmlns%3D'http%3A%2F%2Fwww.w3.org%2F2000%2Fsvg' viewBox%3D'0 0 600 324'%2F%3E\" data-src=\"https:\/\/www.mirsa.es\/wp-content\/uploads\/2020\/06\/sofa_charles_bb_italia_01.jpg\" width=\"600\" height=\"324\" alt=\"\"\/><\/div><\/a><\/div><\/div><\/div>[\/vc_column][vc_column width=&#8221;1\/2&#8243;]<div  class=\"wpb_content_element   clearfix\"><style type=\"text\/css\">#ut_am_69d93bcd22474 { opacity: 1; }#ut_am_wrap_69d93bcd22475 { text-align: left; }@media (min-width: 768px) and (max-width: 1024px) { #ut_am_wrap_69d93bcd22475 { text-align: left !important; } }@media (max-width: 767px) { #ut_am_wrap_69d93bcd22475 { text-align: center !important; } }<\/style><div id=\"ut_am_wrap_69d93bcd22475\" class=\"ut-image-gallery-image \"><div id=\"ut_reveal_69d93bcd22476\"  data-appear-top-offset=\"auto\" class=\"ut-animated-image-item ut-image-gallery-item ut-animation-done \"><a class=\"ut-deactivated-link\" href=\"#\"><div class=\"ut-animated-image-zoom\">\r\n        <div class=\"ut-element-glitch-wrap\">\r\n\r\n            \r\n        <style type=\"text\/css\">\r\n\r\n                        \r\n        @media (min-width: 1025px) {\r\n\r\n        #ut-element-glitch-69d93bcd22489520186640-31595 .ut-glitch-single-element {\r\n                                            \r\n                }\r\n        }\r\n\r\n        @media (min-width: 768px) and (max-width: 1024px) {\r\n\r\n        #ut-element-glitch-69d93bcd22489520186640-31595 .ut-glitch-single-element {\r\n                                                \r\n                    }\r\n        }\r\n\r\n        @media (max-width: 767px) {\r\n\r\n        #ut-element-glitch-69d93bcd22489520186640-31595 .ut-glitch-single-element {\r\n                                                \r\n                    }\r\n        }\r\n\r\n        \r\n        <\/style>\r\n\r\n        \r\n            <div id=\"ut-element-glitch-69d93bcd22489520186640-31595\" class=\" ut-element-glitch ut-glitch-none ut-element-glitch-permanent\">\r\n                <div class=\"ut-glitch-single-element ut-lozad skip-lazy\" data-background-image=\"https:\/\/www.mirsa.es\/wp-content\/uploads\/2020\/06\/sofa_charles_bb_italia_02.jpg\"><\/div>\r\n                <div class=\"ut-glitch-single-element ut-lozad skip-lazy\" data-background-image=\"https:\/\/www.mirsa.es\/wp-content\/uploads\/2020\/06\/sofa_charles_bb_italia_02.jpg\"><\/div>\r\n                <div class=\"ut-glitch-single-element ut-lozad skip-lazy\" data-background-image=\"https:\/\/www.mirsa.es\/wp-content\/uploads\/2020\/06\/sofa_charles_bb_italia_02.jpg\"><\/div>\r\n                <div class=\"ut-glitch-single-element ut-lozad skip-lazy\" data-background-image=\"https:\/\/www.mirsa.es\/wp-content\/uploads\/2020\/06\/sofa_charles_bb_italia_02.jpg\"><\/div>\r\n                <div class=\"ut-glitch-single-element ut-lozad skip-lazy\" data-background-image=\"https:\/\/www.mirsa.es\/wp-content\/uploads\/2020\/06\/sofa_charles_bb_italia_02.jpg\"><\/div>\r\n            <\/div>\r\n\r\n        <\/div>\r\n\r\n        <img loading=\"lazy\" decoding=\"async\" class=\"ut-lazy skip-lazy ut-animated-image \"  id=\"ut_am_69d93bcd22474\" src=\"data:image\/svg+xml;charset=utf-8,%3Csvg xmlns%3D'http%3A%2F%2Fwww.w3.org%2F2000%2Fsvg' viewBox%3D'0 0 600 324'%2F%3E\" data-src=\"https:\/\/www.mirsa.es\/wp-content\/uploads\/2020\/06\/sofa_charles_bb_italia_02.jpg\" width=\"600\" height=\"324\" alt=\"\"\/><\/div><\/a><\/div><\/div><\/div>[\/vc_column][\/vc_row][vc_row][vc_column width=&#8221;1\/2&#8243;]<div  class=\"wpb_content_element   clearfix\"><style type=\"text\/css\">#ut_am_69d93bcd227cc { opacity: 1; }#ut_am_wrap_69d93bcd227cd { text-align: left; }@media (min-width: 768px) and (max-width: 1024px) { #ut_am_wrap_69d93bcd227cd { text-align: left !important; } }@media (max-width: 767px) { #ut_am_wrap_69d93bcd227cd { text-align: center !important; } }<\/style><div id=\"ut_am_wrap_69d93bcd227cd\" class=\"ut-image-gallery-image \"><div id=\"ut_reveal_69d93bcd227ce\"  data-appear-top-offset=\"auto\" class=\"ut-animated-image-item ut-image-gallery-item ut-animation-done \"><a class=\"ut-deactivated-link\" href=\"#\"><div class=\"ut-animated-image-zoom\">\r\n        <div class=\"ut-element-glitch-wrap\">\r\n\r\n            \r\n        <style type=\"text\/css\">\r\n\r\n                        \r\n        @media (min-width: 1025px) {\r\n\r\n        #ut-element-glitch-69d93bcd227e1676313290-31596 .ut-glitch-single-element {\r\n                                            \r\n                }\r\n        }\r\n\r\n        @media (min-width: 768px) and (max-width: 1024px) {\r\n\r\n        #ut-element-glitch-69d93bcd227e1676313290-31596 .ut-glitch-single-element {\r\n                                                \r\n                    }\r\n        }\r\n\r\n        @media (max-width: 767px) {\r\n\r\n        #ut-element-glitch-69d93bcd227e1676313290-31596 .ut-glitch-single-element {\r\n                                                \r\n                    }\r\n        }\r\n\r\n        \r\n        <\/style>\r\n\r\n        \r\n            <div id=\"ut-element-glitch-69d93bcd227e1676313290-31596\" class=\" ut-element-glitch ut-glitch-none ut-element-glitch-permanent\">\r\n                <div class=\"ut-glitch-single-element ut-lozad skip-lazy\" data-background-image=\"https:\/\/www.mirsa.es\/wp-content\/uploads\/2020\/06\/sofa_charles_bb_italia_03.jpg\"><\/div>\r\n                <div class=\"ut-glitch-single-element ut-lozad skip-lazy\" data-background-image=\"https:\/\/www.mirsa.es\/wp-content\/uploads\/2020\/06\/sofa_charles_bb_italia_03.jpg\"><\/div>\r\n                <div class=\"ut-glitch-single-element ut-lozad skip-lazy\" data-background-image=\"https:\/\/www.mirsa.es\/wp-content\/uploads\/2020\/06\/sofa_charles_bb_italia_03.jpg\"><\/div>\r\n                <div class=\"ut-glitch-single-element ut-lozad skip-lazy\" data-background-image=\"https:\/\/www.mirsa.es\/wp-content\/uploads\/2020\/06\/sofa_charles_bb_italia_03.jpg\"><\/div>\r\n                <div class=\"ut-glitch-single-element ut-lozad skip-lazy\" data-background-image=\"https:\/\/www.mirsa.es\/wp-content\/uploads\/2020\/06\/sofa_charles_bb_italia_03.jpg\"><\/div>\r\n            <\/div>\r\n\r\n        <\/div>\r\n\r\n        <img loading=\"lazy\" decoding=\"async\" class=\"ut-lazy skip-lazy ut-animated-image \"  id=\"ut_am_69d93bcd227cc\" src=\"data:image\/svg+xml;charset=utf-8,%3Csvg xmlns%3D'http%3A%2F%2Fwww.w3.org%2F2000%2Fsvg' viewBox%3D'0 0 600 324'%2F%3E\" data-src=\"https:\/\/www.mirsa.es\/wp-content\/uploads\/2020\/06\/sofa_charles_bb_italia_03.jpg\" width=\"600\" height=\"324\" alt=\"\"\/><\/div><\/a><\/div><\/div><\/div>[\/vc_column][vc_column width=&#8221;1\/2&#8243;]<div  class=\"wpb_content_element   clearfix\"><style type=\"text\/css\">#ut_am_69d93bcd22af7 { opacity: 1; }#ut_am_wrap_69d93bcd22af8 { text-align: left; }@media (min-width: 768px) and (max-width: 1024px) { #ut_am_wrap_69d93bcd22af8 { text-align: left !important; } }@media (max-width: 767px) { #ut_am_wrap_69d93bcd22af8 { text-align: center !important; } }<\/style><div id=\"ut_am_wrap_69d93bcd22af8\" class=\"ut-image-gallery-image \"><div id=\"ut_reveal_69d93bcd22af9\"  data-appear-top-offset=\"auto\" class=\"ut-animated-image-item ut-image-gallery-item ut-animation-done \"><a class=\"ut-deactivated-link\" href=\"#\"><div class=\"ut-animated-image-zoom\">\r\n        <div class=\"ut-element-glitch-wrap\">\r\n\r\n            \r\n        <style type=\"text\/css\">\r\n\r\n                        \r\n        @media (min-width: 1025px) {\r\n\r\n        #ut-element-glitch-69d93bcd22b0c953719817-31597 .ut-glitch-single-element {\r\n                                            \r\n                }\r\n        }\r\n\r\n        @media (min-width: 768px) and (max-width: 1024px) {\r\n\r\n        #ut-element-glitch-69d93bcd22b0c953719817-31597 .ut-glitch-single-element {\r\n                                                \r\n                    }\r\n        }\r\n\r\n        @media (max-width: 767px) {\r\n\r\n        #ut-element-glitch-69d93bcd22b0c953719817-31597 .ut-glitch-single-element {\r\n                                                \r\n                    }\r\n        }\r\n\r\n        \r\n        <\/style>\r\n\r\n        \r\n            <div id=\"ut-element-glitch-69d93bcd22b0c953719817-31597\" class=\" ut-element-glitch ut-glitch-none ut-element-glitch-permanent\">\r\n                <div class=\"ut-glitch-single-element ut-lozad skip-lazy\" data-background-image=\"https:\/\/www.mirsa.es\/wp-content\/uploads\/2020\/06\/sofa_charles_bb_italia_04.jpg\"><\/div>\r\n                <div class=\"ut-glitch-single-element ut-lozad skip-lazy\" data-background-image=\"https:\/\/www.mirsa.es\/wp-content\/uploads\/2020\/06\/sofa_charles_bb_italia_04.jpg\"><\/div>\r\n                <div class=\"ut-glitch-single-element ut-lozad skip-lazy\" data-background-image=\"https:\/\/www.mirsa.es\/wp-content\/uploads\/2020\/06\/sofa_charles_bb_italia_04.jpg\"><\/div>\r\n                <div class=\"ut-glitch-single-element ut-lozad skip-lazy\" data-background-image=\"https:\/\/www.mirsa.es\/wp-content\/uploads\/2020\/06\/sofa_charles_bb_italia_04.jpg\"><\/div>\r\n                <div class=\"ut-glitch-single-element ut-lozad skip-lazy\" data-background-image=\"https:\/\/www.mirsa.es\/wp-content\/uploads\/2020\/06\/sofa_charles_bb_italia_04.jpg\"><\/div>\r\n            <\/div>\r\n\r\n        <\/div>\r\n\r\n        <img loading=\"lazy\" decoding=\"async\" class=\"ut-lazy skip-lazy ut-animated-image \"  id=\"ut_am_69d93bcd22af7\" src=\"data:image\/svg+xml;charset=utf-8,%3Csvg xmlns%3D'http%3A%2F%2Fwww.w3.org%2F2000%2Fsvg' viewBox%3D'0 0 600 324'%2F%3E\" data-src=\"https:\/\/www.mirsa.es\/wp-content\/uploads\/2020\/06\/sofa_charles_bb_italia_04.jpg\" width=\"600\" height=\"324\" alt=\"\"\/><\/div><\/a><\/div><\/div><\/div>[\/vc_column][\/vc_row][\/vc_section][vc_section][vc_row][vc_column][vc_raw_html]JTNDc2NyaXB0JTIwdHlwZSUzRCUyMmFwcGxpY2F0aW9uJTJGbGQlMkJqc29uJTIyJTNFJTBBJTdCJTBBJTIwJTIwJTIyJTQwY29udGV4dCUyMiUzQSUyMCUyMmh0dHBzJTNBJTJGJTJGc2NoZW1hLm9yZyUyMiUyQyUwQSUyMCUyMCUyMiU0MHR5cGUlMjIlM0ElMjAlMjJQcm9kdWN0JTIyJTJDJTBBJTIwJTIwJTIybmFtZSUyMiUzQSUyMCUyMlNvZiVDMyVBMCUyMENoYXJsZXMlMjBCJTI2QiUyMEl0YWxpYSUyMiUyQyUwQSUyMCUyMCUyMnVybCUyMiUzQSUyMCUyMmh0dHBzJTNBJTJGJTJGd3d3Lm1pcnNhLmVzJTJGc29mYS1jaGFybGVzLWJiLWl0YWxpYSUyRiUyMiUyQyUwQSUyMCUyMCUyMmltYWdlJTIyJTNBJTIwJTVCJTBBJTIwJTIwJTIwJTIwJTIyaHR0cHMlM0ElMkYlMkZ3d3cubWlyc2EuZXMlMkZ3cC1jb250ZW50JTJGdXBsb2FkcyUyRjIwMjAlMkYwNiUyRnNvZmFfY2hhcmxlc19iYi5qcGclMjIlMEElMjAlMjAlNUQlMkMlMEElMjAlMjAlMjJkZXNjcmlwdGlvbiUyMiUzQSUyMCUyMkRlc2NvYnJlaXhpJTIwZWwlMjBzb2YlQzMlQTAlMjBDaGFybGVzJTIwZGUlMjBCJTI2QiUyMEl0YWxpYSUyMGElMjBNSVJTQS4lMjBEaXNzZW55JTIwaXRhbGklQzMlQTAlMjBjb250ZW1wb3JhbmklMkMlMjBlbGVnJUMzJUEwbmNpYSUyMGF0ZW1wb3JhbCUyMGklMjBwZXJzb25hbGl0emFjaSVDMyVCMyUyMHBlciUyMGElMjBlc3BhaXMlMjByZXNpZGVuY2lhbHMlMjBleGNsdXNpdXMuJTIyJTJDJTBBJTIwJTIwJTIyYnJhbmQlMjIlM0ElMjAlN0IlMjAlMEElMjAlMjAlMjAlMjAlMjIlNDB0eXBlJTIyJTNBJTIwJTIyQnJhbmQlMjIlMkMlMjAlMEElMjAlMjAlMjAlMjAlMjJuYW1lJTIyJTNBJTIwJTIyQiUyNkIlMjBJdGFsaWElMjIlMjAlMEElMjAlMjAlN0QlMkMlMEElMjAlMjAlMjJtb2RlbCUyMiUzQSUyMCUyMkNoYXJsZXMlMjIlMkMlMEElMjAlMjAlMjJtYXRlcmlhbCUyMiUzQSUyMCUyMlRlaXhpdHMlMjB0JUMzJUE4Y25pY3MlMjBpJTIwcGVsbCUyMiUwQSU3RCUwQSUzQyUyRnNjcmlwdCUzRQ==[\/vc_raw_html][\/vc_column][\/vc_row][\/vc_section]<\/p>\n<\/div>","protected":false},"excerpt":{"rendered":"<p>[vc_row][vc_column][vc_column_text] Equilibri perfecte entre eleg\u00e0ncia i funcionalitat, aix\u00ed \u00e9s Charles de B&#038;B Italia Dissenyat per Antonio Citterio, Charles \u00e9s una de les peces m\u00e9s representatives del disseny itali\u00e0 contemporani. Amb una silueta refinada, proporcions equilibrades i detalls constructius d\u2019alt\u00edssima precisi\u00f3, s\u2019ha consolidat com un referent atemporal en l\u2019univers de l\u2019interiorisme d\u2019alta gamma. A MIRSA, com [&hellip;]<\/p>\n","protected":false},"author":1,"featured_media":0,"parent":0,"menu_order":0,"comment_status":"closed","ping_status":"closed","template":"","meta":{"footnotes":""},"class_list":["post-51744","page","type-page","status-publish","hentry"],"aioseo_notices":[],"_links":{"self":[{"href":"https:\/\/www.mirsa.es\/ca\/wp-json\/wp\/v2\/pages\/51744","targetHints":{"allow":["GET"]}}],"collection":[{"href":"https:\/\/www.mirsa.es\/ca\/wp-json\/wp\/v2\/pages"}],"about":[{"href":"https:\/\/www.mirsa.es\/ca\/wp-json\/wp\/v2\/types\/page"}],"author":[{"embeddable":true,"href":"https:\/\/www.mirsa.es\/ca\/wp-json\/wp\/v2\/users\/1"}],"replies":[{"embeddable":true,"href":"https:\/\/www.mirsa.es\/ca\/wp-json\/wp\/v2\/comments?post=51744"}],"version-history":[{"count":0,"href":"https:\/\/www.mirsa.es\/ca\/wp-json\/wp\/v2\/pages\/51744\/revisions"}],"wp:attachment":[{"href":"https:\/\/www.mirsa.es\/ca\/wp-json\/wp\/v2\/media?parent=51744"}],"curies":[{"name":"wp","href":"https:\/\/api.w.org\/{rel}","templated":true}]}}