{"id":51733,"date":"2017-01-13T19:27:38","date_gmt":"2017-01-13T18:27:38","guid":{"rendered":"http:\/\/www.mirsa.es.mialias.net\/sofa-butterfly-bb-italia\/"},"modified":"2021-02-26T17:43:06","modified_gmt":"2021-02-26T17:43:06","slug":"sofa-butterfly-bb-italia","status":"publish","type":"page","link":"https:\/\/www.mirsa.es\/ca\/sofa-butterfly-bb-italia\/","title":{"rendered":"Sof\u00e1 Butterfly B&#038;B Italia"},"content":{"rendered":"<div class=\"wpb-content-wrapper\"><p>[vc_row][vc_column][vc_column_text]<\/p>\n<p><img decoding=\"async\" class=\"wp-image-1077 size-large aligncenter\" title=\"Sofa Butterfly B&#038;B Italia\" src=\"\/wp-content\/uploads\/2020\/08\/sofa_butterfly_bb_italia.jpg\" alt=\"Sofa Butterfly B&#038;B Italia\" width=\"100%\" height=\"400\" \/><\/p>\n<h2 style=\"font-size: 16px; text-align: left;\"><strong>El sof\u00e0 Butterfly de B&#038;B Italia \u00e9s una elegant col\u00b7lecci\u00f3 d\u2019exterior dissenyada per Patricia Urquiola.<\/strong><\/h2>\n<p style=\"font-size: 16px; text-align: left;\">Com el seu propi nom indica, la dissenyadora s\u2019inspira en l\u2019harmoni\u00f3s vol de les papallones per a donar forma a aquest carism\u00e0tic sof\u00e0 de jard\u00ed.\n<\/p>\n<p style=\"font-size: 16px; text-align: left;\">La proporcionalitat dels seus volums i la seva estudiada estructura garanteixen una comoditat absoluta, convertint-se en una pe\u00e7a fonamental per al descans a jardins i terrasses.<\/p>\n<p style=\"font-size: 16px; text-align: left;\">A MIRSA interiorisme &#038; mobiliari disposem d\u2019una extensa col\u00b7lecci\u00f3 de mobles B&#038;B Italia Outdoor. Si vol con\u00e8ixer totes les nostres peces d\u2019exterior, visiti el nostre Showroom o contacti amb nosaltres.<\/p>\n<p>[\/vc_column_text][vc_row_inner][vc_column_inner]<style type=\"text\/css\">#bklyn_btn_69d23e8c3a30a .bklyn-btn { color:#ffffff !important; background-color:black !important; }<\/style><div id=\"bklyn_btn_69d23e8c3a30a\" class=\"bklyn-btn-holder  bklyn-btn-center bklyn-btn-tablet-center bklyn-btn-mobile-center\"><a title=\"Contacto\"   href=\"\/contacto\" target=\"_self\" class=\"bklyn-btn  bklyn-btn-icon-left bklyn-btn-normal\" ><i class=\"fa fa-envelope\"><\/i><span class=\"ut-btn-text\">M\u00e9s informaci\u00f3<\/span><\/a><\/div>[\/vc_column_inner][\/vc_row_inner][\/vc_column][\/vc_row]<\/p>\n<\/div>","protected":false},"excerpt":{"rendered":"<p>[vc_row][vc_column][vc_column_text] El sof\u00e0 Butterfly de B&#038;B Italia \u00e9s una elegant col\u00b7lecci\u00f3 d\u2019exterior dissenyada per Patricia Urquiola. Com el seu propi nom indica, la dissenyadora s\u2019inspira en l\u2019harmoni\u00f3s vol de les papallones per a donar forma a aquest carism\u00e0tic sof\u00e0 de jard\u00ed. La proporcionalitat dels seus volums i la seva estudiada estructura garanteixen una comoditat absoluta, [&hellip;]<\/p>\n","protected":false},"author":1,"featured_media":0,"parent":0,"menu_order":0,"comment_status":"closed","ping_status":"closed","template":"","meta":{"footnotes":""},"class_list":["post-51733","page","type-page","status-publish","hentry"],"aioseo_notices":[],"_links":{"self":[{"href":"https:\/\/www.mirsa.es\/ca\/wp-json\/wp\/v2\/pages\/51733","targetHints":{"allow":["GET"]}}],"collection":[{"href":"https:\/\/www.mirsa.es\/ca\/wp-json\/wp\/v2\/pages"}],"about":[{"href":"https:\/\/www.mirsa.es\/ca\/wp-json\/wp\/v2\/types\/page"}],"author":[{"embeddable":true,"href":"https:\/\/www.mirsa.es\/ca\/wp-json\/wp\/v2\/users\/1"}],"replies":[{"embeddable":true,"href":"https:\/\/www.mirsa.es\/ca\/wp-json\/wp\/v2\/comments?post=51733"}],"version-history":[{"count":0,"href":"https:\/\/www.mirsa.es\/ca\/wp-json\/wp\/v2\/pages\/51733\/revisions"}],"wp:attachment":[{"href":"https:\/\/www.mirsa.es\/ca\/wp-json\/wp\/v2\/media?parent=51733"}],"curies":[{"name":"wp","href":"https:\/\/api.w.org\/{rel}","templated":true}]}}