{"id":51708,"date":"2020-07-02T09:16:07","date_gmt":"2020-07-02T09:16:07","guid":{"rendered":"http:\/\/www.mirsa.es.mialias.net\/sofa-binario-flou\/"},"modified":"2021-02-26T16:23:57","modified_gmt":"2021-02-26T16:23:57","slug":"sofa-binario-flou","status":"publish","type":"page","link":"https:\/\/www.mirsa.es\/ca\/sofa-binario-flou\/","title":{"rendered":"Sofa Binario Flou"},"content":{"rendered":"<div class=\"wpb-content-wrapper\"><p>[vc_row][vc_column][vc_column_text]<\/p>\n<p><img decoding=\"async\" class=\"wp-image-1077 size-large aligncenter\" title=\"Sofa Binario - Flou\" src=\"\/wp-content\/uploads\/2020\/07\/sofa_binario_flou.jpg\" alt=\"Sofa Binario - Flou\" width=\"100%\" height=\"400\" \/><\/p>\n<h2 style=\"font-size: 16px; text-align: left;\"><strong>Binario de la prestigiosa firma italiana Flou \u00e9s un elegant i exclusiu sof\u00e0 d\u2019estil contemporani dissenyat pel reconegut Pinuccio Borgonovo.<\/strong><\/h2>\n<p style=\"font-size: 16px; text-align: left;\">Es tracta d\u2019un sof\u00e0 de l\u00ednies pures i s\u00f2bries, que es caracteritza pel seu car\u00e0cter noble i acollidor, aix\u00ed com pel doble peu que el mant\u00e9 elevat del terra, Binari est\u00e0 disponible en versi\u00f3 de 2 i de 3 places.<\/p>\n<p style=\"font-size: 16px; text-align: left;\">El seient destaca per la seva profunditat i pel seu respatller baix, que proporcionen al sistema una estructura resistent i confortable. Els detalls de les costures en relleu als bra\u00e7os del sof\u00e0 li atorguen un aspecte refinat i distintiu.<\/p>\n<p style=\"font-size: 16px; text-align: left;\">A MIRSA interiorisme &#038; mobiliari som distribu\u00efdors oficials Flou. Per a m\u00e9s informaci\u00f3, visiti el nostre Showroom o contacti amb nosaltres.\n<\/p>\n<p>[\/vc_column_text][vc_row_inner][vc_column_inner]<style type=\"text\/css\">#bklyn_btn_69d241c31a8fb .bklyn-btn { color:#ffffff !important; background-color:black !important; }<\/style><div id=\"bklyn_btn_69d241c31a8fb\" class=\"bklyn-btn-holder  bklyn-btn-center bklyn-btn-tablet-center bklyn-btn-mobile-center\"><a title=\"Contacto\"   href=\"\/contacto\" target=\"_self\" class=\"bklyn-btn  bklyn-btn-icon-left bklyn-btn-normal\" ><i class=\"fa fa-envelope\"><\/i><span class=\"ut-btn-text\">M\u00e9s informaci\u00f3<\/span><\/a><\/div>[\/vc_column_inner][\/vc_row_inner][\/vc_column][\/vc_row]<\/p>\n<\/div>","protected":false},"excerpt":{"rendered":"<p>[vc_row][vc_column][vc_column_text] Binario de la prestigiosa firma italiana Flou \u00e9s un elegant i exclusiu sof\u00e0 d\u2019estil contemporani dissenyat pel reconegut Pinuccio Borgonovo. Es tracta d\u2019un sof\u00e0 de l\u00ednies pures i s\u00f2bries, que es caracteritza pel seu car\u00e0cter noble i acollidor, aix\u00ed com pel doble peu que el mant\u00e9 elevat del terra, Binari est\u00e0 disponible en versi\u00f3 [&hellip;]<\/p>\n","protected":false},"author":1,"featured_media":0,"parent":0,"menu_order":0,"comment_status":"closed","ping_status":"closed","template":"","meta":{"footnotes":""},"class_list":["post-51708","page","type-page","status-publish","hentry"],"aioseo_notices":[],"_links":{"self":[{"href":"https:\/\/www.mirsa.es\/ca\/wp-json\/wp\/v2\/pages\/51708","targetHints":{"allow":["GET"]}}],"collection":[{"href":"https:\/\/www.mirsa.es\/ca\/wp-json\/wp\/v2\/pages"}],"about":[{"href":"https:\/\/www.mirsa.es\/ca\/wp-json\/wp\/v2\/types\/page"}],"author":[{"embeddable":true,"href":"https:\/\/www.mirsa.es\/ca\/wp-json\/wp\/v2\/users\/1"}],"replies":[{"embeddable":true,"href":"https:\/\/www.mirsa.es\/ca\/wp-json\/wp\/v2\/comments?post=51708"}],"version-history":[{"count":0,"href":"https:\/\/www.mirsa.es\/ca\/wp-json\/wp\/v2\/pages\/51708\/revisions"}],"wp:attachment":[{"href":"https:\/\/www.mirsa.es\/ca\/wp-json\/wp\/v2\/media?parent=51708"}],"curies":[{"name":"wp","href":"https:\/\/api.w.org\/{rel}","templated":true}]}}