{"id":51701,"date":"2018-07-25T09:59:32","date_gmt":"2018-07-25T07:59:32","guid":{"rendered":"http:\/\/www.mirsa.es.mialias.net\/sofa-best-arketipo\/"},"modified":"2021-02-26T16:11:24","modified_gmt":"2021-02-26T16:11:24","slug":"sofa-best-arketipo","status":"publish","type":"page","link":"https:\/\/www.mirsa.es\/ca\/sofa-best-arketipo\/","title":{"rendered":"Sofa Best Arketipo"},"content":{"rendered":"<div class=\"wpb-content-wrapper\"><p>[vc_row][vc_column][vc_column_text]<\/p>\n<p><img decoding=\"async\" class=\"wp-image-1077 size-large aligncenter\" title=\"Sofa Best Arketipo\" src=\"\/wp-content\/uploads\/2020\/06\/sofa_best_arketipo_portada.jpg\" alt=\"Sofa Best Arketipo\" width=\"100%\" height=\"400\" \/><\/p>\n<h2 style=\"font-size: 16px; text-align: left;\"><strong>El sof\u00e0 Best de la firma italiana Arketipo es caracteritza pel seu impecable rigor geom\u00e8tric, que transmet equilibri i eleg\u00e0ncia.<br \/>\n<\/strong><\/h2>\n<p style=\"font-size: 16px; text-align: left;\">Dissenyat pel reconegut Carlo Bimbi, la col\u00b7lecci\u00f3 est\u00e0 composta per un funcional sistema de seients modulars, que permeten infinites configuracions i ofereixen solucions adaptades a qualsevol tipus d\u2019espai.<\/p>\n<p style=\"font-size: 16px; text-align: left;\">Best disposa d\u2019un respatller ergon\u00f2mic fabricat amb els processos tecnol\u00f2gics m\u00e9s avan\u00e7ats, que garanteix la m\u00e0xima comoditat.<\/p>\n<p style=\"font-size: 16px; text-align: left;\">A MIRSA interiorisme &#038; mobiliari som distribu\u00efdors oficials Arketipo. Per a m\u00e9s informaci\u00f3, visiti el nostre Showroom o contacti amb nosaltres.\n<\/p>\n<p>[\/vc_column_text][vc_row_inner][vc_column_inner]<style type=\"text\/css\">#bklyn_btn_69d23d776a64d .bklyn-btn { color:#ffffff !important; background-color:black !important; }<\/style><div id=\"bklyn_btn_69d23d776a64d\" class=\"bklyn-btn-holder  bklyn-btn-center bklyn-btn-tablet-center bklyn-btn-mobile-center\"><a title=\"Contacto\"   href=\"\/contacto\" target=\"_self\" class=\"bklyn-btn  bklyn-btn-icon-left bklyn-btn-normal\" ><i class=\"fa fa-envelope\"><\/i><span class=\"ut-btn-text\">M\u00e9s informaci\u00f3<\/span><\/a><\/div>[\/vc_column_inner][\/vc_row_inner][\/vc_column][\/vc_row]<\/p>\n<\/div>","protected":false},"excerpt":{"rendered":"<p>[vc_row][vc_column][vc_column_text] El sof\u00e0 Best de la firma italiana Arketipo es caracteritza pel seu impecable rigor geom\u00e8tric, que transmet equilibri i eleg\u00e0ncia. Dissenyat pel reconegut Carlo Bimbi, la col\u00b7lecci\u00f3 est\u00e0 composta per un funcional sistema de seients modulars, que permeten infinites configuracions i ofereixen solucions adaptades a qualsevol tipus d\u2019espai. Best disposa d\u2019un respatller ergon\u00f2mic fabricat [&hellip;]<\/p>\n","protected":false},"author":1,"featured_media":0,"parent":0,"menu_order":0,"comment_status":"closed","ping_status":"closed","template":"","meta":{"footnotes":""},"class_list":["post-51701","page","type-page","status-publish","hentry"],"aioseo_notices":[],"_links":{"self":[{"href":"https:\/\/www.mirsa.es\/ca\/wp-json\/wp\/v2\/pages\/51701","targetHints":{"allow":["GET"]}}],"collection":[{"href":"https:\/\/www.mirsa.es\/ca\/wp-json\/wp\/v2\/pages"}],"about":[{"href":"https:\/\/www.mirsa.es\/ca\/wp-json\/wp\/v2\/types\/page"}],"author":[{"embeddable":true,"href":"https:\/\/www.mirsa.es\/ca\/wp-json\/wp\/v2\/users\/1"}],"replies":[{"embeddable":true,"href":"https:\/\/www.mirsa.es\/ca\/wp-json\/wp\/v2\/comments?post=51701"}],"version-history":[{"count":0,"href":"https:\/\/www.mirsa.es\/ca\/wp-json\/wp\/v2\/pages\/51701\/revisions"}],"wp:attachment":[{"href":"https:\/\/www.mirsa.es\/ca\/wp-json\/wp\/v2\/media?parent=51701"}],"curies":[{"name":"wp","href":"https:\/\/api.w.org\/{rel}","templated":true}]}}