{"id":51689,"date":"2019-04-03T11:37:17","date_gmt":"2019-04-03T09:37:17","guid":{"rendered":"http:\/\/www.mirsa.es.mialias.net\/sofa-belair-casadesus\/"},"modified":"2021-02-26T15:30:41","modified_gmt":"2021-02-26T15:30:41","slug":"sofa-belair-casadesus","status":"publish","type":"page","link":"https:\/\/www.mirsa.es\/ca\/sofa-belair-casadesus\/","title":{"rendered":"Sofa Belair Casadesus"},"content":{"rendered":"<div class=\"wpb-content-wrapper\"><p>[vc_row][vc_column][vc_column_text]<\/p>\n<p><img decoding=\"async\" class=\"wp-image-1077 size-large aligncenter\" title=\"Sofa Belair Casadesus\" src=\"\/wp-content\/uploads\/2021\/02\/belair_sofa_casadesus_00.jpg\" alt=\"Sofa Belair Casadesus\" width=\"100%\" height=\"400\"\/><\/p>\n<h2 style=\"font-size: 16px; text-align: left;\"><strong>Belair \u00e9s la nova col\u00b7lecci\u00f3 de sof\u00e0s contemporanis de la firma Casades\u00fas. Es tracta d\u2019un sistema de seients lineal, que gr\u00e0cies a la prima estructura de les seves potes, sembla estar en suspensi\u00f3.<\/strong><\/h2>\n<p style=\"font-size: 16px; text-align: left;\">La col\u00b7lecci\u00f3 destaca per l\u2019eleg\u00e0ncia i la funcionalitat del sistema, que permet m\u00faltiples opcions de configuraci\u00f3 gr\u00e0cies als seus coixins reclinables.<\/p>\n<p style=\"font-size: 16px; text-align: left;\">Mitjan\u00e7ant un pr\u00e0ctic mecanisme, Belair ofereix la possibilitat de canviar la posici\u00f3 dels seus respatllers en funci\u00f3 de les necessitats del moment.<\/p>\n<p style=\"font-size: 16px; text-align: left;\">A MIRSA interiorisme &#038; mobiliari disposem d\u2019una extensa col\u00b7lecci\u00f3 de sof\u00e0s Casades\u00fas. Per a m\u00e9s informaci\u00f3, visiti el nostre Showroom o contacti amb nosaltres.<\/p>\n<p>[\/vc_column_text][vc_row_inner][vc_column_inner]<style type=\"text\/css\">#bklyn_btn_69d1e2d3bcec7 .bklyn-btn { color:#ffffff !important; background-color:black !important; }<\/style><div id=\"bklyn_btn_69d1e2d3bcec7\" class=\"bklyn-btn-holder  bklyn-btn-center bklyn-btn-tablet-center bklyn-btn-mobile-center\"><a title=\"Contacto\"   href=\"\/contacto\" target=\"_self\" class=\"bklyn-btn  bklyn-btn-icon-left bklyn-btn-normal\" ><i class=\"fa fa-envelope\"><\/i><span class=\"ut-btn-text\">M\u00e9s informaci\u00f3<\/span><\/a><\/div>[\/vc_column_inner][\/vc_row_inner][\/vc_column][\/vc_row]<\/p>\n<\/div>","protected":false},"excerpt":{"rendered":"<p>[vc_row][vc_column][vc_column_text] Belair \u00e9s la nova col\u00b7lecci\u00f3 de sof\u00e0s contemporanis de la firma Casades\u00fas. Es tracta d\u2019un sistema de seients lineal, que gr\u00e0cies a la prima estructura de les seves potes, sembla estar en suspensi\u00f3. La col\u00b7lecci\u00f3 destaca per l\u2019eleg\u00e0ncia i la funcionalitat del sistema, que permet m\u00faltiples opcions de configuraci\u00f3 gr\u00e0cies als seus coixins reclinables. [&hellip;]<\/p>\n","protected":false},"author":1,"featured_media":0,"parent":0,"menu_order":0,"comment_status":"closed","ping_status":"closed","template":"","meta":{"footnotes":""},"class_list":["post-51689","page","type-page","status-publish","hentry"],"aioseo_notices":[],"_links":{"self":[{"href":"https:\/\/www.mirsa.es\/ca\/wp-json\/wp\/v2\/pages\/51689","targetHints":{"allow":["GET"]}}],"collection":[{"href":"https:\/\/www.mirsa.es\/ca\/wp-json\/wp\/v2\/pages"}],"about":[{"href":"https:\/\/www.mirsa.es\/ca\/wp-json\/wp\/v2\/types\/page"}],"author":[{"embeddable":true,"href":"https:\/\/www.mirsa.es\/ca\/wp-json\/wp\/v2\/users\/1"}],"replies":[{"embeddable":true,"href":"https:\/\/www.mirsa.es\/ca\/wp-json\/wp\/v2\/comments?post=51689"}],"version-history":[{"count":0,"href":"https:\/\/www.mirsa.es\/ca\/wp-json\/wp\/v2\/pages\/51689\/revisions"}],"wp:attachment":[{"href":"https:\/\/www.mirsa.es\/ca\/wp-json\/wp\/v2\/media?parent=51689"}],"curies":[{"name":"wp","href":"https:\/\/api.w.org\/{rel}","templated":true}]}}