{"id":51650,"date":"2018-05-05T11:31:23","date_gmt":"2018-05-05T09:31:23","guid":{"rendered":"http:\/\/www.mirsa.es.mialias.net\/sofa-argo-porada\/"},"modified":"2021-02-26T11:55:26","modified_gmt":"2021-02-26T11:55:26","slug":"sofa-argo-porada","status":"publish","type":"page","link":"https:\/\/www.mirsa.es\/ca\/sofa-argo-porada\/","title":{"rendered":"Sofa Argo Porada"},"content":{"rendered":"<div class=\"wpb-content-wrapper\"><p>[vc_row][vc_column][vc_column_text]<br \/>\n<img decoding=\"async\" class=\"wp-image-1077 size-large aligncenter\" title=\"Sofa Argo - Arketipo\" src=\"\/wp-content\/uploads\/2020\/06\/sofa_argo_porada_00.jpg\" alt=\"Sofa - Argo Arketipo\" width=\"100%\" height=\"400\"\/><\/p>\n<h2 style=\"font-size: 16px; text-align: left;\"><strong>Argo de la firma italiana Porada \u00e9s un sof\u00e0 elegant i polivalent. Gr\u00e0cies a la seva estructura modular, la col\u00b7lecci\u00f3 permet m\u00faltiples configuracions, adaptant-se aix\u00ed a qualsevol tipus d\u2019espai.<\/strong><\/h2>\n<p style=\"font-size: 16px; text-align: left;\">Dissenyat pel reconegut D.Dolcini, la seva estructura es presenta en fusta massissa de noguera i amb revestiment en tela o pell. Les fundes de tela s\u00f3n desenfundables, facilitant aix\u00ed la seva extracci\u00f3 per a la neteja.<\/p>\n<p style=\"font-size: 16px; text-align: left;\">A MIRSA interiorisme &#038; mobiliari som distribu\u00efdors oficials Porada. Per a m\u00e9s informaci\u00f3, visiti la nostra exposici\u00f3 o contacti amb nosaltres.\n<\/p>\n<p>[\/vc_column_text][vc_row_inner][vc_column_inner]<style type=\"text\/css\">#bklyn_btn_69d1b9da20288 .bklyn-btn { color:#ffffff !important; background-color:black !important; }<\/style><div id=\"bklyn_btn_69d1b9da20288\" class=\"bklyn-btn-holder  bklyn-btn-center bklyn-btn-tablet-center bklyn-btn-mobile-center\"><a title=\"Contacto\"   href=\"\/contacto\" target=\"_self\" class=\"bklyn-btn  bklyn-btn-icon-left bklyn-btn-normal\" ><i class=\"fa fa-envelope\"><\/i><span class=\"ut-btn-text\">M\u00e9s informaci\u00f3<\/span><\/a><\/div>[\/vc_column_inner][\/vc_row_inner][\/vc_column][\/vc_row]<\/p>\n<\/div>","protected":false},"excerpt":{"rendered":"<p>[vc_row][vc_column][vc_column_text] Argo de la firma italiana Porada \u00e9s un sof\u00e0 elegant i polivalent. Gr\u00e0cies a la seva estructura modular, la col\u00b7lecci\u00f3 permet m\u00faltiples configuracions, adaptant-se aix\u00ed a qualsevol tipus d\u2019espai. Dissenyat pel reconegut D.Dolcini, la seva estructura es presenta en fusta massissa de noguera i amb revestiment en tela o pell. Les fundes de tela [&hellip;]<\/p>\n","protected":false},"author":1,"featured_media":0,"parent":0,"menu_order":0,"comment_status":"closed","ping_status":"closed","template":"","meta":{"footnotes":""},"class_list":["post-51650","page","type-page","status-publish","hentry"],"aioseo_notices":[],"_links":{"self":[{"href":"https:\/\/www.mirsa.es\/ca\/wp-json\/wp\/v2\/pages\/51650","targetHints":{"allow":["GET"]}}],"collection":[{"href":"https:\/\/www.mirsa.es\/ca\/wp-json\/wp\/v2\/pages"}],"about":[{"href":"https:\/\/www.mirsa.es\/ca\/wp-json\/wp\/v2\/types\/page"}],"author":[{"embeddable":true,"href":"https:\/\/www.mirsa.es\/ca\/wp-json\/wp\/v2\/users\/1"}],"replies":[{"embeddable":true,"href":"https:\/\/www.mirsa.es\/ca\/wp-json\/wp\/v2\/comments?post=51650"}],"version-history":[{"count":0,"href":"https:\/\/www.mirsa.es\/ca\/wp-json\/wp\/v2\/pages\/51650\/revisions"}],"wp:attachment":[{"href":"https:\/\/www.mirsa.es\/ca\/wp-json\/wp\/v2\/media?parent=51650"}],"curies":[{"name":"wp","href":"https:\/\/api.w.org\/{rel}","templated":true}]}}