{"id":51631,"date":"2017-10-11T10:46:31","date_gmt":"2017-10-11T08:46:31","guid":{"rendered":"http:\/\/www.mirsa.es.mialias.net\/sofa-amedee-ligne-roset\/"},"modified":"2021-02-26T11:12:32","modified_gmt":"2021-02-26T11:12:32","slug":"sofa-amedee-ligne-roset","status":"publish","type":"page","link":"https:\/\/www.mirsa.es\/ca\/sofa-amedee-ligne-roset\/","title":{"rendered":"Sofa Am\u00e9d\u00e9e Ligne Roset"},"content":{"rendered":"<div class=\"wpb-content-wrapper\"><p>[vc_row][vc_column][vc_column_text]<\/p>\n<p><img decoding=\"async\" class=\"wp-image-1077 size-large aligncenter\" title=\"Sofa Am\u00e9d\u00e9e Ligne Roset\" src=\"\/wp-content\/uploads\/2021\/02\/amedee_ligne_roset.jpg\" alt=\"Sofa Am\u00e9d\u00e9e Ligne Roset\" width=\"100%\" height=\"400\"\/><\/p>\n<h2 style=\"font-size: 16px; text-align: left;\"><strong>El sof\u00e0 Am\u00e9d\u00e9e de la firma francesa Ligne Roset \u00e9s una pe\u00e7a de disseny contemporani que es caracteritza per la seva eleg\u00e0ncia i versatilitat.<\/strong><\/h2>\n<p style=\"font-size: 16px; text-align: left;\">Dissenyat per la reconeguda Marie Christine Dorner, el sof\u00e0 destaca pel seu imponent y encoixinat reposacaps, inspirat en els seients dels autom\u00f2bils esportius d\u2019alta gamma.<\/p>\n<p style=\"font-size: 16px; text-align: left;\">Es tracta d\u2019una pe\u00e7a chic i cosmopolita, que fuig de l\u2019est\u00e8tica tradicional d\u2019altres col\u00b7leccions, aportant una confortable sensaci\u00f3 de confort i comoditat.<\/p>\n<p style=\"font-size: 16px; text-align: left;\">A MIRSA interiorisme &#038; mobiliari som distribu\u00efdors oficials Ligne Roset. Per a m\u00e9s informaci\u00f3, visiti la nostra exposici\u00f3 o contacti amb nosaltres.<\/p>\n<p>[\/vc_column_text][vc_row_inner][vc_column_inner]<style type=\"text\/css\">#bklyn_btn_69d183c432d33 .bklyn-btn { color:#ffffff !important; background-color:black !important; }<\/style><div id=\"bklyn_btn_69d183c432d33\" class=\"bklyn-btn-holder  bklyn-btn-center bklyn-btn-tablet-center bklyn-btn-mobile-center\"><a title=\"Contacto\"   href=\"\/contacto\" target=\"_self\" class=\"bklyn-btn  bklyn-btn-icon-left bklyn-btn-normal\" ><i class=\"fa fa-envelope\"><\/i><span class=\"ut-btn-text\">M\u00e9s informaci\u00f3<\/span><\/a><\/div>[\/vc_column_inner][\/vc_row_inner][\/vc_column][\/vc_row]<\/p>\n<\/div>","protected":false},"excerpt":{"rendered":"<p>[vc_row][vc_column][vc_column_text] El sof\u00e0 Am\u00e9d\u00e9e de la firma francesa Ligne Roset \u00e9s una pe\u00e7a de disseny contemporani que es caracteritza per la seva eleg\u00e0ncia i versatilitat. Dissenyat per la reconeguda Marie Christine Dorner, el sof\u00e0 destaca pel seu imponent y encoixinat reposacaps, inspirat en els seients dels autom\u00f2bils esportius d\u2019alta gamma. Es tracta d\u2019una pe\u00e7a chic [&hellip;]<\/p>\n","protected":false},"author":1,"featured_media":0,"parent":0,"menu_order":0,"comment_status":"closed","ping_status":"closed","template":"","meta":{"footnotes":""},"class_list":["post-51631","page","type-page","status-publish","hentry"],"aioseo_notices":[],"_links":{"self":[{"href":"https:\/\/www.mirsa.es\/ca\/wp-json\/wp\/v2\/pages\/51631","targetHints":{"allow":["GET"]}}],"collection":[{"href":"https:\/\/www.mirsa.es\/ca\/wp-json\/wp\/v2\/pages"}],"about":[{"href":"https:\/\/www.mirsa.es\/ca\/wp-json\/wp\/v2\/types\/page"}],"author":[{"embeddable":true,"href":"https:\/\/www.mirsa.es\/ca\/wp-json\/wp\/v2\/users\/1"}],"replies":[{"embeddable":true,"href":"https:\/\/www.mirsa.es\/ca\/wp-json\/wp\/v2\/comments?post=51631"}],"version-history":[{"count":0,"href":"https:\/\/www.mirsa.es\/ca\/wp-json\/wp\/v2\/pages\/51631\/revisions"}],"wp:attachment":[{"href":"https:\/\/www.mirsa.es\/ca\/wp-json\/wp\/v2\/media?parent=51631"}],"curies":[{"name":"wp","href":"https:\/\/api.w.org\/{rel}","templated":true}]}}