{"id":51617,"date":"2019-06-25T18:03:42","date_gmt":"2019-06-25T16:03:42","guid":{"rendered":"http:\/\/www.mirsa.es.mialias.net\/sofa-alex-casadesus\/"},"modified":"2021-02-26T10:47:33","modified_gmt":"2021-02-26T10:47:33","slug":"sofa-alex-casadesus","status":"publish","type":"page","link":"https:\/\/www.mirsa.es\/ca\/sofa-alex-casadesus\/","title":{"rendered":"Sofa Alex Casadesus"},"content":{"rendered":"<div class=\"wpb-content-wrapper\"><p>[vc_row][vc_column][vc_column_text]<\/p>\n<p><img decoding=\"async\" class=\"wp-image-1077 size-large aligncenter\" title=\"Sofa Alex - Casades\u00fas\" src=\"\/wp-content\/uploads\/2020\/06\/sofa_alex_casadesus.jpg\" alt=\"Sofa Alex - Casades\u00fas\" width=\"100%\" height=\"400\" \/><\/p>\n<h2 style=\"font-size: 16px; text-align: left;\"><strong>Alex de la prestigiosa firma Casades\u00fas \u00e9s un elegant i exclusiu sof\u00e0 de disseny contemporani que destaca per les seves l\u00ednies rectes i equilibrades.<\/strong><\/h2>\n<p style=\"font-size: 16px; text-align: left;\">Els coixins que inclou la col\u00b7lecci\u00f3 permeten jugar amb les profunditats i els volums del seient, combinant magistralment la formalitat de les l\u00ednies rectes de l\u2019estructura del sof\u00e0 amb la informalitat en la distribuci\u00f3 dels coixins.<\/p>\n<p style=\"font-size: 16px; text-align: left;\">El sof\u00e0 est\u00e0 disponible en una gran quantitat de colors i acabats i permet m\u00faltiples opcions de configuraci\u00f3, adaptant-se amb facilitat a qualsevol tipus d\u2019espai.<\/p>\n<p style=\"font-size: 16px; text-align: left;\">A MIRSA interiorisme &#038; mobiliari som distribu\u00efdors oficials Casades\u00fas. Per a m\u00e9s informaci\u00f3, visiti el nostre Showroom o contacti amb nosaltres.\n<\/p>\n<p>[\/vc_column_text][vc_row_inner][vc_column_inner]<style type=\"text\/css\">#bklyn_btn_69d256309493e .bklyn-btn { color:#ffffff !important; background-color:black !important; }<\/style><div id=\"bklyn_btn_69d256309493e\" class=\"bklyn-btn-holder  bklyn-btn-center bklyn-btn-tablet-center bklyn-btn-mobile-center\"><a title=\"Contacto\"   href=\"\/contacto\" target=\"_self\" class=\"bklyn-btn  bklyn-btn-icon-left bklyn-btn-normal\" ><i class=\"fa fa-envelope\"><\/i><span class=\"ut-btn-text\">M\u00e9s informaci\u00f3<\/span><\/a><\/div>[\/vc_column_inner][\/vc_row_inner][\/vc_column][\/vc_row]<\/p>\n<\/div>","protected":false},"excerpt":{"rendered":"<p>[vc_row][vc_column][vc_column_text] Alex de la prestigiosa firma Casades\u00fas \u00e9s un elegant i exclusiu sof\u00e0 de disseny contemporani que destaca per les seves l\u00ednies rectes i equilibrades. Els coixins que inclou la col\u00b7lecci\u00f3 permeten jugar amb les profunditats i els volums del seient, combinant magistralment la formalitat de les l\u00ednies rectes de l\u2019estructura del sof\u00e0 amb la [&hellip;]<\/p>\n","protected":false},"author":1,"featured_media":0,"parent":0,"menu_order":0,"comment_status":"closed","ping_status":"closed","template":"","meta":{"footnotes":""},"class_list":["post-51617","page","type-page","status-publish","hentry"],"aioseo_notices":[],"_links":{"self":[{"href":"https:\/\/www.mirsa.es\/ca\/wp-json\/wp\/v2\/pages\/51617","targetHints":{"allow":["GET"]}}],"collection":[{"href":"https:\/\/www.mirsa.es\/ca\/wp-json\/wp\/v2\/pages"}],"about":[{"href":"https:\/\/www.mirsa.es\/ca\/wp-json\/wp\/v2\/types\/page"}],"author":[{"embeddable":true,"href":"https:\/\/www.mirsa.es\/ca\/wp-json\/wp\/v2\/users\/1"}],"replies":[{"embeddable":true,"href":"https:\/\/www.mirsa.es\/ca\/wp-json\/wp\/v2\/comments?post=51617"}],"version-history":[{"count":0,"href":"https:\/\/www.mirsa.es\/ca\/wp-json\/wp\/v2\/pages\/51617\/revisions"}],"wp:attachment":[{"href":"https:\/\/www.mirsa.es\/ca\/wp-json\/wp\/v2\/media?parent=51617"}],"curies":[{"name":"wp","href":"https:\/\/api.w.org\/{rel}","templated":true}]}}