{"id":51584,"date":"2017-03-16T19:17:14","date_gmt":"2017-03-16T18:17:14","guid":{"rendered":"http:\/\/www.mirsa.es.mialias.net\/sofa-air-lago\/"},"modified":"2021-02-25T18:00:49","modified_gmt":"2021-02-25T18:00:49","slug":"sofa-air-lago","status":"publish","type":"page","link":"https:\/\/www.mirsa.es\/ca\/sofa-air-lago\/","title":{"rendered":"Sof\u00e0 Air Lago"},"content":{"rendered":"<div class=\"wpb-content-wrapper\"><p>[vc_row][vc_column][vc_column_text]<\/p>\n<p><img decoding=\"async\" class=\"wp-image-1077 size-large aligncenter\" title=\"Sofa Air - LAGO\" src=\"\/wp-content\/uploads\/2020\/06\/sofa_air_portada_lago.jpg\" alt=\"Sofa Air LAGO\" width=\"100%\" height=\"400\" \/><\/p>\n<h2 style=\"font-size: 16px; text-align: left;\"><strong>El sof\u00e0 Air de Lago ha suposat una vertadera revoluci\u00f3 en el m\u00f3n de l\u2019interiorisme des de la seva presentaci\u00f3, gr\u00e0cies a la seva estructura modular i configurable.<\/strong><\/h2>\n<p style=\"font-size: 16px; text-align: left;\">Un dels nombrosos avantatges que ofereix aquest sof\u00e0 \u00e9s sens dubte el fet que l\u2019espatllera i els coixins dels seients s\u00f3n intercanviables. Aquesta caracter\u00edstica el converteixen en una pe\u00e7a que permet m\u00faltiples opcions de configuraci\u00f3 i que s\u2019adapta f\u00e0cilment a les exig\u00e8ncies del moment.<\/p>\n<p style=\"font-size: 16px; text-align: left;\">Es tracta d\u2019una vertadera revoluci\u00f3 en termes d\u2019espai i d\u2019est\u00e8tica, per\u00f2 tamb\u00e9 ergon\u00f2mics, ja que la col\u00b7lecci\u00f3 ha estat dissenyada per a oferir el m\u00e0xim confort.<\/p>\n<p style=\"font-size: 16px; text-align: left;\">El sof\u00e0 va ser guanyador del prestigi\u00f3s premi Good Design Award 2010 al millor disseny.<\/p>\n<p style=\"font-size: 16px; text-align: left;\">A MIRSA interiorisme &#038; mobiliari disposem d\u2019una extensa col\u00b7lecci\u00f3 de mobles Lago, per a m\u00e9s informaci\u00f3 consulti el nostre cat\u00e0leg o contacti amb nosaltres.<\/p>\n<p>[\/vc_column_text][vc_row_inner][vc_column_inner]<style type=\"text\/css\">#bklyn_btn_69d1aa5e41170 .bklyn-btn { color:#ffffff !important; background-color:black !important; }<\/style><div id=\"bklyn_btn_69d1aa5e41170\" class=\"bklyn-btn-holder  bklyn-btn-center bklyn-btn-tablet-center bklyn-btn-mobile-center\"><a title=\"Contacto\"   href=\"\/contacto\" target=\"_self\" class=\"bklyn-btn  bklyn-btn-icon-left bklyn-btn-normal\" ><i class=\"fa fa-envelope\"><\/i><span class=\"ut-btn-text\">M\u00e9s informaci\u00f3<\/span><\/a><\/div>[\/vc_column_inner][\/vc_row_inner][\/vc_column][\/vc_row][vc_section][vc_row][vc_column width=&#8221;1\/2&#8243;]<div  class=\"wpb_content_element   clearfix\"><style type=\"text\/css\">#ut_am_69d1aa5e41f4e { opacity: 1; }#ut_am_wrap_69d1aa5e41f4f { text-align: left; }@media (min-width: 768px) and (max-width: 1024px) { #ut_am_wrap_69d1aa5e41f4f { text-align: left !important; } }@media (max-width: 767px) { #ut_am_wrap_69d1aa5e41f4f { text-align: center !important; } }<\/style><div id=\"ut_am_wrap_69d1aa5e41f4f\" class=\"ut-image-gallery-image \"><div id=\"ut_reveal_69d1aa5e41f50\"  data-appear-top-offset=\"auto\" class=\"ut-animated-image-item ut-image-gallery-item ut-animation-done \"><a class=\"ut-deactivated-link\" href=\"#\"><div class=\"ut-animated-image-zoom\">\r\n        <div class=\"ut-element-glitch-wrap\">\r\n\r\n            \r\n        <style type=\"text\/css\">\r\n\r\n                        \r\n        @media (min-width: 1025px) {\r\n\r\n        #ut-element-glitch-69d1aa5e41f74481511292-31625 .ut-glitch-single-element {\r\n                                            \r\n                }\r\n        }\r\n\r\n        @media (min-width: 768px) and (max-width: 1024px) {\r\n\r\n        #ut-element-glitch-69d1aa5e41f74481511292-31625 .ut-glitch-single-element {\r\n                                                \r\n                    }\r\n        }\r\n\r\n        @media (max-width: 767px) {\r\n\r\n        #ut-element-glitch-69d1aa5e41f74481511292-31625 .ut-glitch-single-element {\r\n                                                \r\n                    }\r\n        }\r\n\r\n        \r\n        <\/style>\r\n\r\n        \r\n            <div id=\"ut-element-glitch-69d1aa5e41f74481511292-31625\" class=\" ut-element-glitch ut-glitch-none ut-element-glitch-permanent\">\r\n                <div class=\"ut-glitch-single-element ut-lozad skip-lazy\" data-background-image=\"https:\/\/www.mirsa.es\/wp-content\/uploads\/2020\/06\/sofa_air_lago_1.jpg\"><\/div>\r\n                <div class=\"ut-glitch-single-element ut-lozad skip-lazy\" data-background-image=\"https:\/\/www.mirsa.es\/wp-content\/uploads\/2020\/06\/sofa_air_lago_1.jpg\"><\/div>\r\n                <div class=\"ut-glitch-single-element ut-lozad skip-lazy\" data-background-image=\"https:\/\/www.mirsa.es\/wp-content\/uploads\/2020\/06\/sofa_air_lago_1.jpg\"><\/div>\r\n                <div class=\"ut-glitch-single-element ut-lozad skip-lazy\" data-background-image=\"https:\/\/www.mirsa.es\/wp-content\/uploads\/2020\/06\/sofa_air_lago_1.jpg\"><\/div>\r\n                <div class=\"ut-glitch-single-element ut-lozad skip-lazy\" data-background-image=\"https:\/\/www.mirsa.es\/wp-content\/uploads\/2020\/06\/sofa_air_lago_1.jpg\"><\/div>\r\n            <\/div>\r\n\r\n        <\/div>\r\n\r\n        <img loading=\"lazy\" decoding=\"async\" class=\"ut-lazy skip-lazy ut-animated-image \"  id=\"ut_am_69d1aa5e41f4e\" src=\"data:image\/svg+xml;charset=utf-8,%3Csvg xmlns%3D'http%3A%2F%2Fwww.w3.org%2F2000%2Fsvg' viewBox%3D'0 0 600 324'%2F%3E\" data-src=\"https:\/\/www.mirsa.es\/wp-content\/uploads\/2020\/06\/sofa_air_lago_1.jpg\" width=\"600\" height=\"324\" alt=\"\"\/><\/div><\/a><\/div><\/div><\/div>[\/vc_column][vc_column width=&#8221;1\/2&#8243;]<div  class=\"wpb_content_element   clearfix\"><style type=\"text\/css\">#ut_am_69d1aa5e4260c { opacity: 1; }#ut_am_wrap_69d1aa5e4260d { text-align: left; }@media (min-width: 768px) and (max-width: 1024px) { #ut_am_wrap_69d1aa5e4260d { text-align: left !important; } }@media (max-width: 767px) { #ut_am_wrap_69d1aa5e4260d { text-align: center !important; } }<\/style><div id=\"ut_am_wrap_69d1aa5e4260d\" class=\"ut-image-gallery-image \"><div id=\"ut_reveal_69d1aa5e4260e\"  data-appear-top-offset=\"auto\" class=\"ut-animated-image-item ut-image-gallery-item ut-animation-done \"><a class=\"ut-deactivated-link\" href=\"#\"><div class=\"ut-animated-image-zoom\">\r\n        <div class=\"ut-element-glitch-wrap\">\r\n\r\n            \r\n        <style type=\"text\/css\">\r\n\r\n                        \r\n        @media (min-width: 1025px) {\r\n\r\n        #ut-element-glitch-69d1aa5e42626882538722-31626 .ut-glitch-single-element {\r\n                                            \r\n                }\r\n        }\r\n\r\n        @media (min-width: 768px) and (max-width: 1024px) {\r\n\r\n        #ut-element-glitch-69d1aa5e42626882538722-31626 .ut-glitch-single-element {\r\n                                                \r\n                    }\r\n        }\r\n\r\n        @media (max-width: 767px) {\r\n\r\n        #ut-element-glitch-69d1aa5e42626882538722-31626 .ut-glitch-single-element {\r\n                                                \r\n                    }\r\n        }\r\n\r\n        \r\n        <\/style>\r\n\r\n        \r\n            <div id=\"ut-element-glitch-69d1aa5e42626882538722-31626\" class=\" ut-element-glitch ut-glitch-none ut-element-glitch-permanent\">\r\n                <div class=\"ut-glitch-single-element ut-lozad skip-lazy\" data-background-image=\"https:\/\/www.mirsa.es\/wp-content\/uploads\/2020\/06\/sofa_air_lago_2.jpg\"><\/div>\r\n                <div class=\"ut-glitch-single-element ut-lozad skip-lazy\" data-background-image=\"https:\/\/www.mirsa.es\/wp-content\/uploads\/2020\/06\/sofa_air_lago_2.jpg\"><\/div>\r\n                <div class=\"ut-glitch-single-element ut-lozad skip-lazy\" data-background-image=\"https:\/\/www.mirsa.es\/wp-content\/uploads\/2020\/06\/sofa_air_lago_2.jpg\"><\/div>\r\n                <div class=\"ut-glitch-single-element ut-lozad skip-lazy\" data-background-image=\"https:\/\/www.mirsa.es\/wp-content\/uploads\/2020\/06\/sofa_air_lago_2.jpg\"><\/div>\r\n                <div class=\"ut-glitch-single-element ut-lozad skip-lazy\" data-background-image=\"https:\/\/www.mirsa.es\/wp-content\/uploads\/2020\/06\/sofa_air_lago_2.jpg\"><\/div>\r\n            <\/div>\r\n\r\n        <\/div>\r\n\r\n        <img loading=\"lazy\" decoding=\"async\" class=\"ut-lazy skip-lazy ut-animated-image \"  id=\"ut_am_69d1aa5e4260c\" src=\"data:image\/svg+xml;charset=utf-8,%3Csvg xmlns%3D'http%3A%2F%2Fwww.w3.org%2F2000%2Fsvg' viewBox%3D'0 0 600 324'%2F%3E\" data-src=\"https:\/\/www.mirsa.es\/wp-content\/uploads\/2020\/06\/sofa_air_lago_2.jpg\" width=\"600\" height=\"324\" alt=\"\"\/><\/div><\/a><\/div><\/div><\/div>[\/vc_column][\/vc_row][vc_row][vc_column width=&#8221;1\/2&#8243;]<div  class=\"wpb_content_element   clearfix\"><style type=\"text\/css\">#ut_am_69d1aa5e42c72 { opacity: 1; }#ut_am_wrap_69d1aa5e42c73 { text-align: left; }@media (min-width: 768px) and (max-width: 1024px) { #ut_am_wrap_69d1aa5e42c73 { text-align: left !important; } }@media (max-width: 767px) { #ut_am_wrap_69d1aa5e42c73 { text-align: center !important; } }<\/style><div id=\"ut_am_wrap_69d1aa5e42c73\" class=\"ut-image-gallery-image \"><div id=\"ut_reveal_69d1aa5e42c74\"  data-appear-top-offset=\"auto\" class=\"ut-animated-image-item ut-image-gallery-item ut-animation-done \"><a class=\"ut-deactivated-link\" href=\"#\"><div class=\"ut-animated-image-zoom\">\r\n        <div class=\"ut-element-glitch-wrap\">\r\n\r\n            \r\n        <style type=\"text\/css\">\r\n\r\n                        \r\n        @media (min-width: 1025px) {\r\n\r\n        #ut-element-glitch-69d1aa5e42c89895251970-31627 .ut-glitch-single-element {\r\n                                            \r\n                }\r\n        }\r\n\r\n        @media (min-width: 768px) and (max-width: 1024px) {\r\n\r\n        #ut-element-glitch-69d1aa5e42c89895251970-31627 .ut-glitch-single-element {\r\n                                                \r\n                    }\r\n        }\r\n\r\n        @media (max-width: 767px) {\r\n\r\n        #ut-element-glitch-69d1aa5e42c89895251970-31627 .ut-glitch-single-element {\r\n                                                \r\n                    }\r\n        }\r\n\r\n        \r\n        <\/style>\r\n\r\n        \r\n            <div id=\"ut-element-glitch-69d1aa5e42c89895251970-31627\" class=\" ut-element-glitch ut-glitch-none ut-element-glitch-permanent\">\r\n                <div class=\"ut-glitch-single-element ut-lozad skip-lazy\" data-background-image=\"https:\/\/www.mirsa.es\/wp-content\/uploads\/2020\/06\/sofa_air_lago_3.jpg\"><\/div>\r\n                <div class=\"ut-glitch-single-element ut-lozad skip-lazy\" data-background-image=\"https:\/\/www.mirsa.es\/wp-content\/uploads\/2020\/06\/sofa_air_lago_3.jpg\"><\/div>\r\n                <div class=\"ut-glitch-single-element ut-lozad skip-lazy\" data-background-image=\"https:\/\/www.mirsa.es\/wp-content\/uploads\/2020\/06\/sofa_air_lago_3.jpg\"><\/div>\r\n                <div class=\"ut-glitch-single-element ut-lozad skip-lazy\" data-background-image=\"https:\/\/www.mirsa.es\/wp-content\/uploads\/2020\/06\/sofa_air_lago_3.jpg\"><\/div>\r\n                <div class=\"ut-glitch-single-element ut-lozad skip-lazy\" data-background-image=\"https:\/\/www.mirsa.es\/wp-content\/uploads\/2020\/06\/sofa_air_lago_3.jpg\"><\/div>\r\n            <\/div>\r\n\r\n        <\/div>\r\n\r\n        <img loading=\"lazy\" decoding=\"async\" class=\"ut-lazy skip-lazy ut-animated-image \"  id=\"ut_am_69d1aa5e42c72\" src=\"data:image\/svg+xml;charset=utf-8,%3Csvg xmlns%3D'http%3A%2F%2Fwww.w3.org%2F2000%2Fsvg' viewBox%3D'0 0 600 324'%2F%3E\" data-src=\"https:\/\/www.mirsa.es\/wp-content\/uploads\/2020\/06\/sofa_air_lago_3.jpg\" width=\"600\" height=\"324\" alt=\"\"\/><\/div><\/a><\/div><\/div><\/div>[\/vc_column][vc_column width=&#8221;1\/2&#8243;]<div  class=\"wpb_content_element   clearfix\"><style type=\"text\/css\">#ut_am_69d1aa5e43c3d { opacity: 1; }#ut_am_wrap_69d1aa5e43c3e { text-align: left; }@media (min-width: 768px) and (max-width: 1024px) { #ut_am_wrap_69d1aa5e43c3e { text-align: left !important; } }@media (max-width: 767px) { #ut_am_wrap_69d1aa5e43c3e { text-align: center !important; } }<\/style><div id=\"ut_am_wrap_69d1aa5e43c3e\" class=\"ut-image-gallery-image \"><div id=\"ut_reveal_69d1aa5e43c3f\"  data-appear-top-offset=\"auto\" class=\"ut-animated-image-item ut-image-gallery-item ut-animation-done \"><a class=\"ut-deactivated-link\" href=\"#\"><div class=\"ut-animated-image-zoom\">\r\n        <div class=\"ut-element-glitch-wrap\">\r\n\r\n            \r\n        <style type=\"text\/css\">\r\n\r\n                        \r\n        @media (min-width: 1025px) {\r\n\r\n        #ut-element-glitch-69d1aa5e43c56418347581-31628 .ut-glitch-single-element {\r\n                                            \r\n                }\r\n        }\r\n\r\n        @media (min-width: 768px) and (max-width: 1024px) {\r\n\r\n        #ut-element-glitch-69d1aa5e43c56418347581-31628 .ut-glitch-single-element {\r\n                                                \r\n                    }\r\n        }\r\n\r\n        @media (max-width: 767px) {\r\n\r\n        #ut-element-glitch-69d1aa5e43c56418347581-31628 .ut-glitch-single-element {\r\n                                                \r\n                    }\r\n        }\r\n\r\n        \r\n        <\/style>\r\n\r\n        \r\n            <div id=\"ut-element-glitch-69d1aa5e43c56418347581-31628\" class=\" ut-element-glitch ut-glitch-none ut-element-glitch-permanent\">\r\n                <div class=\"ut-glitch-single-element ut-lozad skip-lazy\" data-background-image=\"https:\/\/www.mirsa.es\/wp-content\/uploads\/2020\/06\/sofa_air_lago_4.jpg\"><\/div>\r\n                <div class=\"ut-glitch-single-element ut-lozad skip-lazy\" data-background-image=\"https:\/\/www.mirsa.es\/wp-content\/uploads\/2020\/06\/sofa_air_lago_4.jpg\"><\/div>\r\n                <div class=\"ut-glitch-single-element ut-lozad skip-lazy\" data-background-image=\"https:\/\/www.mirsa.es\/wp-content\/uploads\/2020\/06\/sofa_air_lago_4.jpg\"><\/div>\r\n                <div class=\"ut-glitch-single-element ut-lozad skip-lazy\" data-background-image=\"https:\/\/www.mirsa.es\/wp-content\/uploads\/2020\/06\/sofa_air_lago_4.jpg\"><\/div>\r\n                <div class=\"ut-glitch-single-element ut-lozad skip-lazy\" data-background-image=\"https:\/\/www.mirsa.es\/wp-content\/uploads\/2020\/06\/sofa_air_lago_4.jpg\"><\/div>\r\n            <\/div>\r\n\r\n        <\/div>\r\n\r\n        <img loading=\"lazy\" decoding=\"async\" class=\"ut-lazy skip-lazy ut-animated-image \"  id=\"ut_am_69d1aa5e43c3d\" src=\"data:image\/svg+xml;charset=utf-8,%3Csvg xmlns%3D'http%3A%2F%2Fwww.w3.org%2F2000%2Fsvg' viewBox%3D'0 0 600 324'%2F%3E\" data-src=\"https:\/\/www.mirsa.es\/wp-content\/uploads\/2020\/06\/sofa_air_lago_4.jpg\" width=\"600\" height=\"324\" alt=\"\"\/><\/div><\/a><\/div><\/div><\/div>[\/vc_column][\/vc_row][\/vc_section]<\/p>\n<\/div>","protected":false},"excerpt":{"rendered":"<p>[vc_row][vc_column][vc_column_text] El sof\u00e0 Air de Lago ha suposat una vertadera revoluci\u00f3 en el m\u00f3n de l\u2019interiorisme des de la seva presentaci\u00f3, gr\u00e0cies a la seva estructura modular i configurable. Un dels nombrosos avantatges que ofereix aquest sof\u00e0 \u00e9s sens dubte el fet que l\u2019espatllera i els coixins dels seients s\u00f3n intercanviables. Aquesta caracter\u00edstica el converteixen [&hellip;]<\/p>\n","protected":false},"author":1,"featured_media":0,"parent":0,"menu_order":0,"comment_status":"closed","ping_status":"closed","template":"","meta":{"footnotes":""},"class_list":["post-51584","page","type-page","status-publish","hentry"],"aioseo_notices":[],"_links":{"self":[{"href":"https:\/\/www.mirsa.es\/ca\/wp-json\/wp\/v2\/pages\/51584","targetHints":{"allow":["GET"]}}],"collection":[{"href":"https:\/\/www.mirsa.es\/ca\/wp-json\/wp\/v2\/pages"}],"about":[{"href":"https:\/\/www.mirsa.es\/ca\/wp-json\/wp\/v2\/types\/page"}],"author":[{"embeddable":true,"href":"https:\/\/www.mirsa.es\/ca\/wp-json\/wp\/v2\/users\/1"}],"replies":[{"embeddable":true,"href":"https:\/\/www.mirsa.es\/ca\/wp-json\/wp\/v2\/comments?post=51584"}],"version-history":[{"count":0,"href":"https:\/\/www.mirsa.es\/ca\/wp-json\/wp\/v2\/pages\/51584\/revisions"}],"wp:attachment":[{"href":"https:\/\/www.mirsa.es\/ca\/wp-json\/wp\/v2\/media?parent=51584"}],"curies":[{"name":"wp","href":"https:\/\/api.w.org\/{rel}","templated":true}]}}