{"id":51579,"date":"2018-04-25T12:58:21","date_gmt":"2018-04-25T10:58:21","guid":{"rendered":"http:\/\/www.mirsa.es.mialias.net\/smooth-operator-arketipo\/"},"modified":"2021-02-25T17:39:09","modified_gmt":"2021-02-25T17:39:09","slug":"smooth-operator-arketipo","status":"publish","type":"page","link":"https:\/\/www.mirsa.es\/ca\/smooth-operator-arketipo\/","title":{"rendered":"Smooth Operator Arketipo"},"content":{"rendered":"<div class=\"wpb-content-wrapper\"><p>[vc_row][vc_column][vc_column_text]<\/p>\n<p><img decoding=\"async\" class=\"wp-image-1077 size-large aligncenter\" title=\"Smooth Operator - Arketipo\" src=\"\/wp-content\/uploads\/2020\/06\/smooth_operator_arketipo_00.jpg\" alt=\"Smooth Operator - Arketipo\" width=\"100%\" height=\"400\" \/><\/p>\n<h2 style=\"font-size: 16px; text-align: left;\"><strong>Smooth Operator de la firma Italiana Arketipo \u00e9s un sof\u00e0 que sedueix utilitzant un llenguatge sofisticat per expressar tend\u00e8ncies contempor\u00e0nies.<\/strong><\/h2>\n<p style=\"font-size: 16px; text-align: left;\">Una espectacular interpretaci\u00f3 de l\u2019Itali\u00e0 Giuseppe Vigan\u00f2 que ens presenta un ideal est\u00e8tic carregat de singularitat i bellesa.<\/p>\n<p style=\"font-size: 16px; text-align: left;\">El sof\u00e0 disposa d\u2019un mecanisme especial en el respatller que permet que els coixins acompanyin els moviments del cos, garantint aix\u00ed el m\u00e0xim confort.<\/p>\n<p style=\"font-size: 16px; text-align: left;\">A MIRSA interiorisme &#038; mobiliari som distribu\u00efdors oficials Arketipo. Per a m\u00e9s informaci\u00f3, visiti la nostra exposici\u00f3 o contacti amb nosaltres.\n<\/p>\n<p>[\/vc_column_text][vc_row_inner][vc_column_inner]<style type=\"text\/css\">#bklyn_btn_69f4578b63ff1 .bklyn-btn { color:#ffffff !important; background-color:black !important; }<\/style><div id=\"bklyn_btn_69f4578b63ff1\" class=\"bklyn-btn-holder  bklyn-btn-center bklyn-btn-tablet-center bklyn-btn-mobile-center\"><a title=\"Contacto\"   href=\"\/contacto\" target=\"_self\" class=\"bklyn-btn  bklyn-btn-icon-left bklyn-btn-normal\" ><i class=\"fa fa-envelope\"><\/i><span class=\"ut-btn-text\">M\u00e9s informaci\u00f3<\/span><\/a><\/div>[\/vc_column_inner][\/vc_row_inner][\/vc_column][\/vc_row]<\/p>\n<\/div>","protected":false},"excerpt":{"rendered":"<p>[vc_row][vc_column][vc_column_text] Smooth Operator de la firma Italiana Arketipo \u00e9s un sof\u00e0 que sedueix utilitzant un llenguatge sofisticat per expressar tend\u00e8ncies contempor\u00e0nies. Una espectacular interpretaci\u00f3 de l\u2019Itali\u00e0 Giuseppe Vigan\u00f2 que ens presenta un ideal est\u00e8tic carregat de singularitat i bellesa. El sof\u00e0 disposa d\u2019un mecanisme especial en el respatller que permet que els coixins acompanyin els [&hellip;]<\/p>\n","protected":false},"author":1,"featured_media":0,"parent":0,"menu_order":0,"comment_status":"closed","ping_status":"closed","template":"","meta":{"footnotes":""},"class_list":["post-51579","page","type-page","status-publish","hentry"],"aioseo_notices":[],"_links":{"self":[{"href":"https:\/\/www.mirsa.es\/ca\/wp-json\/wp\/v2\/pages\/51579","targetHints":{"allow":["GET"]}}],"collection":[{"href":"https:\/\/www.mirsa.es\/ca\/wp-json\/wp\/v2\/pages"}],"about":[{"href":"https:\/\/www.mirsa.es\/ca\/wp-json\/wp\/v2\/types\/page"}],"author":[{"embeddable":true,"href":"https:\/\/www.mirsa.es\/ca\/wp-json\/wp\/v2\/users\/1"}],"replies":[{"embeddable":true,"href":"https:\/\/www.mirsa.es\/ca\/wp-json\/wp\/v2\/comments?post=51579"}],"version-history":[{"count":0,"href":"https:\/\/www.mirsa.es\/ca\/wp-json\/wp\/v2\/pages\/51579\/revisions"}],"wp:attachment":[{"href":"https:\/\/www.mirsa.es\/ca\/wp-json\/wp\/v2\/media?parent=51579"}],"curies":[{"name":"wp","href":"https:\/\/api.w.org\/{rel}","templated":true}]}}