{"id":51571,"date":"2019-02-09T09:46:12","date_gmt":"2019-02-09T08:46:12","guid":{"rendered":"http:\/\/www.mirsa.es.mialias.net\/smeg-electrodomesticos\/"},"modified":"2024-05-22T16:53:56","modified_gmt":"2024-05-22T16:53:56","slug":"smeg-electrodomesticos","status":"publish","type":"page","link":"https:\/\/www.mirsa.es\/ca\/smeg-electrodomesticos\/","title":{"rendered":"Smeg electrodom\u00e8stics"},"content":{"rendered":"<div class=\"wpb-content-wrapper\"><p>[vc_row css=&#8221;.vc_custom_1583596731269{margin-left: -50px !important;}&#8221;][vc_column][vc_column_text]<a style=\"color:black;\" href=\"javascript:history.go(-1)\" onmouseover=\"self.status=document.referrer;return true\">Enrere<\/a>[\/vc_column_text][\/vc_column][\/vc_row][vc_row][vc_column][vc_column_text]<br \/>\n<img decoding=\"async\" class=\"wp-image-1077 size-large aligncenter\" title=\"Smeg electrodom\u00e8stics\" src=\"\/wp-content\/uploads\/2020\/06\/smeg_electrodomesticos.jpg\" alt=\"Smeg electrodom\u00e8stics\" width=\"100%\" height=\"400\" \/><\/p>\n<h2 style=\"font-size: 16px; text-align: left;\"><strong>Smeg \u00e9s una prestigiosa firma italiana dedicada a la fabricaci\u00f3 i distribuci\u00f3 d\u2019electrodom\u00e8stics d\u2019alta gamma per a cuines.<\/strong><\/h2>\n<p style=\"font-size: 16px; text-align: left;\">Els seus productes combinen a la perfecci\u00f3 efici\u00e8ncia tecnol\u00f2gica i disseny, integrant-se de manera \u00f2ptima a la cuina i aportant eleg\u00e0ncia i personalitat a l\u2019espai.<\/p>\n<p style=\"font-size: 16px; text-align: left;\">Arquitectes de reconegut prestigi internacional col\u00b7laboren habitualment amb la firma, determinant el disseny i l\u2019est\u00e8tica dels productes de la firma. Guido Canali, Mario Bellini o Giancarlo Candeago han estat els encarregats de dissenyar algunes de les \u00faltimes col\u00b7leccions de la marca.<\/p>\n<p style=\"font-size: 16px; text-align: left;\">Els electrodom\u00e8stics Smeg responen sempre a les necessitats del consumidor, simplificant al m\u00e0xim el seu funcionament i garantint el seu funcionament.<\/p>\n<p style=\"font-size: 16px; text-align: left;\">A MIRSA interiorisme &amp; mobiliari som distribu\u00efdors oficials d\u2019electrodom\u00e8stics Smeg. Per a m\u00e9s informaci\u00f3, visiti el nostre Showroom o contacti amb nosaltres.<\/p>\n<p>[\/vc_column_text][\/vc_column][\/vc_row][vc_section][vc_row full_width=&#8221;stretch_row_content_no_spaces&#8221;][vc_column][vc_column_text css=&#8221;&#8221;]<iframe id=\"embedded-ads-iframe-website\" width=\"100%\" height=\"600\" data-originsrc=\"https:\/\/mirsa.daloom.com\/es\/productos\/electrodomesticos-de-cocina\/brand_smeg\"><\/iframe><br \/>\n<script defer src=\"https:\/\/mirsa.daloom.com\/js\/parent-embedded-script.min.js\"><\/script>[\/vc_column_text][\/vc_column][\/vc_row][\/vc_section]<\/p>\n<\/div>","protected":false},"excerpt":{"rendered":"<p>[vc_row css=&#8221;.vc_custom_1583596731269{margin-left: -50px !important;}&#8221;][vc_column][vc_column_text]Enrere[\/vc_column_text][\/vc_column][\/vc_row][vc_row][vc_column][vc_column_text] Smeg \u00e9s una prestigiosa firma italiana dedicada a la fabricaci\u00f3 i distribuci\u00f3 d\u2019electrodom\u00e8stics d\u2019alta gamma per a cuines. Els seus productes combinen a la perfecci\u00f3 efici\u00e8ncia tecnol\u00f2gica i disseny, integrant-se de manera \u00f2ptima a la cuina i aportant eleg\u00e0ncia i personalitat a l\u2019espai. Arquitectes de reconegut prestigi internacional col\u00b7laboren habitualment amb [&hellip;]<\/p>\n","protected":false},"author":1,"featured_media":0,"parent":0,"menu_order":0,"comment_status":"closed","ping_status":"closed","template":"","meta":{"footnotes":""},"class_list":["post-51571","page","type-page","status-publish","hentry"],"aioseo_notices":[],"_links":{"self":[{"href":"https:\/\/www.mirsa.es\/ca\/wp-json\/wp\/v2\/pages\/51571","targetHints":{"allow":["GET"]}}],"collection":[{"href":"https:\/\/www.mirsa.es\/ca\/wp-json\/wp\/v2\/pages"}],"about":[{"href":"https:\/\/www.mirsa.es\/ca\/wp-json\/wp\/v2\/types\/page"}],"author":[{"embeddable":true,"href":"https:\/\/www.mirsa.es\/ca\/wp-json\/wp\/v2\/users\/1"}],"replies":[{"embeddable":true,"href":"https:\/\/www.mirsa.es\/ca\/wp-json\/wp\/v2\/comments?post=51571"}],"version-history":[{"count":0,"href":"https:\/\/www.mirsa.es\/ca\/wp-json\/wp\/v2\/pages\/51571\/revisions"}],"wp:attachment":[{"href":"https:\/\/www.mirsa.es\/ca\/wp-json\/wp\/v2\/media?parent=51571"}],"curies":[{"name":"wp","href":"https:\/\/api.w.org\/{rel}","templated":true}]}}