{"id":51567,"date":"2017-10-21T17:57:21","date_gmt":"2017-10-21T15:57:21","guid":{"rendered":"http:\/\/www.mirsa.es.mialias.net\/sofa-smala-ligne-roset\/"},"modified":"2021-02-25T16:47:27","modified_gmt":"2021-02-25T16:47:27","slug":"sofa-smala-ligne-roset","status":"publish","type":"page","link":"https:\/\/www.mirsa.es\/ca\/sofa-smala-ligne-roset\/","title":{"rendered":"Smala Ligne Roset"},"content":{"rendered":"<div class=\"wpb-content-wrapper\"><p>[vc_row][vc_column][vc_column_text]<br \/>\n<img decoding=\"async\" class=\"wp-image-1077 size-large aligncenter\" title=\"Sof\u00e1 Smala - Ligne Roset\" src=\"\/wp-content\/uploads\/2020\/06\/smala_ligne_roset.jpg\" alt=\"Sof\u00e1 Smala - Ligne Roset\" width=\"100%\" height=\"400\" \/><\/p>\n<h2 style=\"font-size: 16px; text-align: left;\"><strong>El sof\u00e0 Smaia de Ligne Roset es caracteritza pels seus respatllers encoixinats i per les seves potes distintives d\u2019alumini polit.<\/strong><\/h2>\n<p style=\"font-size: 16px; text-align: left;\">Dissenyat pel prestigi\u00f3s Pascal Mourgue, es tracta d\u2019un model pr\u00e0ctic de l\u00ednies pures i netes que transmeten una agradable sensaci\u00f3 de flu\u00efdesa.<\/p>\n<p style=\"font-size: 16px; text-align: left;\">Una de les caracter\u00edstiques m\u00e9s interessants de Smala \u00e9s la seva capacitat per a convertir-se un confortable llit per a hostes.<\/p>\n<p style=\"font-size: 16px; text-align: left;\">A MIRSA interiorisme &#038; mobiliari som distribu\u00efdors oficials Ligne Roset. Per a m\u00e9s informaci\u00f3, visiti el nostre Showroom o contacti amb nosaltres.<\/p>\n<p>[\/vc_column_text][vc_row_inner][vc_column_inner]<style type=\"text\/css\">#bklyn_btn_69d1df7c785f7 .bklyn-btn { color:#ffffff !important; background-color:black !important; }<\/style><div id=\"bklyn_btn_69d1df7c785f7\" class=\"bklyn-btn-holder  bklyn-btn-center bklyn-btn-tablet-center bklyn-btn-mobile-center\"><a title=\"Contacto\"   href=\"\/contacto\" target=\"_self\" class=\"bklyn-btn  bklyn-btn-icon-left bklyn-btn-normal\" ><i class=\"fa fa-envelope\"><\/i><span class=\"ut-btn-text\">M\u00e9s informaci\u00f3<\/span><\/a><\/div>[\/vc_column_inner][\/vc_row_inner][\/vc_column][\/vc_row]<\/p>\n<\/div>","protected":false},"excerpt":{"rendered":"<p>[vc_row][vc_column][vc_column_text] El sof\u00e0 Smaia de Ligne Roset es caracteritza pels seus respatllers encoixinats i per les seves potes distintives d\u2019alumini polit. Dissenyat pel prestigi\u00f3s Pascal Mourgue, es tracta d\u2019un model pr\u00e0ctic de l\u00ednies pures i netes que transmeten una agradable sensaci\u00f3 de flu\u00efdesa. Una de les caracter\u00edstiques m\u00e9s interessants de Smala \u00e9s la seva capacitat [&hellip;]<\/p>\n","protected":false},"author":1,"featured_media":0,"parent":0,"menu_order":0,"comment_status":"closed","ping_status":"closed","template":"","meta":{"footnotes":""},"class_list":["post-51567","page","type-page","status-publish","hentry"],"aioseo_notices":[],"_links":{"self":[{"href":"https:\/\/www.mirsa.es\/ca\/wp-json\/wp\/v2\/pages\/51567","targetHints":{"allow":["GET"]}}],"collection":[{"href":"https:\/\/www.mirsa.es\/ca\/wp-json\/wp\/v2\/pages"}],"about":[{"href":"https:\/\/www.mirsa.es\/ca\/wp-json\/wp\/v2\/types\/page"}],"author":[{"embeddable":true,"href":"https:\/\/www.mirsa.es\/ca\/wp-json\/wp\/v2\/users\/1"}],"replies":[{"embeddable":true,"href":"https:\/\/www.mirsa.es\/ca\/wp-json\/wp\/v2\/comments?post=51567"}],"version-history":[{"count":0,"href":"https:\/\/www.mirsa.es\/ca\/wp-json\/wp\/v2\/pages\/51567\/revisions"}],"wp:attachment":[{"href":"https:\/\/www.mirsa.es\/ca\/wp-json\/wp\/v2\/media?parent=51567"}],"curies":[{"name":"wp","href":"https:\/\/api.w.org\/{rel}","templated":true}]}}