{"id":51548,"date":"2018-06-27T12:49:48","date_gmt":"2018-06-27T10:49:48","guid":{"rendered":"http:\/\/www.mirsa.es.mialias.net\/slide-design-muebles\/"},"modified":"2024-05-22T16:35:45","modified_gmt":"2024-05-22T16:35:45","slug":"slide-design-muebles","status":"publish","type":"page","link":"https:\/\/www.mirsa.es\/ca\/slide-design-muebles\/","title":{"rendered":"Slide Design Mobles"},"content":{"rendered":"<div class=\"wpb-content-wrapper\"><p>[vc_row][vc_column][vc_column_text]<a style=\"color:black;\" href=\"javascript:history.go(-1)\" onmouseover=\"self.status=document.referrer;return true\">Enrere<\/a>[\/vc_column_text][\/vc_column][\/vc_row][vc_row][vc_column][vc_column_text]<\/p>\n<p><img decoding=\"async\" class=\"wp-image-1077 size-large aligncenter\" title=\"Slide Design Mobles\" src=\"\/wp-content\/uploads\/2020\/06\/slide_mobiliario_exterior.jpg\" alt=\"Slide Design Mobles\" width=\"100%\" height=\"400\"\/><\/p>\n<h2 style=\"font-size: 16px; text-align: left;\"><strong>Slide \u00e9s una reconeguda firma que satisf\u00e0 les necessitats funcionals i est\u00e8tiques de la vida de la llar a trav\u00e9s de productes innovadors, mitjan\u00e7ant un disseny ir\u00f2nic i lleuger que crea sensaci\u00f3.<\/strong><\/h2>\n<p style=\"font-size: 16px; text-align: left;\">La irradiaci\u00f3 de llum adquireix un paper important en les col\u00b7leccions Slide, que potencien l\u2019entrada de llum natural gr\u00e0cies a les propietats del polietil\u00e8. Reconeguts dissenyadors com Karim Rashid, Marcel Wanders, Paola Navone o Stefano Cappellini han col\u00b7laborat amb la marca.<\/p>\n<p style=\"font-size: 16px; text-align: left;\">Sota la garantia de qualitat del segell \u201cMade in Italy\u201d, els productes Slide s\u00f3n una garantia de qualitat i excel\u00b7l\u00e8ncia, ideals per ambientar \u00e0rees modernes siguin dom\u00e8stiques o publiques, interiors o exteriors.<\/p>\n<p style=\"font-size: 16px; text-align: left;\">A MIRSA interiorisme &#038; mobiliari disposem d\u2019un extens cat\u00e0leg de col\u00b7leccions Slide. Per a m\u00e9s informaci\u00f3, visiti el nostre Showroom o contacti amb nosaltres.<\/p>\n<p>[\/vc_column_text][vc_row_inner][vc_column_inner width=&#8221;1\/3&#8243;][\/vc_column_inner][vc_column_inner width=&#8221;1\/3&#8243;]<style type=\"text\/css\">#bklyn_btn_6a0920f9132bb .bklyn-btn { color:#ffffff !important; background-color:black !important; }<\/style><div id=\"bklyn_btn_6a0920f9132bb\" class=\"bklyn-btn-holder  bklyn-btn-center bklyn-btn-tablet-center bklyn-btn-mobile-center\"><a title=\"Contacto\"   href=\"\/contacto\" target=\"_self\" class=\"bklyn-btn  bklyn-btn-icon-left bklyn-btn-normal\" ><i class=\"fa fa-envelope\"><\/i><span class=\"ut-btn-text\">M\u00e9s informaci\u00f3<\/span><\/a><\/div>[\/vc_column_inner][vc_column_inner width=&#8221;1\/3&#8243;][\/vc_column_inner][\/vc_row_inner][\/vc_column][\/vc_row]<\/p>\n<\/div>","protected":false},"excerpt":{"rendered":"<p>[vc_row][vc_column][vc_column_text]Enrere[\/vc_column_text][\/vc_column][\/vc_row][vc_row][vc_column][vc_column_text] Slide \u00e9s una reconeguda firma que satisf\u00e0 les necessitats funcionals i est\u00e8tiques de la vida de la llar a trav\u00e9s de productes innovadors, mitjan\u00e7ant un disseny ir\u00f2nic i lleuger que crea sensaci\u00f3. La irradiaci\u00f3 de llum adquireix un paper important en les col\u00b7leccions Slide, que potencien l\u2019entrada de llum natural gr\u00e0cies a les propietats [&hellip;]<\/p>\n","protected":false},"author":1,"featured_media":0,"parent":0,"menu_order":0,"comment_status":"closed","ping_status":"closed","template":"","meta":{"footnotes":""},"class_list":["post-51548","page","type-page","status-publish","hentry"],"aioseo_notices":[],"_links":{"self":[{"href":"https:\/\/www.mirsa.es\/ca\/wp-json\/wp\/v2\/pages\/51548","targetHints":{"allow":["GET"]}}],"collection":[{"href":"https:\/\/www.mirsa.es\/ca\/wp-json\/wp\/v2\/pages"}],"about":[{"href":"https:\/\/www.mirsa.es\/ca\/wp-json\/wp\/v2\/types\/page"}],"author":[{"embeddable":true,"href":"https:\/\/www.mirsa.es\/ca\/wp-json\/wp\/v2\/users\/1"}],"replies":[{"embeddable":true,"href":"https:\/\/www.mirsa.es\/ca\/wp-json\/wp\/v2\/comments?post=51548"}],"version-history":[{"count":0,"href":"https:\/\/www.mirsa.es\/ca\/wp-json\/wp\/v2\/pages\/51548\/revisions"}],"wp:attachment":[{"href":"https:\/\/www.mirsa.es\/ca\/wp-json\/wp\/v2\/media?parent=51548"}],"curies":[{"name":"wp","href":"https:\/\/api.w.org\/{rel}","templated":true}]}}