{"id":51460,"date":"2017-12-14T13:11:02","date_gmt":"2017-12-14T12:11:02","guid":{"rendered":"http:\/\/www.mirsa.es.mialias.net\/archi-ligne-roset\/"},"modified":"2021-02-24T12:02:22","modified_gmt":"2021-02-24T12:02:22","slug":"archi-ligne-roset","status":"publish","type":"page","link":"https:\/\/www.mirsa.es\/ca\/archi-ligne-roset\/","title":{"rendered":"Butaca Archi Ligne Roset"},"content":{"rendered":"<div class=\"wpb-content-wrapper\"><p>[vc_row][vc_column][vc_column_text]<br \/>\n<img decoding=\"async\" class=\"wp-image-1077 size-large aligncenter\" title=\"Butaca Archi Ligne Roset\" src=\"\/wp-content\/uploads\/2020\/07\/butaca_archi_ligne_roset.jpg\" alt=\"Butaca Archi Ligne Roset\" width=\"100%\" height=\"400\"\/><\/p>\n<h2 style=\"font-size: 16px; text-align: left;\"><strong>La butaca Archi de Ligne Roset \u00e9s una espectacular pe\u00e7a de disseny contemporani que es caracteritza per la seva confortable estructura ergon\u00f2mica.<\/strong><\/h2>\n<p style=\"font-size: 16px; text-align: left;\">El gener\u00f3s angle d\u2019inclinaci\u00f3 brinda el suport perfecte per al cos de la pe\u00e7a. El respatller alt permet descansar el cap i l\u2019esquena. Disponible tamb\u00e9 amb o sense bra\u00e7os.<\/p>\n<p style=\"font-size: 16px; text-align: left;\">Archi ha estat patentat pel reconegut dissenyador franc\u00e8s Pierre Paulin, tot un referent en el m\u00f3n de l\u2019interiorisme.<\/p>\n<p style=\"font-size: 16px; text-align: left;\">Potes disponibles en laca negra, acer cromat brillant o fusta de cedre tenyit cirera. Per a m\u00e9s informaci\u00f3 sobre la col\u00b7lecci\u00f3, visiti la nostra exposici\u00f3 o contacti amb nosaltres.<\/p>\n<p>[\/vc_column_text][vc_row_inner][vc_column_inner]<style type=\"text\/css\">#bklyn_btn_69f2c9c4b4def .bklyn-btn { color:#ffffff !important; background-color:black !important; }<\/style><div id=\"bklyn_btn_69f2c9c4b4def\" class=\"bklyn-btn-holder  bklyn-btn-center bklyn-btn-tablet-center bklyn-btn-mobile-center\"><a title=\"Contacto\"   href=\"\/contacto\" target=\"_self\" class=\"bklyn-btn  bklyn-btn-icon-left bklyn-btn-normal\" ><i class=\"fa fa-envelope\"><\/i><span class=\"ut-btn-text\">M\u00e9s informaci\u00f3<\/span><\/a><\/div>[\/vc_column_inner][\/vc_row_inner][\/vc_column][\/vc_row]<\/p>\n<\/div>","protected":false},"excerpt":{"rendered":"<p>[vc_row][vc_column][vc_column_text] La butaca Archi de Ligne Roset \u00e9s una espectacular pe\u00e7a de disseny contemporani que es caracteritza per la seva confortable estructura ergon\u00f2mica. El gener\u00f3s angle d\u2019inclinaci\u00f3 brinda el suport perfecte per al cos de la pe\u00e7a. El respatller alt permet descansar el cap i l\u2019esquena. Disponible tamb\u00e9 amb o sense bra\u00e7os. Archi ha estat [&hellip;]<\/p>\n","protected":false},"author":1,"featured_media":0,"parent":0,"menu_order":0,"comment_status":"closed","ping_status":"closed","template":"","meta":{"footnotes":""},"class_list":["post-51460","page","type-page","status-publish","hentry"],"aioseo_notices":[],"_links":{"self":[{"href":"https:\/\/www.mirsa.es\/ca\/wp-json\/wp\/v2\/pages\/51460","targetHints":{"allow":["GET"]}}],"collection":[{"href":"https:\/\/www.mirsa.es\/ca\/wp-json\/wp\/v2\/pages"}],"about":[{"href":"https:\/\/www.mirsa.es\/ca\/wp-json\/wp\/v2\/types\/page"}],"author":[{"embeddable":true,"href":"https:\/\/www.mirsa.es\/ca\/wp-json\/wp\/v2\/users\/1"}],"replies":[{"embeddable":true,"href":"https:\/\/www.mirsa.es\/ca\/wp-json\/wp\/v2\/comments?post=51460"}],"version-history":[{"count":0,"href":"https:\/\/www.mirsa.es\/ca\/wp-json\/wp\/v2\/pages\/51460\/revisions"}],"wp:attachment":[{"href":"https:\/\/www.mirsa.es\/ca\/wp-json\/wp\/v2\/media?parent=51460"}],"curies":[{"name":"wp","href":"https:\/\/api.w.org\/{rel}","templated":true}]}}