{"id":51437,"date":"2018-11-17T19:25:59","date_gmt":"2018-11-17T18:25:59","guid":{"rendered":"http:\/\/www.mirsa.es.mialias.net\/silla-voxel-vondom\/"},"modified":"2021-02-24T10:36:00","modified_gmt":"2021-02-24T10:36:00","slug":"silla-voxel-vondom","status":"publish","type":"page","link":"https:\/\/www.mirsa.es\/ca\/silla-voxel-vondom\/","title":{"rendered":"Cadira Voxel Vondom"},"content":{"rendered":"<div class=\"wpb-content-wrapper\"><p>[vc_row][vc_column][vc_column_text]<\/p>\n<p><img decoding=\"async\" class=\"wp-image-1077 size-large aligncenter\" title=\"Cadira Voxel Vondom\" src=\"\/wp-content\/uploads\/2020\/08\/voxel_silla_vondom_portada.jpg\" alt=\"Cadira Voxel Vondom\" width=\"100%\" height=\"400\" \/><\/p>\n<h2 style=\"font-size: 16px; text-align: left;\"><strong>Voxel \u00e9s una cadira d\u2019estil contemporani dissenyada pel prestigi\u00f3s arquitecte Karim Rashid per a la firma Vondom.<\/strong><\/h2>\n<p style=\"font-size: 16px; text-align: left;\">La pe\u00e7a es caracteritza per la seva espectacular estructura arquitect\u00f2nica, composta per v\u00e8rtex angulars formats a trav\u00e9s d\u2019una innovadora t\u00e8cnica de modelat per injecci\u00f3.<\/p>\n<p style=\"font-size: 16px; text-align: left;\">L\u2019estructura ergon\u00f2mica ha estat dissenyada per a distribuir el pes de manera uniforme, garantint aix\u00ed la m\u00e0xima comoditat. Es tracta d\u2019una cadira apilable, lleugera i polivalent que encaixa a la perfecci\u00f3 en qualsevol tipus d\u2019espai.<\/p>\n<p style=\"font-size: 16px; text-align: left;\">A MIRSA interiorisme &#038; mobiliari som distribu\u00efdors oficials Vondom. Per a m\u00e9s informaci\u00f3, visiti el nostre Showroom o contacti amb nosaltres.\n<\/p>\n<p>[\/vc_column_text][vc_row_inner][vc_column_inner]<style type=\"text\/css\">#bklyn_btn_69f325a5db694 .bklyn-btn { color:#ffffff !important; background-color:black !important; }<\/style><div id=\"bklyn_btn_69f325a5db694\" class=\"bklyn-btn-holder  bklyn-btn-center bklyn-btn-tablet-center bklyn-btn-mobile-center\"><a title=\"Contacto\"   href=\"\/contacto\" target=\"_self\" class=\"bklyn-btn  bklyn-btn-icon-left bklyn-btn-normal\" ><i class=\"fa fa-envelope\"><\/i><span class=\"ut-btn-text\">M\u00e9s informaci\u00f3<\/span><\/a><\/div>[\/vc_column_inner][\/vc_row_inner][\/vc_column][\/vc_row]<\/p>\n<\/div>","protected":false},"excerpt":{"rendered":"<p>[vc_row][vc_column][vc_column_text] Voxel \u00e9s una cadira d\u2019estil contemporani dissenyada pel prestigi\u00f3s arquitecte Karim Rashid per a la firma Vondom. La pe\u00e7a es caracteritza per la seva espectacular estructura arquitect\u00f2nica, composta per v\u00e8rtex angulars formats a trav\u00e9s d\u2019una innovadora t\u00e8cnica de modelat per injecci\u00f3. L\u2019estructura ergon\u00f2mica ha estat dissenyada per a distribuir el pes de manera uniforme, [&hellip;]<\/p>\n","protected":false},"author":1,"featured_media":0,"parent":0,"menu_order":0,"comment_status":"closed","ping_status":"closed","template":"","meta":{"footnotes":""},"class_list":["post-51437","page","type-page","status-publish","hentry"],"aioseo_notices":[],"_links":{"self":[{"href":"https:\/\/www.mirsa.es\/ca\/wp-json\/wp\/v2\/pages\/51437","targetHints":{"allow":["GET"]}}],"collection":[{"href":"https:\/\/www.mirsa.es\/ca\/wp-json\/wp\/v2\/pages"}],"about":[{"href":"https:\/\/www.mirsa.es\/ca\/wp-json\/wp\/v2\/types\/page"}],"author":[{"embeddable":true,"href":"https:\/\/www.mirsa.es\/ca\/wp-json\/wp\/v2\/users\/1"}],"replies":[{"embeddable":true,"href":"https:\/\/www.mirsa.es\/ca\/wp-json\/wp\/v2\/comments?post=51437"}],"version-history":[{"count":0,"href":"https:\/\/www.mirsa.es\/ca\/wp-json\/wp\/v2\/pages\/51437\/revisions"}],"wp:attachment":[{"href":"https:\/\/www.mirsa.es\/ca\/wp-json\/wp\/v2\/media?parent=51437"}],"curies":[{"name":"wp","href":"https:\/\/api.w.org\/{rel}","templated":true}]}}