{"id":51419,"date":"2019-05-10T19:06:31","date_gmt":"2019-05-10T17:06:31","guid":{"rendered":"http:\/\/www.mirsa.es.mialias.net\/silla-venus-arketipo\/"},"modified":"2021-02-24T09:35:09","modified_gmt":"2021-02-24T09:35:09","slug":"silla-venus-arketipo","status":"publish","type":"page","link":"https:\/\/www.mirsa.es\/ca\/silla-venus-arketipo\/","title":{"rendered":"Cadira Venus Arketipo"},"content":{"rendered":"<div class=\"wpb-content-wrapper\"><p>[vc_row][vc_column][vc_column_text]<\/p>\n<p><img decoding=\"async\" class=\"wp-image-1077 size-large aligncenter\" title=\"Cadira Venus Arketipo\" src=\"\/wp-content\/uploads\/2021\/02\/venus_arketipo_silla.jpg\" alt=\"Cadira Venus Arketipo\" width=\"100%\" height=\"400\"\/><\/p>\n<h2 style=\"font-size: 16px; text-align: left;\"><strong>Venus de la firma Arketipo Firenze \u00e9s una espectacular cadira de disseny contemporani patentada pel prestigi\u00f3s dissenyador itali\u00e0 Mauro Lipparini.<\/strong><\/h2>\n<p style=\"font-size: 16px; text-align: left;\">Es tracta d\u2019una pe\u00e7a simple i rigorosa, que fuig dels formalismes m\u00e9s cl\u00e0ssics gr\u00e0cies a la seva innovadora base de tres potes.<\/p>\n<p style=\"font-size: 16px; text-align: left;\">El seient destaca pels seus volums sinuosos i acollidors de la seva estructura, que garanteixen la m\u00e0xima comoditat.<\/p>\n<p style=\"font-size: 16px; text-align: left;\">A MIRSA interiorisme &#038; mobiliari som distribu\u00efdors oficials Arketipo. Per a m\u00e9s informaci\u00f3, visiti el nostre Showroom o contacti amb nosaltres.\n<\/p>\n<p>[\/vc_column_text][vc_row_inner][vc_column_inner]<style type=\"text\/css\">#bklyn_btn_69f323917e8a5 .bklyn-btn { color:#ffffff !important; background-color:black !important; }<\/style><div id=\"bklyn_btn_69f323917e8a5\" class=\"bklyn-btn-holder  bklyn-btn-center bklyn-btn-tablet-center bklyn-btn-mobile-center\"><a title=\"Contacto\"   href=\"\/contacto\" target=\"_self\" class=\"bklyn-btn  bklyn-btn-icon-left bklyn-btn-normal\" ><i class=\"fa fa-envelope\"><\/i><span class=\"ut-btn-text\">M\u00e9s informaci\u00f3<\/span><\/a><\/div>[\/vc_column_inner][\/vc_row_inner][\/vc_column][\/vc_row]<\/p>\n<\/div>","protected":false},"excerpt":{"rendered":"<p>[vc_row][vc_column][vc_column_text] Venus de la firma Arketipo Firenze \u00e9s una espectacular cadira de disseny contemporani patentada pel prestigi\u00f3s dissenyador itali\u00e0 Mauro Lipparini. Es tracta d\u2019una pe\u00e7a simple i rigorosa, que fuig dels formalismes m\u00e9s cl\u00e0ssics gr\u00e0cies a la seva innovadora base de tres potes. El seient destaca pels seus volums sinuosos i acollidors de la seva [&hellip;]<\/p>\n","protected":false},"author":1,"featured_media":0,"parent":0,"menu_order":0,"comment_status":"closed","ping_status":"closed","template":"","meta":{"footnotes":""},"class_list":["post-51419","page","type-page","status-publish","hentry"],"aioseo_notices":[],"_links":{"self":[{"href":"https:\/\/www.mirsa.es\/ca\/wp-json\/wp\/v2\/pages\/51419","targetHints":{"allow":["GET"]}}],"collection":[{"href":"https:\/\/www.mirsa.es\/ca\/wp-json\/wp\/v2\/pages"}],"about":[{"href":"https:\/\/www.mirsa.es\/ca\/wp-json\/wp\/v2\/types\/page"}],"author":[{"embeddable":true,"href":"https:\/\/www.mirsa.es\/ca\/wp-json\/wp\/v2\/users\/1"}],"replies":[{"embeddable":true,"href":"https:\/\/www.mirsa.es\/ca\/wp-json\/wp\/v2\/comments?post=51419"}],"version-history":[{"count":0,"href":"https:\/\/www.mirsa.es\/ca\/wp-json\/wp\/v2\/pages\/51419\/revisions"}],"wp:attachment":[{"href":"https:\/\/www.mirsa.es\/ca\/wp-json\/wp\/v2\/media?parent=51419"}],"curies":[{"name":"wp","href":"https:\/\/api.w.org\/{rel}","templated":true}]}}