{"id":51383,"date":"2019-06-15T19:41:18","date_gmt":"2019-06-15T17:41:18","guid":{"rendered":"http:\/\/www.mirsa.es.mialias.net\/silla-sveva-porada\/"},"modified":"2021-02-23T17:13:23","modified_gmt":"2021-02-23T17:13:23","slug":"silla-sveva-porada","status":"publish","type":"page","link":"https:\/\/www.mirsa.es\/ca\/silla-sveva-porada\/","title":{"rendered":"Cadira Sveva Porada"},"content":{"rendered":"<div class=\"wpb-content-wrapper\"><p>[vc_row][vc_column][vc_column_text]<\/p>\n<p><img decoding=\"async\" class=\"wp-image-1077 size-large aligncenter\" title=\"Cadira Sveva Porada\" src=\"\/wp-content\/uploads\/2020\/07\/silla_sveva_porada.jpg\" alt=\"Cadira Sveva Porada\" width=\"100%\" height=\"400\"><\/p>\n<h2 style=\"font-size: 16px; text-align: left;\"><strong>Sveva \u00e9s una elegant i confortable cadira d\u2019estil contemporani patentada pels prestigiosos dissenyadors italians G. &#038; O. Buratti per a la firma Porada.<\/strong><\/h2>\n<p style=\"font-size: 16px; text-align: left;\">Gr\u00e0cies a la seva estructura ergon\u00f2mica Sveva s\u2019adapta amb facilitat al cos, repartint el pes entre la superf\u00edcie del respatller i garantint sempre la m\u00e0xima comoditat.<\/p>\n<p style=\"font-size: 16px; text-align: left;\">Es tracta d\u2019una pe\u00e7a en fusta massissa de freixe d\u2019alta qualitat, que ofereix una gran resist\u00e8ncia contra cops i ratllades<\/p>\n<p style=\"font-size: 16px; text-align: left;\">A MIRSA interiorisme &#038; mobiliari som distribu\u00efdors oficials Porada. Per a m\u00e9s informaci\u00f3 visiti el nostre Showroom o contacti amb nosaltres.<\/p>\n<p>[\/vc_column_text][vc_row_inner][vc_column_inner]<style type=\"text\/css\">#bklyn_btn_69d14b12d7da4 .bklyn-btn { color:#ffffff !important; background-color:black !important; }<\/style><div id=\"bklyn_btn_69d14b12d7da4\" class=\"bklyn-btn-holder  bklyn-btn-center bklyn-btn-tablet-center bklyn-btn-mobile-center\"><a title=\"Contacto\"   href=\"\/contacto\" target=\"_self\" class=\"bklyn-btn  bklyn-btn-icon-left bklyn-btn-normal\" ><i class=\"fa fa-envelope\"><\/i><span class=\"ut-btn-text\">M\u00e9s informaci\u00f3<\/span><\/a><\/div>[\/vc_column_inner][\/vc_row_inner][\/vc_column][\/vc_row]<\/p>\n<\/div>","protected":false},"excerpt":{"rendered":"<p>[vc_row][vc_column][vc_column_text] Sveva \u00e9s una elegant i confortable cadira d\u2019estil contemporani patentada pels prestigiosos dissenyadors italians G. &#038; O. Buratti per a la firma Porada. Gr\u00e0cies a la seva estructura ergon\u00f2mica Sveva s\u2019adapta amb facilitat al cos, repartint el pes entre la superf\u00edcie del respatller i garantint sempre la m\u00e0xima comoditat. Es tracta d\u2019una pe\u00e7a en [&hellip;]<\/p>\n","protected":false},"author":1,"featured_media":0,"parent":0,"menu_order":0,"comment_status":"closed","ping_status":"closed","template":"","meta":{"footnotes":""},"class_list":["post-51383","page","type-page","status-publish","hentry"],"aioseo_notices":[],"_links":{"self":[{"href":"https:\/\/www.mirsa.es\/ca\/wp-json\/wp\/v2\/pages\/51383","targetHints":{"allow":["GET"]}}],"collection":[{"href":"https:\/\/www.mirsa.es\/ca\/wp-json\/wp\/v2\/pages"}],"about":[{"href":"https:\/\/www.mirsa.es\/ca\/wp-json\/wp\/v2\/types\/page"}],"author":[{"embeddable":true,"href":"https:\/\/www.mirsa.es\/ca\/wp-json\/wp\/v2\/users\/1"}],"replies":[{"embeddable":true,"href":"https:\/\/www.mirsa.es\/ca\/wp-json\/wp\/v2\/comments?post=51383"}],"version-history":[{"count":0,"href":"https:\/\/www.mirsa.es\/ca\/wp-json\/wp\/v2\/pages\/51383\/revisions"}],"wp:attachment":[{"href":"https:\/\/www.mirsa.es\/ca\/wp-json\/wp\/v2\/media?parent=51383"}],"curies":[{"name":"wp","href":"https:\/\/api.w.org\/{rel}","templated":true}]}}