{"id":51368,"date":"2019-03-01T12:52:03","date_gmt":"2019-03-01T11:52:03","guid":{"rendered":"http:\/\/www.mirsa.es.mialias.net\/silla-sharky-kristalia\/"},"modified":"2021-02-23T16:16:55","modified_gmt":"2021-02-23T16:16:55","slug":"silla-sharky-kristalia","status":"publish","type":"page","link":"https:\/\/www.mirsa.es\/ca\/silla-sharky-kristalia\/","title":{"rendered":"Cadira Sharky Kristalia"},"content":{"rendered":"<div class=\"wpb-content-wrapper\"><p>[vc_row][vc_column][vc_column_text]<\/p>\n<h5><img decoding=\"async\" class=\"wp-image-1077 size-large aligncenter\" title=\"Cadira Sharky Kristalia\" src=\"\/wp-content\/uploads\/2020\/07\/sharky_kristalia.jpg\" alt\"Cadira Sharky Kristalia\" width=\"100%\" height=\"400\" \/><\/h5>\n<h2 style=\"font-size: 16px; text-align: left;\"><strong>Sharky de la firma italiana Kristalia \u00e9s una elegant cadira d\u2019estil contemporani patentada pel prestigi\u00f3s despatx d\u2019arquitectura liderat per Paster &#038; Geldmacher.<\/strong><\/h2>\n<p style=\"font-size: 16px; text-align: left;\">El seu nom s\u2019inspira en les dues aletes a la part posterior de la cadira, a l\u2019acoblament entre el marc i la base. L\u2019estructura es presenta en poliuret\u00e0, mentre que les potes estan constru\u00efdes mitjan\u00e7ant fusta de faig massissa o roure europeu.<\/p>\n<p style=\"font-size: 16px; text-align: left;\">Sharky pot complementar-se amb tela Kvadrat d\u2019alta qualitat, en una varietat de colors que permet una gran varietat de combinacions.<\/p>\n<p style=\"font-size: 16px; text-align: left;\">Al 2015 la col\u00b7lecci\u00f3 va ser guardonada amb el prestigi\u00f3s premi a la innovaci\u00f3 interior, atorgat pel Consell de disseny Alemany.<\/p>\n<p style=\"font-size: 16px; text-align: left;\">A MIRSA interiorisme &#038; mobiliari som distribu\u00efdors oficials Kristalia. Per a m\u00e9s informaci\u00f3, visiti el nostre Showroom o contacti amb nosaltres.\n<\/p>\n<p>[\/vc_column_text][vc_row_inner][vc_column_inner]<style type=\"text\/css\">#bklyn_btn_69f24cfa74225 .bklyn-btn { color:#ffffff !important; background-color:black !important; }<\/style><div id=\"bklyn_btn_69f24cfa74225\" class=\"bklyn-btn-holder  bklyn-btn-center bklyn-btn-tablet-center bklyn-btn-mobile-center\"><a title=\"Contacto\"   href=\"\/contacto\" target=\"_self\" class=\"bklyn-btn  bklyn-btn-icon-left bklyn-btn-normal\" ><i class=\"fa fa-envelope\"><\/i><span class=\"ut-btn-text\">M\u00e9s informaci\u00f3<\/span><\/a><\/div>[\/vc_column_inner][\/vc_row_inner][\/vc_column][\/vc_row]<\/p>\n<\/div>","protected":false},"excerpt":{"rendered":"<p>[vc_row][vc_column][vc_column_text] Sharky de la firma italiana Kristalia \u00e9s una elegant cadira d\u2019estil contemporani patentada pel prestigi\u00f3s despatx d\u2019arquitectura liderat per Paster &#038; Geldmacher. El seu nom s\u2019inspira en les dues aletes a la part posterior de la cadira, a l\u2019acoblament entre el marc i la base. L\u2019estructura es presenta en poliuret\u00e0, mentre que les potes [&hellip;]<\/p>\n","protected":false},"author":1,"featured_media":0,"parent":0,"menu_order":0,"comment_status":"closed","ping_status":"closed","template":"","meta":{"footnotes":""},"class_list":["post-51368","page","type-page","status-publish","hentry"],"aioseo_notices":[],"_links":{"self":[{"href":"https:\/\/www.mirsa.es\/ca\/wp-json\/wp\/v2\/pages\/51368","targetHints":{"allow":["GET"]}}],"collection":[{"href":"https:\/\/www.mirsa.es\/ca\/wp-json\/wp\/v2\/pages"}],"about":[{"href":"https:\/\/www.mirsa.es\/ca\/wp-json\/wp\/v2\/types\/page"}],"author":[{"embeddable":true,"href":"https:\/\/www.mirsa.es\/ca\/wp-json\/wp\/v2\/users\/1"}],"replies":[{"embeddable":true,"href":"https:\/\/www.mirsa.es\/ca\/wp-json\/wp\/v2\/comments?post=51368"}],"version-history":[{"count":0,"href":"https:\/\/www.mirsa.es\/ca\/wp-json\/wp\/v2\/pages\/51368\/revisions"}],"wp:attachment":[{"href":"https:\/\/www.mirsa.es\/ca\/wp-json\/wp\/v2\/media?parent=51368"}],"curies":[{"name":"wp","href":"https:\/\/api.w.org\/{rel}","templated":true}]}}