{"id":51362,"date":"2019-06-20T10:31:44","date_gmt":"2019-06-20T08:31:44","guid":{"rendered":"http:\/\/www.mirsa.es.mialias.net\/silla-serena-porada\/"},"modified":"2021-02-23T15:58:21","modified_gmt":"2021-02-23T15:58:21","slug":"silla-serena-porada","status":"publish","type":"page","link":"https:\/\/www.mirsa.es\/ca\/silla-serena-porada\/","title":{"rendered":"Cadira Serena Porada"},"content":{"rendered":"<div class=\"wpb-content-wrapper\"><p>[vc_row][vc_column][vc_column_text]<\/p>\n<h5><img decoding=\"async\" class=\"wp-image-1077 size-large aligncenter\" title=\"Cadira Serena Porada\" src=\"\/wp-content\/uploads\/2020\/07\/silla_serena_porada.jpg\" alt=\"Cadira Serena Porada\" width=\"100%\" height=\"400\" \/><\/h5>\n<h2 style=\"font-size: 16px; text-align: left;\"><strong>La cadira Serena \u00e9s una exclusiva pe\u00e7a d\u2019estil contemporani patentada pel prestigi\u00f3s dissenyador Emmanuel Gallina per a la firma italiana Porada.<\/strong><\/h2>\n<p style=\"font-size: 16px; text-align: left;\">Es tracta d\u2019una elegant i exclusiva cadira amb reposabra\u00e7os l\u2019estructura de la qual es presenta en fusta massissa de freixe.<\/p>\n<p style=\"font-size: 16px; text-align: left;\">Gr\u00e0cies a l\u2019\u00e0mplia varietat d\u2019entapissats del que disposa la firma, Serena ofereix m\u00faltiples opcions de personalitzaci\u00f3, adaptant-se amb facilitat a qualsevol mena d\u2019espai.<\/p>\n<p style=\"font-size: 16px; text-align: left;\">A MIRSA interiorisme &#038; mobiliari som distribu\u00efdors oficials Porada. Per a m\u00e9s informaci\u00f3, visiti el nostre Showroom o contacti amb nosaltres.<\/p>\n<p>[\/vc_column_text][vc_row_inner][vc_column_inner]<style type=\"text\/css\">#bklyn_btn_69d2a7a249d63 .bklyn-btn { color:#ffffff !important; background-color:black !important; }<\/style><div id=\"bklyn_btn_69d2a7a249d63\" class=\"bklyn-btn-holder  bklyn-btn-center bklyn-btn-tablet-center bklyn-btn-mobile-center\"><a title=\"Contacto\"   href=\"\/contacto\" target=\"_self\" class=\"bklyn-btn  bklyn-btn-icon-left bklyn-btn-normal\" ><i class=\"fa fa-envelope\"><\/i><span class=\"ut-btn-text\">M\u00e9s informaci\u00f3<\/span><\/a><\/div>[\/vc_column_inner][\/vc_row_inner][\/vc_column][\/vc_row]<\/p>\n<\/div>","protected":false},"excerpt":{"rendered":"<p>[vc_row][vc_column][vc_column_text] La cadira Serena \u00e9s una exclusiva pe\u00e7a d\u2019estil contemporani patentada pel prestigi\u00f3s dissenyador Emmanuel Gallina per a la firma italiana Porada. Es tracta d\u2019una elegant i exclusiva cadira amb reposabra\u00e7os l\u2019estructura de la qual es presenta en fusta massissa de freixe. Gr\u00e0cies a l\u2019\u00e0mplia varietat d\u2019entapissats del que disposa la firma, Serena ofereix m\u00faltiples [&hellip;]<\/p>\n","protected":false},"author":1,"featured_media":0,"parent":0,"menu_order":0,"comment_status":"closed","ping_status":"closed","template":"","meta":{"footnotes":""},"class_list":["post-51362","page","type-page","status-publish","hentry"],"aioseo_notices":[],"_links":{"self":[{"href":"https:\/\/www.mirsa.es\/ca\/wp-json\/wp\/v2\/pages\/51362","targetHints":{"allow":["GET"]}}],"collection":[{"href":"https:\/\/www.mirsa.es\/ca\/wp-json\/wp\/v2\/pages"}],"about":[{"href":"https:\/\/www.mirsa.es\/ca\/wp-json\/wp\/v2\/types\/page"}],"author":[{"embeddable":true,"href":"https:\/\/www.mirsa.es\/ca\/wp-json\/wp\/v2\/users\/1"}],"replies":[{"embeddable":true,"href":"https:\/\/www.mirsa.es\/ca\/wp-json\/wp\/v2\/comments?post=51362"}],"version-history":[{"count":0,"href":"https:\/\/www.mirsa.es\/ca\/wp-json\/wp\/v2\/pages\/51362\/revisions"}],"wp:attachment":[{"href":"https:\/\/www.mirsa.es\/ca\/wp-json\/wp\/v2\/media?parent=51362"}],"curies":[{"name":"wp","href":"https:\/\/api.w.org\/{rel}","templated":true}]}}