{"id":51336,"date":"2018-07-31T19:19:43","date_gmt":"2018-07-31T17:19:43","guid":{"rendered":"http:\/\/www.mirsa.es.mialias.net\/silla-pletra-lago\/"},"modified":"2021-02-23T10:40:46","modified_gmt":"2021-02-23T10:40:46","slug":"silla-pletra-lago","status":"publish","type":"page","link":"https:\/\/www.mirsa.es\/ca\/silla-pletra-lago\/","title":{"rendered":"Cadira Pletra Lago"},"content":{"rendered":"<div class=\"wpb-content-wrapper\"><p>[vc_row][vc_column][vc_column_text]<\/p>\n<h5><img decoding=\"async\" class=\"wp-image-1077 size-large aligncenter\" title=\"Cadira Pletra Lago\" src=\"\/wp-content\/uploads\/2020\/07\/silla_pletra_lago.jpg\" alt=\"Cadira Pletra Lago\" width=\"100%\" height=\"400\" \/><\/h5>\n<h2 style=\"font-size: 16px; text-align: left;\"><strong>Pletra de la firma italiana Lago \u00e9s una espectacular cadira de disseny contemporani que ofereix una \u00e0mplia gamma de colors, adaptant-se amb facilitat a qualsevol tipus d\u2019espai.<\/strong><\/h2>\n<p style=\"font-size: 16px; text-align: left;\">Es tracta d\u2019una cadira extremadament vers\u00e0til i polivalent que, gr\u00e0cies a la seva confortable estructura, garanteix la m\u00e0xima comoditat.<\/p>\n<p style=\"font-size: 16px; text-align: left;\">Gr\u00e0cies a la gran quantitat d\u2019acabats i colors que presenta, Pietra \u00e9s una pe\u00e7a amb \u00e0mplies possibilitats de combinaci\u00f3, trobant amb facilitat vincles amb l\u2019espai all\u00e0 on s\u2019instal\u00b7la.<\/p>\n<p style=\"font-size: 16px; text-align: left;\">A MIRSA interiorisme &#038; mobiliari disposem d\u2019una extensa col\u00b7lecci\u00f3 de productes Lago. Per a m\u00e9s informaci\u00f3, visiti el nostre Showroom o contacti amb nosaltres.<\/p>\n<p>[\/vc_column_text][vc_row_inner][vc_column_inner]<style type=\"text\/css\">#bklyn_btn_69d260b4c4e39 .bklyn-btn { color:#ffffff !important; background-color:black !important; }<\/style><div id=\"bklyn_btn_69d260b4c4e39\" class=\"bklyn-btn-holder  bklyn-btn-center bklyn-btn-tablet-center bklyn-btn-mobile-center\"><a title=\"Contacto\"   href=\"\/contacto\" target=\"_self\" class=\"bklyn-btn  bklyn-btn-icon-left bklyn-btn-normal\" ><i class=\"fa fa-envelope\"><\/i><span class=\"ut-btn-text\">M\u00e9s informaci\u00f3<\/span><\/a><\/div>[\/vc_column_inner][\/vc_row_inner][\/vc_column][\/vc_row]<\/p>\n<\/div>","protected":false},"excerpt":{"rendered":"<p>[vc_row][vc_column][vc_column_text] Pletra de la firma italiana Lago \u00e9s una espectacular cadira de disseny contemporani que ofereix una \u00e0mplia gamma de colors, adaptant-se amb facilitat a qualsevol tipus d\u2019espai. Es tracta d\u2019una cadira extremadament vers\u00e0til i polivalent que, gr\u00e0cies a la seva confortable estructura, garanteix la m\u00e0xima comoditat. Gr\u00e0cies a la gran quantitat d\u2019acabats i colors [&hellip;]<\/p>\n","protected":false},"author":1,"featured_media":0,"parent":0,"menu_order":0,"comment_status":"closed","ping_status":"closed","template":"","meta":{"footnotes":""},"class_list":["post-51336","page","type-page","status-publish","hentry"],"aioseo_notices":[],"_links":{"self":[{"href":"https:\/\/www.mirsa.es\/ca\/wp-json\/wp\/v2\/pages\/51336","targetHints":{"allow":["GET"]}}],"collection":[{"href":"https:\/\/www.mirsa.es\/ca\/wp-json\/wp\/v2\/pages"}],"about":[{"href":"https:\/\/www.mirsa.es\/ca\/wp-json\/wp\/v2\/types\/page"}],"author":[{"embeddable":true,"href":"https:\/\/www.mirsa.es\/ca\/wp-json\/wp\/v2\/users\/1"}],"replies":[{"embeddable":true,"href":"https:\/\/www.mirsa.es\/ca\/wp-json\/wp\/v2\/comments?post=51336"}],"version-history":[{"count":0,"href":"https:\/\/www.mirsa.es\/ca\/wp-json\/wp\/v2\/pages\/51336\/revisions"}],"wp:attachment":[{"href":"https:\/\/www.mirsa.es\/ca\/wp-json\/wp\/v2\/media?parent=51336"}],"curies":[{"name":"wp","href":"https:\/\/api.w.org\/{rel}","templated":true}]}}